{"id":22296,"date":"2019-04-30T06:22:54","date_gmt":"2019-04-30T04:22:54","guid":{"rendered":"https:\/\/www.loskadolina.info\/about-the-institute\/"},"modified":"2026-05-05T11:25:37","modified_gmt":"2026-05-05T09:25:37","slug":"about-the-institute","status":"publish","type":"page","link":"https:\/\/www.loskadolina.info\/en\/about-the-institute\/","title":{"rendered":"About the institute"},"content":{"rendered":"\t\t<div data-elementor-type=\"wp-post\" data-elementor-id=\"22296\" class=\"elementor elementor-22296 elementor-69\" data-elementor-post-type=\"page\">\n\t\t\t\t<div class=\"aux-parallax-section elementor-element elementor-element-f029b7c e-flex e-con-boxed e-con e-parent\" data-id=\"f029b7c\" data-element_type=\"container\" data-e-type=\"container\" data-settings=\"{&quot;background_background&quot;:&quot;classic&quot;}\">\n\t\t\t\t\t<div class=\"e-con-inner\">\n\t\t<div class=\"elementor-element elementor-element-782e5e0 e-con-full e-flex e-con e-child\" data-id=\"782e5e0\" data-element_type=\"container\" data-e-type=\"container\">\n\t\t\t\t<div class=\"elementor-element elementor-element-7050e76 elementor-widget elementor-widget-aux_touch_slider\" data-id=\"7050e76\" data-element_type=\"widget\" data-e-type=\"widget\" data-widget_type=\"aux_touch_slider.default\">\n\t\t\t\t<div class=\"elementor-widget-container\">\n\t\t\t\t\t<section class=\"widget-container aux-widget-touch-slider aux-widget-post-slider aux-parent-au8ff291b7\"><div class=\"master-carousel-slider aux-latest-posts-slider aux-no-js aux-light-skin\" data-empty-height=\"1000\" data-navigation=\"peritem\" data-space=\"0\" data-auto-height=\"true\" data-delay=\"\" data-loop=\"yes\" data-autoplay=\"\">        <div class=\"aux-mc-item\" >\n                <div class=\"aux-slide-media\">\n                    <div class=\"aux-media-frame aux-media-image\"><img fetchpriority=\"high\" decoding=\"async\" width=\"1000\" height=\"1000\" src=\"https:\/\/www.loskadolina.info\/wp-content\/uploads\/2026\/02\/tic-foto-scaled-1000x1000.jpg\" class=\"auxin-attachment attachment-1000x1000\" alt=\"tic foto\" \/><\/div>\n                <\/div>\n                    <\/div>\n\n        <div class=\"aux-mc-item\" >\n                <div class=\"aux-slide-media\">\n                    <div class=\"aux-media-frame aux-media-image\"><img decoding=\"async\" width=\"1000\" height=\"1000\" src=\"https:\/\/www.loskadolina.info\/wp-content\/uploads\/2026\/02\/LoskaDolina-interior-3-scaled-1000x1000.jpg\" class=\"auxin-attachment attachment-1000x1000\" alt=\"LoskaDolina-interior-3\" \/><\/div>\n                <\/div>\n                    <\/div>\n\n        <div class=\"aux-mc-item\" >\n                <div class=\"aux-slide-media\">\n                    <div class=\"aux-media-frame aux-media-image\"><img decoding=\"async\" width=\"1000\" height=\"1000\" src=\"https:\/\/www.loskadolina.info\/wp-content\/uploads\/2026\/02\/blagovna-znamka-in-tic1-scaled-1000x1000.jpg\" class=\"auxin-attachment attachment-1000x1000\" alt=\"blagovna znamka in tic1\" \/><\/div>\n                <\/div>\n                    <\/div>\n\n        <div class=\"aux-mc-item\" >\n                <div class=\"aux-slide-media\">\n                    <div class=\"aux-media-frame aux-media-image\"><img loading=\"lazy\" decoding=\"async\" width=\"1000\" height=\"1000\" src=\"https:\/\/www.loskadolina.info\/wp-content\/uploads\/2026\/03\/LoD_profile_image_1080x1080_apr_25-1000x1000.jpg\" class=\"auxin-attachment attachment-1000x1000\" alt=\"Logotip Lo\u0161ke doline z grafiko\" \/><\/div>\n                <\/div>\n                    <\/div>\n\n        <div class=\"aux-next-arrow aux-arrow-nav aux-white aux-round aux-hover-slide\">\n            <span class=\"aux-overlay\"><\/span>\n            <span class=\"aux-svg-arrow aux-medium-right\"><\/span>\n            <span class=\"aux-hover-arrow aux-svg-arrow aux-medium-right\"><\/span>\n        <\/div>\n        <div class=\"aux-prev-arrow aux-arrow-nav aux-white aux-round aux-hover-slide\">\n            <span class=\"aux-overlay\"><\/span>\n            <span class=\"aux-svg-arrow aux-medium-left\"><\/span>\n            <span class=\"aux-hover-arrow aux-svg-arrow aux-medium-left\"><\/span>\n        <\/div>\n<\/div><!-- aux-col-wrapper --><\/section><!-- widget-container -->\t\t\t\t<\/div>\n\t\t\t\t<\/div>\n\t\t\t\t<\/div>\n\t\t<div class=\"elementor-element elementor-element-14f6e46 e-con-full e-flex e-con e-child\" data-id=\"14f6e46\" data-element_type=\"container\" data-e-type=\"container\">\n\t\t\t\t<div class=\"elementor-element elementor-element-e7157c6 aux-appear-watch-animation aux-fade-in-up elementor-widget elementor-widget-aux_modern_heading\" data-id=\"e7157c6\" data-element_type=\"widget\" data-e-type=\"widget\" data-widget_type=\"aux_modern_heading.default\">\n\t\t\t\t<div class=\"elementor-widget-container\">\n\t\t\t\t\t<section class=\"aux-widget-modern-heading\">\n            <div class=\"aux-widget-inner\"><p class=\"aux-modern-heading-primary\">\n\n\n\n\n<\/p><h2 class=\"aux-modern-heading-secondary\"><span class=\"aux-head-before\">Public Institute for Culture, Tourism, and Intergenerational Cooperation Sne\u017enik<\/span><\/h2><\/div>\n        <\/section>\t\t\t\t<\/div>\n\t\t\t\t<\/div>\n\t\t\t\t<div class=\"elementor-element elementor-element-31ec04b aux-appear-watch-animation aux-fade-in-up elementor-widget elementor-widget-text-editor\" data-id=\"31ec04b\" data-element_type=\"widget\" data-e-type=\"widget\" data-widget_type=\"text-editor.default\">\n\t\t\t\t<div class=\"elementor-widget-container\">\n\t\t\t\t\t\t\t\t\t<p>In 2007, the Municipality of Lo\u0161ka dolina established the Sne\u017enik Castle Public Institute for Culture and Tourism. The Institute carried out activities in the fields of culture and tourism, and organised numerous cultural, educational, and social events. By the Decree on amendments and additions to the decree establishing the public institute in the field of culture and tourism in the Municipality of Lo\u0161ka dolina, adopted by the municipal council on 2. 4. 2015, the institute was renamed the Sne\u017enik Public Institute for Culture, Tourism and Intergenerational Cooperation, and also took over activities in the field of intergenerational cooperation.<\/p>\t\t\t\t\t\t\t\t<\/div>\n\t\t\t\t<\/div>\n\t\t\t\t<div class=\"elementor-element elementor-element-236eb86 aux-appear-watch-animation aux-fade-in-up podatkioobcini elementor-widget elementor-widget-aux_modern_heading\" data-id=\"236eb86\" data-element_type=\"widget\" data-e-type=\"widget\" data-widget_type=\"aux_modern_heading.default\">\n\t\t\t\t<div class=\"elementor-widget-container\">\n\t\t\t\t\t<section class=\"aux-widget-modern-heading\">\n            <div class=\"aux-widget-inner\"><p class=\"aux-modern-heading-primary\">\n\n\n\n\n<\/p><h2 class=\"aux-modern-heading-secondary\"><span class=\"aux-head-before\">Institute details<\/span><\/h2><div class=\"aux-modern-heading-description\"><p>No. of employees: <strong>6<\/strong><br>Director: <strong>Zdenko Truden<\/strong> <\/p><p>E: <a href=\"mailto:zdenko.truden@zavod-sneznik.si\">zdenko.truden@zavod-sneznik.si <\/a> <\/p><p>Tax number: <strong>42944511<\/strong> <br>Registration number: <strong>2307677000<\/strong> <br>Transaction account: <strong>IBAN SI56 0126 5600 0000 086<\/strong>, Banka Slovenije<\/p><h4><b>TIC Lo\u0161ka dolina<\/b><\/h4><p>Cesta Notranjskega odreda 24 <br>1386 Stari trg pri Lo\u017eu <\/p><p>T: <a href=\"tel:+386%2081%20602%20853\">+386 (0)81 602 853<\/a><br>T:<a href=\"tel:+386%2041%20634%20224\"> +386 (0)41 634 224<\/a><br>E: <a href=\"mailto:tic.loz@zavod-sneznik.si\">tic.loz@zavod-sneznik.si<\/a><\/p><h4><b>MGC Gaber<\/b><\/h4><p>Cesta Notranjskega odreda 45b<br>1386 Stari trg pri Lo\u017eu<\/p><p>T: <a href=\"mailto:%20+386%20(0)1%20705%2006%2071\">+386 (0)1 705 06 71<\/a><br>E: <a href=\"mailto:spela.mgc@zavod-sneznik.si\">spela.mgc@zavod-sneznik.si<\/a><\/p><\/div><\/div>\n        <\/section>\t\t\t\t<\/div>\n\t\t\t\t<\/div>\n\t\t\t\t<\/div>\n\t\t<div class=\"elementor-element elementor-element-261faf5 e-con-full e-flex e-con e-child\" data-id=\"261faf5\" data-element_type=\"container\" data-e-type=\"container\">\n\t\t\t\t<div class=\"elementor-element elementor-element-713aca8 aux-appear-watch-animation aux-fade-in-up elementor-widget elementor-widget-aux_modern_heading\" data-id=\"713aca8\" data-element_type=\"widget\" data-e-type=\"widget\" data-widget_type=\"aux_modern_heading.default\">\n\t\t\t\t<div class=\"elementor-widget-container\">\n\t\t\t\t\t<section class=\"aux-widget-modern-heading\">\n            <div class=\"aux-widget-inner\"><p class=\"aux-modern-heading-primary\">\n\n\n\n\n<\/p><h2 class=\"aux-modern-heading-secondary\"><span class=\"aux-head-before\">Personal data protection\/Data Protection Officer<\/span><\/h2><div class=\"aux-modern-heading-description\"><p><i>In accordance with the provisions of Article 37 of Regulation (EU) 2016\/679 of the European Parliament and of the Council of 27 April 2016, we have appointed the following company as the Data Protection Officer:<br><\/i><i><br><\/i>DATAINFO.SI, d.o.o.<br>Tr\u017ea\u0161ka cesta 85, SI-2000 Maribor<br><a href=\"http:\/\/www.datainfo.si\">www.datainfo.si<\/a><br>T: <a href=\"mailto:%20+386%20(0)2%20620%204%20300\">+386 (0)2 620 4 300<\/a><br>E: <a href=\"mailto:dpo@datainfo.si\">dpo@datainfo.si<\/a><\/p><\/div><\/div>\n        <\/section>\t\t\t\t<\/div>\n\t\t\t\t<\/div>\n\t\t\t\t<div class=\"elementor-element elementor-element-62e9d03 aux-appear-watch-animation aux-fade-in-up elementor-widget elementor-widget-aux_modern_heading\" data-id=\"62e9d03\" data-element_type=\"widget\" data-e-type=\"widget\" data-widget_type=\"aux_modern_heading.default\">\n\t\t\t\t<div class=\"elementor-widget-container\">\n\t\t\t\t\t<section class=\"aux-widget-modern-heading\">\n            <div class=\"aux-widget-inner\"><p class=\"aux-modern-heading-primary\">\n\n\n\n\n<\/p><h2 class=\"aux-modern-heading-secondary\"><span class=\"aux-head-before\">Public information<\/span><\/h2><div class=\"aux-modern-heading-description\"><p>Official responsible for the provision of public information:<\/p><p><b>Zdenko Truden, direktor<\/b><\/p><p>T: <a href=\"mailto:%20+386%20(0)41%20634%20224\">+386 (0)41 634 224<\/a> <br>E: <a href=\"mailto:zdenko.truden@zavod-sneznik.si\">zdenko.truden@zavod-sneznik.si<\/a><\/p><\/div><\/div>\n        <\/section>\t\t\t\t<\/div>\n\t\t\t\t<\/div>\n\t\t\t\t<div class=\"elementor-element elementor-element-e42aa6b elementor-hidden-desktop elementor-hidden-tablet elementor-hidden-mobile elementor-widget elementor-widget-aux_accordion\" data-id=\"e42aa6b\" data-element_type=\"widget\" data-e-type=\"widget\" data-widget_type=\"aux_accordion.default\">\n\t\t\t\t<div class=\"elementor-widget-container\">\n\t\t\t\t\t<section class=\"widget-container aux-widget-accordion widget-toggle aux-parent-au3d8d658b\" style=\"\" ><div class=\"widget-inner  aux-type-accordion\" data-toggle=\"false\"><section class=\"aux-toggle-item\"><h5 id=\"aux-toggle-header-2391\" class=\"aux-toggle-header toggle-header\" tabindex=\"2391\" role=\"tab\" aria-controls=\"aux-toggle-content-2391\" >Founding documents<\/h5><div id=\"aux-toggle-content-2391\" class=\"aux-toggle-content toggle-content\" tabindex=\"2391\" role=\"tabpanel\" aria-labelledby=\"aux-toggle-header-2391\" ><p><a href=\"https:\/\/loskadolina.info\/wp-content\/uploads\/2026\/02\/Odlok-o-ustanovitvi-Javnega-zavoda-za-kulturo-in-turizem-grad-Sneznik-2007.pdf.pdf\" target=\"_blank\" rel=\"noopener\">Founding Decree<\/a><\/p><p><a href=\"https:\/\/loskadolina.info\/wp-content\/uploads\/2026\/02\/Statut-JZ-Sneznik.pdf\" target=\"_blank\" rel=\"noopener\">Statute Rules of Procedure<\/a><\/p><p><a href=\"https:\/\/loskadolina.info\/wp-content\/uploads\/2026\/02\/Poslovnika-Sveta-JZ-Sneznik.pdf\" target=\"_blank\" rel=\"noopener\">Rules of Procedure<\/a><\/p><p><a href=\"https:\/\/loskadolina.info\/wp-content\/uploads\/2026\/02\/Strateski-nacrt-JZ-Sneznik-2022-2027pdf.pdf\" target=\"_blank\" rel=\"noopener\">Strategic Plan<\/a><\/p><\/div><\/section><section class=\"aux-toggle-item\"><h5 id=\"aux-toggle-header-2392\" class=\"aux-toggle-header toggle-header\" tabindex=\"2392\" role=\"tab\" aria-controls=\"aux-toggle-content-2392\" >Annual reports<\/h5><div id=\"aux-toggle-content-2392\" class=\"aux-toggle-content toggle-content\" tabindex=\"2392\" role=\"tabpanel\" aria-labelledby=\"aux-toggle-header-2392\" ><p><div class=\"elementor-element elementor-element-2c1fdb9 elementor-widget elementor-widget-text-editor\" data-id=\"2c1fdb9\" data-element_type=\"widget\" data-e-type=\"widget\" data-widget_type=\"text-editor.default\">\u00a0<\/p><p>Annual Report 2023<\/p><div class=\"elementor-widget-container\"><p>Annual Report 2024<\/p><p>Annual Report 2025<\/div><\/div><\/p><\/div><\/section><section class=\"aux-toggle-item\"><h5 id=\"aux-toggle-header-2393\" class=\"aux-toggle-header toggle-header\" tabindex=\"2393\" role=\"tab\" aria-controls=\"aux-toggle-content-2393\" >Gaber Intergenerational Centre <\/h5><div id=\"aux-toggle-content-2393\" class=\"aux-toggle-content toggle-content\" tabindex=\"2393\" role=\"tabpanel\" aria-labelledby=\"aux-toggle-header-2393\" ><p><a href=\"https:\/\/loskadolina.info\/wp-content\/uploads\/2026\/02\/Cenik-MGC.pdf\" target=\"_blank\" rel=\"noopener\">Price list<\/a><\/p><p><a href=\"https:\/\/loskadolina.info\/wp-content\/uploads\/2026\/02\/Pravilnik-o-uporabi-Medgeneracijskega-centra-Gaber.pdf\" target=\"_blank\" rel=\"noopener\">Rules of use<\/a><\/p><p><a href=\"https:\/\/loskadolina.info\/wp-content\/uploads\/2026\/02\/Vloga-za-uporabo-prostorov.pdf\" target=\"_blank\" rel=\"noopener\">Application for the use of premises<\/a><\/p><\/div><\/section><section class=\"aux-toggle-item\"><h5 id=\"aux-toggle-header-2394\" class=\"aux-toggle-header toggle-header\" tabindex=\"2394\" role=\"tab\" aria-controls=\"aux-toggle-content-2394\" >Rent a Bike<\/h5><div id=\"aux-toggle-content-2394\" class=\"aux-toggle-content toggle-content\" tabindex=\"2394\" role=\"tabpanel\" aria-labelledby=\"aux-toggle-header-2394\" ><p><a href=\"https:\/\/loskadolina.info\/wp-content\/uploads\/2026\/02\/Vloga-za-najem-e-koles_JZS.pdf\" target=\"_blank\" rel=\"noopener\">Rental application<\/a><\/p><p><a href=\"https:\/\/loskadolina.info\/wp-content\/uploads\/2026\/02\/Standardni-operativni-postopek-za-izposojo-koles-.pdf\" target=\"_blank\" rel=\"noopener\">Standard operating procedure<\/a><\/p><p><a href=\"https:\/\/loskadolina.info\/wp-content\/uploads\/2026\/02\/Splosni-pogoji-najema-e-kolesa_JZS_2026.pdf\" target=\"_blank\" rel=\"noopener\">General terms and conditions<\/a><\/p><p><a href=\"https:\/\/loskadolina.info\/wp-content\/uploads\/2026\/02\/Cenik-izposoje-e-koles2026_DDV.pdf\" target=\"_blank\" rel=\"noopener\">Price list<\/a><\/p><\/div><\/section><section class=\"aux-toggle-item\"><h5 id=\"aux-toggle-header-2395\" class=\"aux-toggle-header toggle-header\" tabindex=\"2395\" role=\"tab\" aria-controls=\"aux-toggle-content-2395\" >Local tourist guides<\/h5><div id=\"aux-toggle-content-2395\" class=\"aux-toggle-content toggle-content\" tabindex=\"2395\" role=\"tabpanel\" aria-labelledby=\"aux-toggle-header-2395\" ><p><a href=\"https:\/\/loskadolina.info\/wp-content\/uploads\/2026\/02\/obrazec-evidenca-vodenj-Loska-dolina.pdf\" target=\"_blank\" rel=\"noopener\">Guiding record form<\/a><\/p><p><a href=\"https:\/\/loskadolina.info\/wp-content\/uploads\/2026\/02\/obrazec-prijava-v-register-Loska-dolina.pdf\" target=\"_blank\" rel=\"noopener\">Registration for the Lo\u0161ka dolina register<\/a><\/p><p><a href=\"https:\/\/loskadolina.info\/wp-content\/uploads\/2026\/02\/O-D-L-O-K-o-lokalni-turisticni-vodniski-sluzbi_2024.pdf\" target=\"_blank\" rel=\"noopener\">Decree on the local tourist guiding service<\/a><\/p><\/div><\/section><\/div><\/section><!-- widget-container -->\t\t\t\t<\/div>\n\t\t\t\t<\/div>\n\t\t\t\t<\/div>\n\t\t\t\t\t<\/div>\n\t\t\t\t<\/div>\n\t\t\t\t<\/div>\n\t\t","protected":false},"excerpt":{"rendered":"<p>Public Institute for Culture, Tourism, and Intergenerational Cooperation Sne\u017enik In 2007, the Municipality of Lo\u0161ka dolina established the Sne\u017enik Castle Public Institute for Culture and Tourism. The Institute carried out activities in the fields of culture and tourism, and organised numerous cultural, educational, and social events. By the Decree on amendments and additions to the [&hellip;]<\/p>\n","protected":false},"author":1,"featured_media":0,"parent":0,"menu_order":67,"comment_status":"closed","ping_status":"closed","template":"templates\/page-builder-content.php","meta":{"footnotes":""},"class_list":["post-22296","page","type-page","status-publish","hentry"],"yoast_head":"<!-- This site is optimized with the Yoast SEO plugin v27.5 - https:\/\/yoast.com\/product\/yoast-seo-wordpress\/ -->\n<title>About the institute - Lo\u0161ka dolina<\/title>\n<meta name=\"robots\" content=\"index, follow, max-snippet:-1, max-image-preview:large, max-video-preview:-1\" \/>\n<link rel=\"canonical\" href=\"https:\/\/www.loskadolina.info\/en\/about-the-institute\/\" \/>\n<meta property=\"og:locale\" content=\"en_US\" \/>\n<meta property=\"og:type\" content=\"article\" \/>\n<meta property=\"og:title\" content=\"About the institute - Lo\u0161ka dolina\" \/>\n<meta property=\"og:description\" content=\"Public Institute for Culture, Tourism, and Intergenerational Cooperation Sne\u017enik In 2007, the Municipality of Lo\u0161ka dolina established the Sne\u017enik Castle Public Institute for Culture and Tourism. The Institute carried out activities in the fields of culture and tourism, and organised numerous cultural, educational, and social events. By the Decree on amendments and additions to the [&hellip;]\" \/>\n<meta property=\"og:url\" content=\"https:\/\/www.loskadolina.info\/en\/about-the-institute\/\" \/>\n<meta property=\"og:site_name\" content=\"Lo\u0161ka dolina\" \/>\n<meta property=\"article:publisher\" content=\"https:\/\/www.facebook.com\/p\/Javni-zavod-Snenik-100064559271460\/\" \/>\n<meta property=\"article:modified_time\" content=\"2026-05-05T09:25:37+00:00\" \/>\n<meta property=\"og:image\" content=\"https:\/\/www.loskadolina.info\/wp-content\/uploads\/2026\/02\/tic-foto-scaled-1000x1000.jpg\" \/>\n<meta name=\"twitter:card\" content=\"summary_large_image\" \/>\n<meta name=\"twitter:label1\" content=\"Est. reading time\" \/>\n\t<meta name=\"twitter:data1\" content=\"3 minutes\" \/>\n<script type=\"application\/ld+json\" class=\"yoast-schema-graph\">{\"@context\":\"https:\\\/\\\/schema.org\",\"@graph\":[{\"@type\":\"WebPage\",\"@id\":\"https:\\\/\\\/www.loskadolina.info\\\/en\\\/about-the-institute\\\/\",\"url\":\"https:\\\/\\\/www.loskadolina.info\\\/en\\\/about-the-institute\\\/\",\"name\":\"About the institute - Lo\u0161ka dolina\",\"isPartOf\":{\"@id\":\"https:\\\/\\\/www.loskadolina.info\\\/en\\\/#website\"},\"primaryImageOfPage\":{\"@id\":\"https:\\\/\\\/www.loskadolina.info\\\/en\\\/about-the-institute\\\/#primaryimage\"},\"image\":{\"@id\":\"https:\\\/\\\/www.loskadolina.info\\\/en\\\/about-the-institute\\\/#primaryimage\"},\"thumbnailUrl\":\"https:\\\/\\\/www.loskadolina.info\\\/wp-content\\\/uploads\\\/2026\\\/02\\\/tic-foto-scaled-1000x1000.jpg\",\"datePublished\":\"2019-04-30T04:22:54+00:00\",\"dateModified\":\"2026-05-05T09:25:37+00:00\",\"breadcrumb\":{\"@id\":\"https:\\\/\\\/www.loskadolina.info\\\/en\\\/about-the-institute\\\/#breadcrumb\"},\"inLanguage\":\"en-US\",\"potentialAction\":[{\"@type\":\"ReadAction\",\"target\":[\"https:\\\/\\\/www.loskadolina.info\\\/en\\\/about-the-institute\\\/\"]}]},{\"@type\":\"ImageObject\",\"inLanguage\":\"en-US\",\"@id\":\"https:\\\/\\\/www.loskadolina.info\\\/en\\\/about-the-institute\\\/#primaryimage\",\"url\":\"https:\\\/\\\/www.loskadolina.info\\\/wp-content\\\/uploads\\\/2026\\\/02\\\/tic-foto-scaled-1000x1000.jpg\",\"contentUrl\":\"https:\\\/\\\/www.loskadolina.info\\\/wp-content\\\/uploads\\\/2026\\\/02\\\/tic-foto-scaled-1000x1000.jpg\"},{\"@type\":\"BreadcrumbList\",\"@id\":\"https:\\\/\\\/www.loskadolina.info\\\/en\\\/about-the-institute\\\/#breadcrumb\",\"itemListElement\":[{\"@type\":\"ListItem\",\"position\":1,\"name\":\"Domov\",\"item\":\"https:\\\/\\\/www.loskadolina.info\\\/en\\\/\"},{\"@type\":\"ListItem\",\"position\":2,\"name\":\"About the institute\"}]},{\"@type\":\"WebSite\",\"@id\":\"https:\\\/\\\/www.loskadolina.info\\\/en\\\/#website\",\"url\":\"https:\\\/\\\/www.loskadolina.info\\\/en\\\/\",\"name\":\"Lo\u0161ka dolina\",\"description\":\"\",\"publisher\":{\"@id\":\"https:\\\/\\\/www.loskadolina.info\\\/en\\\/#organization\"},\"alternateName\":\"Javni zavod za kulturo, turizem in medgeneracijsko sodelovanje Sne\u017enik\",\"potentialAction\":[{\"@type\":\"SearchAction\",\"target\":{\"@type\":\"EntryPoint\",\"urlTemplate\":\"https:\\\/\\\/www.loskadolina.info\\\/en\\\/?s={search_term_string}\"},\"query-input\":{\"@type\":\"PropertyValueSpecification\",\"valueRequired\":true,\"valueName\":\"search_term_string\"}}],\"inLanguage\":\"en-US\"},{\"@type\":\"Organization\",\"@id\":\"https:\\\/\\\/www.loskadolina.info\\\/en\\\/#organization\",\"name\":\"Javni zavod Sne\u017enik\",\"alternateName\":\"Javni zavod za kulturo, turizem in medgeneracijsko sodelovanje Sne\u017enik\",\"url\":\"https:\\\/\\\/www.loskadolina.info\\\/en\\\/\",\"logo\":{\"@type\":\"ImageObject\",\"inLanguage\":\"en-US\",\"@id\":\"https:\\\/\\\/www.loskadolina.info\\\/en\\\/#\\\/schema\\\/logo\\\/image\\\/\",\"url\":\"https:\\\/\\\/www.loskadolina.info\\\/wp-content\\\/uploads\\\/2025\\\/05\\\/logo.svg\",\"contentUrl\":\"https:\\\/\\\/www.loskadolina.info\\\/wp-content\\\/uploads\\\/2025\\\/05\\\/logo.svg\",\"width\":371,\"height\":115,\"caption\":\"Javni zavod Sne\u017enik\"},\"image\":{\"@id\":\"https:\\\/\\\/www.loskadolina.info\\\/en\\\/#\\\/schema\\\/logo\\\/image\\\/\"},\"sameAs\":[\"https:\\\/\\\/www.facebook.com\\\/p\\\/Javni-zavod-Snenik-100064559271460\\\/\",\"https:\\\/\\\/www.instagram.com\\\/loskadolina\\\/\"]}]}<\/script>\n<!-- \/ Yoast SEO plugin. -->","yoast_head_json":{"title":"About the institute - Lo\u0161ka dolina","robots":{"index":"index","follow":"follow","max-snippet":"max-snippet:-1","max-image-preview":"max-image-preview:large","max-video-preview":"max-video-preview:-1"},"canonical":"https:\/\/www.loskadolina.info\/en\/about-the-institute\/","og_locale":"en_US","og_type":"article","og_title":"About the institute - Lo\u0161ka dolina","og_description":"Public Institute for Culture, Tourism, and Intergenerational Cooperation Sne\u017enik In 2007, the Municipality of Lo\u0161ka dolina established the Sne\u017enik Castle Public Institute for Culture and Tourism. The Institute carried out activities in the fields of culture and tourism, and organised numerous cultural, educational, and social events. By the Decree on amendments and additions to the [&hellip;]","og_url":"https:\/\/www.loskadolina.info\/en\/about-the-institute\/","og_site_name":"Lo\u0161ka dolina","article_publisher":"https:\/\/www.facebook.com\/p\/Javni-zavod-Snenik-100064559271460\/","article_modified_time":"2026-05-05T09:25:37+00:00","og_image":[{"url":"https:\/\/www.loskadolina.info\/wp-content\/uploads\/2026\/02\/tic-foto-scaled-1000x1000.jpg","type":"","width":"","height":""}],"twitter_card":"summary_large_image","twitter_misc":{"Est. reading time":"3 minutes"},"schema":{"@context":"https:\/\/schema.org","@graph":[{"@type":"WebPage","@id":"https:\/\/www.loskadolina.info\/en\/about-the-institute\/","url":"https:\/\/www.loskadolina.info\/en\/about-the-institute\/","name":"About the institute - Lo\u0161ka dolina","isPartOf":{"@id":"https:\/\/www.loskadolina.info\/en\/#website"},"primaryImageOfPage":{"@id":"https:\/\/www.loskadolina.info\/en\/about-the-institute\/#primaryimage"},"image":{"@id":"https:\/\/www.loskadolina.info\/en\/about-the-institute\/#primaryimage"},"thumbnailUrl":"https:\/\/www.loskadolina.info\/wp-content\/uploads\/2026\/02\/tic-foto-scaled-1000x1000.jpg","datePublished":"2019-04-30T04:22:54+00:00","dateModified":"2026-05-05T09:25:37+00:00","breadcrumb":{"@id":"https:\/\/www.loskadolina.info\/en\/about-the-institute\/#breadcrumb"},"inLanguage":"en-US","potentialAction":[{"@type":"ReadAction","target":["https:\/\/www.loskadolina.info\/en\/about-the-institute\/"]}]},{"@type":"ImageObject","inLanguage":"en-US","@id":"https:\/\/www.loskadolina.info\/en\/about-the-institute\/#primaryimage","url":"https:\/\/www.loskadolina.info\/wp-content\/uploads\/2026\/02\/tic-foto-scaled-1000x1000.jpg","contentUrl":"https:\/\/www.loskadolina.info\/wp-content\/uploads\/2026\/02\/tic-foto-scaled-1000x1000.jpg"},{"@type":"BreadcrumbList","@id":"https:\/\/www.loskadolina.info\/en\/about-the-institute\/#breadcrumb","itemListElement":[{"@type":"ListItem","position":1,"name":"Domov","item":"https:\/\/www.loskadolina.info\/en\/"},{"@type":"ListItem","position":2,"name":"About the institute"}]},{"@type":"WebSite","@id":"https:\/\/www.loskadolina.info\/en\/#website","url":"https:\/\/www.loskadolina.info\/en\/","name":"Lo\u0161ka dolina","description":"","publisher":{"@id":"https:\/\/www.loskadolina.info\/en\/#organization"},"alternateName":"Javni zavod za kulturo, turizem in medgeneracijsko sodelovanje Sne\u017enik","potentialAction":[{"@type":"SearchAction","target":{"@type":"EntryPoint","urlTemplate":"https:\/\/www.loskadolina.info\/en\/?s={search_term_string}"},"query-input":{"@type":"PropertyValueSpecification","valueRequired":true,"valueName":"search_term_string"}}],"inLanguage":"en-US"},{"@type":"Organization","@id":"https:\/\/www.loskadolina.info\/en\/#organization","name":"Javni zavod Sne\u017enik","alternateName":"Javni zavod za kulturo, turizem in medgeneracijsko sodelovanje Sne\u017enik","url":"https:\/\/www.loskadolina.info\/en\/","logo":{"@type":"ImageObject","inLanguage":"en-US","@id":"https:\/\/www.loskadolina.info\/en\/#\/schema\/logo\/image\/","url":"https:\/\/www.loskadolina.info\/wp-content\/uploads\/2025\/05\/logo.svg","contentUrl":"https:\/\/www.loskadolina.info\/wp-content\/uploads\/2025\/05\/logo.svg","width":371,"height":115,"caption":"Javni zavod Sne\u017enik"},"image":{"@id":"https:\/\/www.loskadolina.info\/en\/#\/schema\/logo\/image\/"},"sameAs":["https:\/\/www.facebook.com\/p\/Javni-zavod-Snenik-100064559271460\/","https:\/\/www.instagram.com\/loskadolina\/"]}]}},"_links":{"self":[{"href":"https:\/\/www.loskadolina.info\/en\/wp-json\/wp\/v2\/pages\/22296","targetHints":{"allow":["GET"]}}],"collection":[{"href":"https:\/\/www.loskadolina.info\/en\/wp-json\/wp\/v2\/pages"}],"about":[{"href":"https:\/\/www.loskadolina.info\/en\/wp-json\/wp\/v2\/types\/page"}],"author":[{"embeddable":true,"href":"https:\/\/www.loskadolina.info\/en\/wp-json\/wp\/v2\/users\/1"}],"replies":[{"embeddable":true,"href":"https:\/\/www.loskadolina.info\/en\/wp-json\/wp\/v2\/comments?post=22296"}],"version-history":[{"count":13,"href":"https:\/\/www.loskadolina.info\/en\/wp-json\/wp\/v2\/pages\/22296\/revisions"}],"predecessor-version":[{"id":22309,"href":"https:\/\/www.loskadolina.info\/en\/wp-json\/wp\/v2\/pages\/22296\/revisions\/22309"}],"wp:attachment":[{"href":"https:\/\/www.loskadolina.info\/en\/wp-json\/wp\/v2\/media?parent=22296"}],"curies":[{"name":"wp","href":"https:\/\/api.w.org\/{rel}","templated":true}]}}