{"id":21530,"date":"2026-01-20T11:49:41","date_gmt":"2026-01-20T10:49:41","guid":{"rendered":"https:\/\/www.loskadolina.info\/turizem-jure-2\/"},"modified":"2026-04-30T14:21:21","modified_gmt":"2026-04-30T12:21:21","slug":"turizem-jure-2","status":"publish","type":"page","link":"https:\/\/www.loskadolina.info\/en\/turizem-jure-2\/","title":{"rendered":"Turizem Jure"},"content":{"rendered":"\t\t<div data-elementor-type=\"wp-page\" data-elementor-id=\"21530\" class=\"elementor elementor-21530 elementor-11382\" data-elementor-post-type=\"page\">\n\t\t\t\t<div class=\"aux-parallax-section elementor-element elementor-element-45a6b286 e-flex e-con-boxed e-con e-parent\" data-id=\"45a6b286\" data-element_type=\"container\" data-e-type=\"container\">\n\t\t\t\t\t<div class=\"e-con-inner\">\n\t\t<div class=\"elementor-element elementor-element-16052110 e-con-full e-flex e-con e-child\" data-id=\"16052110\" data-element_type=\"container\" data-e-type=\"container\">\n\t\t\t\t<div class=\"elementor-element elementor-element-71f46510 elementor-widget elementor-widget-aux_featured_image\" data-id=\"71f46510\" data-element_type=\"widget\" data-e-type=\"widget\" data-widget_type=\"aux_featured_image.default\">\n\t\t\t\t<div class=\"elementor-widget-container\">\n\t\t\t\t\t<div class=\"aux-media-frame aux-media-image\"><img fetchpriority=\"high\" decoding=\"async\" width=\"1024\" height=\"1024\" src=\"https:\/\/www.loskadolina.info\/wp-content\/uploads\/2026\/03\/TIC-stari-Trg-krvavice-28-1024x1024.jpg\" class=\"aux-attachment aux-featured-image attachment-1024x1024 aux-attachment-id-21414 \" alt=\"Krvavice (blood sausages) \u2013 Turizem Jure\" srcset=\"https:\/\/www.loskadolina.info\/wp-content\/uploads\/2026\/03\/TIC-stari-Trg-krvavice-28-150x150.jpg 150w,https:\/\/www.loskadolina.info\/wp-content\/uploads\/2026\/03\/TIC-stari-Trg-krvavice-28-300x300.jpg 300w,https:\/\/www.loskadolina.info\/wp-content\/uploads\/2026\/03\/TIC-stari-Trg-krvavice-28-768x768.jpg 768w,https:\/\/www.loskadolina.info\/wp-content\/uploads\/2026\/03\/TIC-stari-Trg-krvavice-28-1024x1024.jpg 1024w,https:\/\/www.loskadolina.info\/wp-content\/uploads\/2026\/03\/TIC-stari-Trg-krvavice-28-1024x1024.jpg 1024w,https:\/\/www.loskadolina.info\/wp-content\/uploads\/2026\/03\/TIC-stari-Trg-krvavice-28-1722x1722.jpg 1722w\" data-ratio=\"1\" data-original-w=\"1732\" sizes=\"(max-width:479px) 480px,(max-width:767px) 768px,(max-width:1023px) 1024px,1024px\" \/><\/div>\t\t\t\t<\/div>\n\t\t\t\t<\/div>\n\t\t\t\t<\/div>\n\t\t<div class=\"elementor-element elementor-element-140f208b e-con-full e-flex e-con e-child\" data-id=\"140f208b\" data-element_type=\"container\" data-e-type=\"container\">\n\t\t<div class=\"elementor-element elementor-element-735268a8 e-con-full e-flex e-con e-child\" data-id=\"735268a8\" data-element_type=\"container\" data-e-type=\"container\">\n\t\t\t\t<div class=\"elementor-element elementor-element-37521630 elementor-widget elementor-widget-theme-post-title elementor-page-title elementor-widget-heading\" data-id=\"37521630\" data-element_type=\"widget\" data-e-type=\"widget\" data-widget_type=\"theme-post-title.default\">\n\t\t\t\t<div class=\"elementor-widget-container\">\n\t\t\t\t\t<h1 class=\"elementor-heading-title elementor-size-default\">Turizem Jure<\/h1>\t\t\t\t<\/div>\n\t\t\t\t<\/div>\n\t\t\t\t<div class=\"elementor-element elementor-element-7ab7f8f6 elementor-widget elementor-widget-text-editor\" data-id=\"7ab7f8f6\" data-element_type=\"widget\" data-e-type=\"widget\" data-widget_type=\"text-editor.default\">\n\t\t\t\t<div class=\"elementor-widget-container\">\n\t\t\t\t\t\t\t\t\t<p>Turizem Jure treats its guests to t<strong>raditional and local seasonal specialties,<\/strong> prepared from fresh and carefully selected ingredients. In addition to delicious dishes, they also offer <strong>homemade teas, compotes, and spirits<\/strong> which complement the authentic culinary experience. All service is provided upon prior notice, with food being prepared <strong>for groups of up to 30 people<\/strong>, so that every visit can be tailored to the wishes and number of guests, ensuring a pleasant and intimate atmosphere.  <br><br>Turizem Jure thus creates a unique combination of home hospitality and local cuisine, allowing visitors to taste the authentic flavours of their area.<br><br>You can also rent an<a href=\"https:\/\/www.loskadolina.info\/en\/turizem-jure\/\"> apartment <\/a>or an <a href=\"https:\/\/www.loskadolina.info\/en\/experiences\/overnight-wildlife-watching\/\">overnight observatory<\/a>.<\/p><p><strong>Turizem Jure, Jure Kordi\u0161<\/strong><br>Dolenje Poljane 3<br>1386 Stari trg pri Lo\u017eu<\/p><p><a href=\"tel:+386%20(0)41%20810%20596\">T: +386 (0)41 810 596<\/a><br><a href=\"mailto:turizem.jure@gmail.com\">E: turizem.jure@gmail.com<\/a><\/p>\t\t\t\t\t\t\t\t<\/div>\n\t\t\t\t<\/div>\n\t\t\t\t<\/div>\n\t\t\t\t<\/div>\n\t\t\t\t\t<\/div>\n\t\t\t\t<\/div>\n\t\t<div class=\"aux-parallax-section elementor-element elementor-element-c7ca1fb e-con-full e-flex e-con e-parent\" data-id=\"c7ca1fb\" data-element_type=\"container\" data-e-type=\"container\" data-settings=\"{&quot;background_background&quot;:&quot;classic&quot;}\">\n\t\t\t\t<div class=\"elementor-element elementor-element-4a70ce64 elementor-arrows-position-inside elementor-widget elementor-widget-image-carousel\" data-id=\"4a70ce64\" data-element_type=\"widget\" data-e-type=\"widget\" data-settings=\"{&quot;slides_to_show&quot;:&quot;6&quot;,&quot;navigation&quot;:&quot;arrows&quot;,&quot;image_spacing_custom&quot;:{&quot;unit&quot;:&quot;px&quot;,&quot;size&quot;:15,&quot;sizes&quot;:[]},&quot;slides_to_show_mobile&quot;:&quot;2&quot;,&quot;autoplay&quot;:&quot;yes&quot;,&quot;pause_on_hover&quot;:&quot;yes&quot;,&quot;pause_on_interaction&quot;:&quot;yes&quot;,&quot;autoplay_speed&quot;:5000,&quot;infinite&quot;:&quot;yes&quot;,&quot;speed&quot;:500,&quot;image_spacing_custom_tablet&quot;:{&quot;unit&quot;:&quot;px&quot;,&quot;size&quot;:&quot;&quot;,&quot;sizes&quot;:[]},&quot;image_spacing_custom_mobile&quot;:{&quot;unit&quot;:&quot;px&quot;,&quot;size&quot;:&quot;&quot;,&quot;sizes&quot;:[]}}\" data-widget_type=\"image-carousel.default\">\n\t\t\t\t<div class=\"elementor-widget-container\">\n\t\t\t\t\t\t\t<div class=\"elementor-image-carousel-wrapper swiper\" role=\"region\" aria-roledescription=\"carousel\" aria-label=\"Image Carousel\" dir=\"ltr\">\n\t\t\t<div class=\"elementor-image-carousel swiper-wrapper\" aria-live=\"off\">\n\t\t\t\t\t\t\t\t<div class=\"swiper-slide\" role=\"group\" aria-roledescription=\"slide\" aria-label=\"1 of 8\"><a data-elementor-open-lightbox=\"yes\" data-elementor-lightbox-slideshow=\"4a70ce64\" data-elementor-lightbox-title=\"Photo: Simon Avsec\" data-e-action-hash=\"#elementor-action%3Aaction%3Dlightbox%26settings%3DeyJpZCI6MjE0MTQsInVybCI6Imh0dHBzOlwvXC93d3cubG9za2Fkb2xpbmEuaW5mb1wvd3AtY29udGVudFwvdXBsb2Fkc1wvMjAyNlwvMDNcL1RJQy1zdGFyaS1Ucmcta3J2YXZpY2UtMjguanBnIiwic2xpZGVzaG93IjoiNGE3MGNlNjQifQ%3D%3D\" href=\"https:\/\/www.loskadolina.info\/wp-content\/uploads\/2026\/03\/TIC-stari-Trg-krvavice-28.jpg\"><figure class=\"swiper-slide-inner\"><img decoding=\"async\" class=\"swiper-slide-image\" src=\"https:\/\/www.loskadolina.info\/wp-content\/uploads\/2026\/03\/TIC-stari-Trg-krvavice-28-300x300.jpg\" alt=\"Krvavice (blood sausages) \u2013 Turizem Jure\" \/><\/figure><\/a><\/div><div class=\"swiper-slide\" role=\"group\" aria-roledescription=\"slide\" aria-label=\"2 of 8\"><a data-elementor-open-lightbox=\"yes\" data-elementor-lightbox-slideshow=\"4a70ce64\" data-e-action-hash=\"#elementor-action%3Aaction%3Dlightbox%26settings%3DeyJpZCI6MjE0OTcsInVybCI6Imh0dHBzOlwvXC93d3cubG9za2Fkb2xpbmEuaW5mb1wvd3AtY29udGVudFwvdXBsb2Fkc1wvMjAyNlwvMDJcL1R1cml6ZW0tSnVyZS0xLXNjYWxlZC5qcGciLCJzbGlkZXNob3ciOiI0YTcwY2U2NCJ9\" href=\"https:\/\/www.loskadolina.info\/wp-content\/uploads\/2026\/02\/Turizem-Jure-1-scaled.jpg\"><figure class=\"swiper-slide-inner\"><img decoding=\"async\" class=\"swiper-slide-image\" src=\"https:\/\/www.loskadolina.info\/wp-content\/uploads\/2026\/02\/Turizem-Jure-1-300x300.jpg\" alt=\"\" \/><\/figure><\/a><\/div><div class=\"swiper-slide\" role=\"group\" aria-roledescription=\"slide\" aria-label=\"3 of 8\"><a data-elementor-open-lightbox=\"yes\" data-elementor-lightbox-slideshow=\"4a70ce64\" data-e-action-hash=\"#elementor-action%3Aaction%3Dlightbox%26settings%3DeyJpZCI6MjE1MzEsInVybCI6Imh0dHBzOlwvXC93d3cubG9za2Fkb2xpbmEuaW5mb1wvd3AtY29udGVudFwvdXBsb2Fkc1wvMjAyNlwvMDFcL1R1cml6ZW0tSnVyZS0yLXNjYWxlZC5qcGciLCJzbGlkZXNob3ciOiI0YTcwY2U2NCJ9\" href=\"https:\/\/www.loskadolina.info\/wp-content\/uploads\/2026\/01\/Turizem-Jure-2-scaled.jpg\"><figure class=\"swiper-slide-inner\"><img decoding=\"async\" class=\"swiper-slide-image\" src=\"https:\/\/www.loskadolina.info\/wp-content\/uploads\/2026\/01\/Turizem-Jure-2-300x300.jpg\" alt=\"Jota (traditional bean and sauerkraut stew) \u2013 Turizem Jure\" \/><\/figure><\/a><\/div><div class=\"swiper-slide\" role=\"group\" aria-roledescription=\"slide\" aria-label=\"4 of 8\"><a data-elementor-open-lightbox=\"yes\" data-elementor-lightbox-slideshow=\"4a70ce64\" data-e-action-hash=\"#elementor-action%3Aaction%3Dlightbox%26settings%3DeyJpZCI6MjE1MzIsInVybCI6Imh0dHBzOlwvXC93d3cubG9za2Fkb2xpbmEuaW5mb1wvd3AtY29udGVudFwvdXBsb2Fkc1wvMjAyNlwvMDFcL1R1cml6ZW0tSnVyZS0zLmpwZyIsInNsaWRlc2hvdyI6IjRhNzBjZTY0In0%3D\" href=\"https:\/\/www.loskadolina.info\/wp-content\/uploads\/2026\/01\/Turizem-Jure-3.jpg\"><figure class=\"swiper-slide-inner\"><img decoding=\"async\" class=\"swiper-slide-image\" src=\"https:\/\/www.loskadolina.info\/wp-content\/uploads\/2026\/01\/Turizem-Jure-3-300x300.jpg\" alt=\"Pastries \u2013 Turizem Jure\" \/><\/figure><\/a><\/div><div class=\"swiper-slide\" role=\"group\" aria-roledescription=\"slide\" aria-label=\"5 of 8\"><a data-elementor-open-lightbox=\"yes\" data-elementor-lightbox-slideshow=\"4a70ce64\" data-elementor-lightbox-title=\"Foto: Edvard \u0160ega\" data-e-action-hash=\"#elementor-action%3Aaction%3Dlightbox%26settings%3DeyJpZCI6MjE1MzMsInVybCI6Imh0dHBzOlwvXC93d3cubG9za2Fkb2xpbmEuaW5mb1wvd3AtY29udGVudFwvdXBsb2Fkc1wvMjAyNlwvMDNcL1R1cml6ZW0tSnVyZS1wb3ppbWlfRWR2YXJkLVNlZ2EuanBnIiwic2xpZGVzaG93IjoiNGE3MGNlNjQifQ%3D%3D\" href=\"https:\/\/www.loskadolina.info\/wp-content\/uploads\/2026\/03\/Turizem-Jure-pozimi_Edvard-Sega.jpg\"><figure class=\"swiper-slide-inner\"><img decoding=\"async\" class=\"swiper-slide-image\" src=\"https:\/\/www.loskadolina.info\/wp-content\/uploads\/2026\/03\/Turizem-Jure-pozimi_Edvard-Sega-300x300.jpg\" alt=\"Turizem Jure in winter \u2013 Gornje Poljane\" \/><\/figure><\/a><\/div><div class=\"swiper-slide\" role=\"group\" aria-roledescription=\"slide\" aria-label=\"6 of 8\"><a data-elementor-open-lightbox=\"yes\" data-elementor-lightbox-slideshow=\"4a70ce64\" data-elementor-lightbox-title=\"Foto: Marjan Kapele\" data-e-action-hash=\"#elementor-action%3Aaction%3Dlightbox%26settings%3DeyJpZCI6MjEyOTgsInVybCI6Imh0dHBzOlwvXC93d3cubG9za2Fkb2xpbmEuaW5mb1wvd3AtY29udGVudFwvdXBsb2Fkc1wvMjAyNlwvMDFcL0dvcm5qZS1Qb2xqYW5lX01hcmphbi1LYXBlbGUtMS1zY2FsZWQuanBnIiwic2xpZGVzaG93IjoiNGE3MGNlNjQifQ%3D%3D\" href=\"https:\/\/www.loskadolina.info\/wp-content\/uploads\/2026\/01\/Gornje-Poljane_Marjan-Kapele-1-scaled.jpg\"><figure class=\"swiper-slide-inner\"><img decoding=\"async\" class=\"swiper-slide-image\" src=\"https:\/\/www.loskadolina.info\/wp-content\/uploads\/2026\/01\/Gornje-Poljane_Marjan-Kapele-1-300x300.jpg\" alt=\"Foto: Marjan Kapele\" \/><\/figure><\/a><\/div><div class=\"swiper-slide\" role=\"group\" aria-roledescription=\"slide\" aria-label=\"7 of 8\"><a data-elementor-open-lightbox=\"yes\" data-elementor-lightbox-slideshow=\"4a70ce64\" data-elementor-lightbox-title=\"Photo: Bla\u017e \u017dnidar\u0161i\u010d\" data-e-action-hash=\"#elementor-action%3Aaction%3Dlightbox%26settings%3DeyJpZCI6MjE1MzQsInVybCI6Imh0dHBzOlwvXC93d3cubG9za2Fkb2xpbmEuaW5mb1wvd3AtY29udGVudFwvdXBsb2Fkc1wvMjAyNlwvMDNcL09wYXpvdmFsbmljYV9mb3RvLUJsYXotWm5pZGFyc2ljLmpwZyIsInNsaWRlc2hvdyI6IjRhNzBjZTY0In0%3D\" href=\"https:\/\/www.loskadolina.info\/wp-content\/uploads\/2026\/03\/Opazovalnica_foto-Blaz-Znidarsic.jpg\"><figure class=\"swiper-slide-inner\"><img decoding=\"async\" class=\"swiper-slide-image\" src=\"https:\/\/www.loskadolina.info\/wp-content\/uploads\/2026\/03\/Opazovalnica_foto-Blaz-Znidarsic-300x300.jpg\" alt=\"Overnight wildlife observation hide \u2013 Gornje Poljane\" \/><\/figure><\/a><\/div><div class=\"swiper-slide\" role=\"group\" aria-roledescription=\"slide\" aria-label=\"8 of 8\"><a data-elementor-open-lightbox=\"yes\" data-elementor-lightbox-slideshow=\"4a70ce64\" data-elementor-lightbox-title=\"Photo: Bla\u017e \u017dnidar\u0161i\u010d\" data-e-action-hash=\"#elementor-action%3Aaction%3Dlightbox%26settings%3DeyJpZCI6MjE1MzUsInVybCI6Imh0dHBzOlwvXC93d3cubG9za2Fkb2xpbmEuaW5mb1wvd3AtY29udGVudFwvdXBsb2Fkc1wvMjAyNlwvMDRcL01fODUwODYwMy0yLXNjYWxlZC5qcGciLCJzbGlkZXNob3ciOiI0YTcwY2U2NCJ9\" href=\"https:\/\/www.loskadolina.info\/wp-content\/uploads\/2026\/04\/M_8508603-2-scaled.jpg\"><figure class=\"swiper-slide-inner\"><img decoding=\"async\" class=\"swiper-slide-image\" src=\"https:\/\/www.loskadolina.info\/wp-content\/uploads\/2026\/04\/M_8508603-2-300x300.jpg\" alt=\"Interior of an observation post \u2013 Overnight wildlife watching\" \/><\/figure><\/a><\/div>\t\t\t<\/div>\n\t\t\t\t\t\t\t\t\t\t\t\t<div class=\"elementor-swiper-button elementor-swiper-button-prev\" role=\"button\" tabindex=\"0\">\n\t\t\t\t\t\t<i aria-hidden=\"true\" class=\"eicon-chevron-left\"><\/i>\t\t\t\t\t<\/div>\n\t\t\t\t\t<div class=\"elementor-swiper-button elementor-swiper-button-next\" role=\"button\" tabindex=\"0\">\n\t\t\t\t\t\t<i aria-hidden=\"true\" class=\"eicon-chevron-right\"><\/i>\t\t\t\t\t<\/div>\n\t\t\t\t\n\t\t\t\t\t\t\t\t\t<\/div>\n\t\t\t\t\t\t<\/div>\n\t\t\t\t<\/div>\n\t\t\t\t<\/div>\n\t\t\t\t<\/div>\n\t\t","protected":false},"excerpt":{"rendered":"<p>Turizem Jure treats its guests to traditional and local seasonal specialties, prepared from fresh and carefully selected ingredients. In addition to delicious dishes, they also offer homemade teas, compotes, and spirits which complement the authentic culinary experience. All service is provided upon prior notice, with food being prepared for groups of up to 30 people, [&hellip;]<\/p>\n","protected":false},"author":1,"featured_media":21414,"parent":0,"menu_order":28,"comment_status":"closed","ping_status":"closed","template":"","meta":{"footnotes":""},"class_list":["post-21530","page","type-page","status-publish","has-post-thumbnail","hentry"],"yoast_head":"<!-- This site is optimized with the Yoast SEO plugin v27.5 - https:\/\/yoast.com\/product\/yoast-seo-wordpress\/ -->\n<title>Turizem Jure - Lo\u0161ka dolina<\/title>\n<meta name=\"robots\" content=\"index, follow, max-snippet:-1, max-image-preview:large, max-video-preview:-1\" \/>\n<link rel=\"canonical\" href=\"https:\/\/www.loskadolina.info\/en\/turizem-jure-2\/\" \/>\n<meta property=\"og:locale\" content=\"en_US\" \/>\n<meta property=\"og:type\" content=\"article\" \/>\n<meta property=\"og:title\" content=\"Turizem Jure - Lo\u0161ka dolina\" \/>\n<meta property=\"og:description\" content=\"Turizem Jure treats its guests to traditional and local seasonal specialties, prepared from fresh and carefully selected ingredients. In addition to delicious dishes, they also offer homemade teas, compotes, and spirits which complement the authentic culinary experience. All service is provided upon prior notice, with food being prepared for groups of up to 30 people, [&hellip;]\" \/>\n<meta property=\"og:url\" content=\"https:\/\/www.loskadolina.info\/en\/turizem-jure-2\/\" \/>\n<meta property=\"og:site_name\" content=\"Lo\u0161ka dolina\" \/>\n<meta property=\"article:publisher\" content=\"https:\/\/www.facebook.com\/p\/Javni-zavod-Snenik-100064559271460\/\" \/>\n<meta property=\"article:modified_time\" content=\"2026-04-30T12:21:21+00:00\" \/>\n<meta property=\"og:image\" content=\"https:\/\/www.loskadolina.info\/wp-content\/uploads\/2026\/03\/TIC-stari-Trg-krvavice-28.jpg\" \/>\n\t<meta property=\"og:image:width\" content=\"1732\" \/>\n\t<meta property=\"og:image:height\" content=\"1154\" \/>\n\t<meta property=\"og:image:type\" content=\"image\/jpeg\" \/>\n<meta name=\"twitter:card\" content=\"summary_large_image\" \/>\n<meta name=\"twitter:label1\" content=\"Est. reading time\" \/>\n\t<meta name=\"twitter:data1\" content=\"3 minutes\" \/>\n<script type=\"application\/ld+json\" class=\"yoast-schema-graph\">{\"@context\":\"https:\\\/\\\/schema.org\",\"@graph\":[{\"@type\":\"WebPage\",\"@id\":\"https:\\\/\\\/www.loskadolina.info\\\/en\\\/turizem-jure-2\\\/\",\"url\":\"https:\\\/\\\/www.loskadolina.info\\\/en\\\/turizem-jure-2\\\/\",\"name\":\"Turizem Jure - Lo\u0161ka dolina\",\"isPartOf\":{\"@id\":\"https:\\\/\\\/www.loskadolina.info\\\/en\\\/#website\"},\"primaryImageOfPage\":{\"@id\":\"https:\\\/\\\/www.loskadolina.info\\\/en\\\/turizem-jure-2\\\/#primaryimage\"},\"image\":{\"@id\":\"https:\\\/\\\/www.loskadolina.info\\\/en\\\/turizem-jure-2\\\/#primaryimage\"},\"thumbnailUrl\":\"https:\\\/\\\/www.loskadolina.info\\\/wp-content\\\/uploads\\\/2026\\\/03\\\/TIC-stari-Trg-krvavice-28.jpg\",\"datePublished\":\"2026-01-20T10:49:41+00:00\",\"dateModified\":\"2026-04-30T12:21:21+00:00\",\"breadcrumb\":{\"@id\":\"https:\\\/\\\/www.loskadolina.info\\\/en\\\/turizem-jure-2\\\/#breadcrumb\"},\"inLanguage\":\"en-US\",\"potentialAction\":[{\"@type\":\"ReadAction\",\"target\":[\"https:\\\/\\\/www.loskadolina.info\\\/en\\\/turizem-jure-2\\\/\"]}]},{\"@type\":\"ImageObject\",\"inLanguage\":\"en-US\",\"@id\":\"https:\\\/\\\/www.loskadolina.info\\\/en\\\/turizem-jure-2\\\/#primaryimage\",\"url\":\"https:\\\/\\\/www.loskadolina.info\\\/wp-content\\\/uploads\\\/2026\\\/03\\\/TIC-stari-Trg-krvavice-28.jpg\",\"contentUrl\":\"https:\\\/\\\/www.loskadolina.info\\\/wp-content\\\/uploads\\\/2026\\\/03\\\/TIC-stari-Trg-krvavice-28.jpg\",\"width\":1732,\"height\":1154,\"caption\":\"Krvavice (blood sausages) \u2013 Turizem Jure\"},{\"@type\":\"BreadcrumbList\",\"@id\":\"https:\\\/\\\/www.loskadolina.info\\\/en\\\/turizem-jure-2\\\/#breadcrumb\",\"itemListElement\":[{\"@type\":\"ListItem\",\"position\":1,\"name\":\"Domov\",\"item\":\"https:\\\/\\\/www.loskadolina.info\\\/en\\\/\"},{\"@type\":\"ListItem\",\"position\":2,\"name\":\"Turizem Jure\"}]},{\"@type\":\"WebSite\",\"@id\":\"https:\\\/\\\/www.loskadolina.info\\\/en\\\/#website\",\"url\":\"https:\\\/\\\/www.loskadolina.info\\\/en\\\/\",\"name\":\"Lo\u0161ka dolina\",\"description\":\"\",\"publisher\":{\"@id\":\"https:\\\/\\\/www.loskadolina.info\\\/en\\\/#organization\"},\"alternateName\":\"Javni zavod za kulturo, turizem in medgeneracijsko sodelovanje Sne\u017enik\",\"potentialAction\":[{\"@type\":\"SearchAction\",\"target\":{\"@type\":\"EntryPoint\",\"urlTemplate\":\"https:\\\/\\\/www.loskadolina.info\\\/en\\\/?s={search_term_string}\"},\"query-input\":{\"@type\":\"PropertyValueSpecification\",\"valueRequired\":true,\"valueName\":\"search_term_string\"}}],\"inLanguage\":\"en-US\"},{\"@type\":\"Organization\",\"@id\":\"https:\\\/\\\/www.loskadolina.info\\\/en\\\/#organization\",\"name\":\"Javni zavod Sne\u017enik\",\"alternateName\":\"Javni zavod za kulturo, turizem in medgeneracijsko sodelovanje Sne\u017enik\",\"url\":\"https:\\\/\\\/www.loskadolina.info\\\/en\\\/\",\"logo\":{\"@type\":\"ImageObject\",\"inLanguage\":\"en-US\",\"@id\":\"https:\\\/\\\/www.loskadolina.info\\\/en\\\/#\\\/schema\\\/logo\\\/image\\\/\",\"url\":\"https:\\\/\\\/www.loskadolina.info\\\/wp-content\\\/uploads\\\/2025\\\/05\\\/logo.svg\",\"contentUrl\":\"https:\\\/\\\/www.loskadolina.info\\\/wp-content\\\/uploads\\\/2025\\\/05\\\/logo.svg\",\"width\":371,\"height\":115,\"caption\":\"Javni zavod Sne\u017enik\"},\"image\":{\"@id\":\"https:\\\/\\\/www.loskadolina.info\\\/en\\\/#\\\/schema\\\/logo\\\/image\\\/\"},\"sameAs\":[\"https:\\\/\\\/www.facebook.com\\\/p\\\/Javni-zavod-Snenik-100064559271460\\\/\",\"https:\\\/\\\/www.instagram.com\\\/loskadolina\\\/\"]}]}<\/script>\n<!-- \/ Yoast SEO plugin. -->","yoast_head_json":{"title":"Turizem Jure - Lo\u0161ka dolina","robots":{"index":"index","follow":"follow","max-snippet":"max-snippet:-1","max-image-preview":"max-image-preview:large","max-video-preview":"max-video-preview:-1"},"canonical":"https:\/\/www.loskadolina.info\/en\/turizem-jure-2\/","og_locale":"en_US","og_type":"article","og_title":"Turizem Jure - Lo\u0161ka dolina","og_description":"Turizem Jure treats its guests to traditional and local seasonal specialties, prepared from fresh and carefully selected ingredients. In addition to delicious dishes, they also offer homemade teas, compotes, and spirits which complement the authentic culinary experience. All service is provided upon prior notice, with food being prepared for groups of up to 30 people, [&hellip;]","og_url":"https:\/\/www.loskadolina.info\/en\/turizem-jure-2\/","og_site_name":"Lo\u0161ka dolina","article_publisher":"https:\/\/www.facebook.com\/p\/Javni-zavod-Snenik-100064559271460\/","article_modified_time":"2026-04-30T12:21:21+00:00","og_image":[{"width":1732,"height":1154,"url":"https:\/\/www.loskadolina.info\/wp-content\/uploads\/2026\/03\/TIC-stari-Trg-krvavice-28.jpg","type":"image\/jpeg"}],"twitter_card":"summary_large_image","twitter_misc":{"Est. reading time":"3 minutes"},"schema":{"@context":"https:\/\/schema.org","@graph":[{"@type":"WebPage","@id":"https:\/\/www.loskadolina.info\/en\/turizem-jure-2\/","url":"https:\/\/www.loskadolina.info\/en\/turizem-jure-2\/","name":"Turizem Jure - Lo\u0161ka dolina","isPartOf":{"@id":"https:\/\/www.loskadolina.info\/en\/#website"},"primaryImageOfPage":{"@id":"https:\/\/www.loskadolina.info\/en\/turizem-jure-2\/#primaryimage"},"image":{"@id":"https:\/\/www.loskadolina.info\/en\/turizem-jure-2\/#primaryimage"},"thumbnailUrl":"https:\/\/www.loskadolina.info\/wp-content\/uploads\/2026\/03\/TIC-stari-Trg-krvavice-28.jpg","datePublished":"2026-01-20T10:49:41+00:00","dateModified":"2026-04-30T12:21:21+00:00","breadcrumb":{"@id":"https:\/\/www.loskadolina.info\/en\/turizem-jure-2\/#breadcrumb"},"inLanguage":"en-US","potentialAction":[{"@type":"ReadAction","target":["https:\/\/www.loskadolina.info\/en\/turizem-jure-2\/"]}]},{"@type":"ImageObject","inLanguage":"en-US","@id":"https:\/\/www.loskadolina.info\/en\/turizem-jure-2\/#primaryimage","url":"https:\/\/www.loskadolina.info\/wp-content\/uploads\/2026\/03\/TIC-stari-Trg-krvavice-28.jpg","contentUrl":"https:\/\/www.loskadolina.info\/wp-content\/uploads\/2026\/03\/TIC-stari-Trg-krvavice-28.jpg","width":1732,"height":1154,"caption":"Krvavice (blood sausages) \u2013 Turizem Jure"},{"@type":"BreadcrumbList","@id":"https:\/\/www.loskadolina.info\/en\/turizem-jure-2\/#breadcrumb","itemListElement":[{"@type":"ListItem","position":1,"name":"Domov","item":"https:\/\/www.loskadolina.info\/en\/"},{"@type":"ListItem","position":2,"name":"Turizem Jure"}]},{"@type":"WebSite","@id":"https:\/\/www.loskadolina.info\/en\/#website","url":"https:\/\/www.loskadolina.info\/en\/","name":"Lo\u0161ka dolina","description":"","publisher":{"@id":"https:\/\/www.loskadolina.info\/en\/#organization"},"alternateName":"Javni zavod za kulturo, turizem in medgeneracijsko sodelovanje Sne\u017enik","potentialAction":[{"@type":"SearchAction","target":{"@type":"EntryPoint","urlTemplate":"https:\/\/www.loskadolina.info\/en\/?s={search_term_string}"},"query-input":{"@type":"PropertyValueSpecification","valueRequired":true,"valueName":"search_term_string"}}],"inLanguage":"en-US"},{"@type":"Organization","@id":"https:\/\/www.loskadolina.info\/en\/#organization","name":"Javni zavod Sne\u017enik","alternateName":"Javni zavod za kulturo, turizem in medgeneracijsko sodelovanje Sne\u017enik","url":"https:\/\/www.loskadolina.info\/en\/","logo":{"@type":"ImageObject","inLanguage":"en-US","@id":"https:\/\/www.loskadolina.info\/en\/#\/schema\/logo\/image\/","url":"https:\/\/www.loskadolina.info\/wp-content\/uploads\/2025\/05\/logo.svg","contentUrl":"https:\/\/www.loskadolina.info\/wp-content\/uploads\/2025\/05\/logo.svg","width":371,"height":115,"caption":"Javni zavod Sne\u017enik"},"image":{"@id":"https:\/\/www.loskadolina.info\/en\/#\/schema\/logo\/image\/"},"sameAs":["https:\/\/www.facebook.com\/p\/Javni-zavod-Snenik-100064559271460\/","https:\/\/www.instagram.com\/loskadolina\/"]}]}},"_links":{"self":[{"href":"https:\/\/www.loskadolina.info\/en\/wp-json\/wp\/v2\/pages\/21530","targetHints":{"allow":["GET"]}}],"collection":[{"href":"https:\/\/www.loskadolina.info\/en\/wp-json\/wp\/v2\/pages"}],"about":[{"href":"https:\/\/www.loskadolina.info\/en\/wp-json\/wp\/v2\/types\/page"}],"author":[{"embeddable":true,"href":"https:\/\/www.loskadolina.info\/en\/wp-json\/wp\/v2\/users\/1"}],"replies":[{"embeddable":true,"href":"https:\/\/www.loskadolina.info\/en\/wp-json\/wp\/v2\/comments?post=21530"}],"version-history":[{"count":3,"href":"https:\/\/www.loskadolina.info\/en\/wp-json\/wp\/v2\/pages\/21530\/revisions"}],"predecessor-version":[{"id":22195,"href":"https:\/\/www.loskadolina.info\/en\/wp-json\/wp\/v2\/pages\/21530\/revisions\/22195"}],"wp:featuredmedia":[{"embeddable":true,"href":"https:\/\/www.loskadolina.info\/en\/wp-json\/wp\/v2\/media\/21414"}],"wp:attachment":[{"href":"https:\/\/www.loskadolina.info\/en\/wp-json\/wp\/v2\/media?parent=21530"}],"curies":[{"name":"wp","href":"https:\/\/api.w.org\/{rel}","templated":true}]}}