{"id":21517,"date":"2025-12-01T09:02:12","date_gmt":"2025-12-01T08:02:12","guid":{"rendered":"https:\/\/www.loskadolina.info\/loska-dolina-2\/"},"modified":"2026-04-30T15:03:53","modified_gmt":"2026-04-30T13:03:53","slug":"loska-dolina-2","status":"publish","type":"page","link":"https:\/\/www.loskadolina.info\/en\/loska-dolina-2\/","title":{"rendered":"Lo\u0161ka dolina"},"content":{"rendered":"\t\t<div data-elementor-type=\"wp-post\" data-elementor-id=\"21517\" class=\"elementor elementor-21517 elementor-10771\" data-elementor-post-type=\"page\">\n\t\t\t\t<div class=\"aux-parallax-section elementor-element elementor-element-b3a8a75 e-flex e-con-boxed e-con e-parent\" data-id=\"b3a8a75\" data-element_type=\"container\" data-e-type=\"container\" data-settings=\"{&quot;background_background&quot;:&quot;classic&quot;}\">\n\t\t\t\t\t<div class=\"e-con-inner\">\n\t\t<div class=\"elementor-element elementor-element-07c4ebb e-con-full e-flex e-con e-child\" data-id=\"07c4ebb\" data-element_type=\"container\" data-e-type=\"container\">\n\t\t\t\t<div class=\"elementor-element elementor-element-a7aa044 elementor-widget elementor-widget-aux_touch_slider\" data-id=\"a7aa044\" data-element_type=\"widget\" data-e-type=\"widget\" data-widget_type=\"aux_touch_slider.default\">\n\t\t\t\t<div class=\"elementor-widget-container\">\n\t\t\t\t\t<section class=\"widget-container aux-widget-touch-slider aux-widget-post-slider aux-parent-au921345ac\"><div class=\"master-carousel-slider aux-latest-posts-slider aux-no-js aux-light-skin\" data-empty-height=\"1000\" data-navigation=\"peritem\" data-space=\"0\" data-auto-height=\"true\" data-delay=\"\" data-loop=\"yes\" data-autoplay=\"\">        <div class=\"aux-mc-item\" >\n                <div class=\"aux-slide-media\">\n                    <div class=\"aux-media-frame aux-media-image\"><img fetchpriority=\"high\" decoding=\"async\" width=\"1000\" height=\"1000\" src=\"https:\/\/www.loskadolina.info\/wp-content\/uploads\/2026\/03\/DJI_20250531180405_0088_D-scaled-1000x1000.jpg\" class=\"auxin-attachment attachment-1000x1000\" alt=\"Lo\u0161ka dolina\" \/><\/div>\n                <\/div>\n                    <\/div>\n\n        <div class=\"aux-mc-item\" >\n                <div class=\"aux-slide-media\">\n                    <div class=\"aux-media-frame aux-media-image\"><img decoding=\"async\" width=\"1000\" height=\"1000\" src=\"https:\/\/www.loskadolina.info\/wp-content\/uploads\/2025\/11\/DJI_20250614123447_0018_D-scaled-1000x1000.jpg\" class=\"auxin-attachment attachment-1000x1000\" alt=\"Lo\u0161ka dolina\" \/><\/div>\n                <\/div>\n                    <\/div>\n\n        <div class=\"aux-mc-item\" >\n                <div class=\"aux-slide-media\">\n                    <div class=\"aux-media-frame aux-media-image\"><img decoding=\"async\" width=\"1000\" height=\"1000\" src=\"https:\/\/www.loskadolina.info\/wp-content\/uploads\/2026\/03\/DJI_20250531182745_0098_D-scaled-1000x1000.jpg\" class=\"auxin-attachment attachment-1000x1000\" alt=\"Lo\u0161ka dolina\" \/><\/div>\n                <\/div>\n                    <\/div>\n\n        <div class=\"aux-mc-item\" >\n                <div class=\"aux-slide-media\">\n                    <div class=\"aux-media-frame aux-media-image\"><img loading=\"lazy\" decoding=\"async\" width=\"1000\" height=\"1000\" src=\"https:\/\/www.loskadolina.info\/wp-content\/uploads\/2026\/03\/Izdelek-brez-naslova-1000x1000.png\" class=\"auxin-attachment attachment-1000x1000\" alt=\"Logotip Zeleni kras\" \/><\/div>\n                <\/div>\n                    <\/div>\n\n        <div class=\"aux-next-arrow aux-arrow-nav aux-white aux-round aux-hover-slide\">\n            <span class=\"aux-overlay\"><\/span>\n            <span class=\"aux-svg-arrow aux-medium-right\"><\/span>\n            <span class=\"aux-hover-arrow aux-svg-arrow aux-medium-right\"><\/span>\n        <\/div>\n        <div class=\"aux-prev-arrow aux-arrow-nav aux-white aux-round aux-hover-slide\">\n            <span class=\"aux-overlay\"><\/span>\n            <span class=\"aux-svg-arrow aux-medium-left\"><\/span>\n            <span class=\"aux-hover-arrow aux-svg-arrow aux-medium-left\"><\/span>\n        <\/div>\n<\/div><!-- aux-col-wrapper --><\/section><!-- widget-container -->\t\t\t\t<\/div>\n\t\t\t\t<\/div>\n\t\t\t\t<\/div>\n\t\t<div class=\"elementor-element elementor-element-7f69251 e-con-full e-flex e-con e-child\" data-id=\"7f69251\" data-element_type=\"container\" data-e-type=\"container\">\n\t\t\t\t<div class=\"elementor-element elementor-element-b12b762 aux-appear-watch-animation aux-fade-in-up elementor-widget elementor-widget-aux_modern_heading\" data-id=\"b12b762\" data-element_type=\"widget\" data-e-type=\"widget\" data-widget_type=\"aux_modern_heading.default\">\n\t\t\t\t<div class=\"elementor-widget-container\">\n\t\t\t\t\t<section class=\"aux-widget-modern-heading\">\n            <div class=\"aux-widget-inner\"><p class=\"aux-modern-heading-primary\">\n\n\n\n\n<\/p><h2 class=\"aux-modern-heading-secondary\"><span class=\"aux-head-before\">Lo\u0161ka dolina<\/span><\/h2><div class=\"aux-modern-heading-description\"><div class=\"et_pb_module et_pb_text et_pb_text_1 et_pb_text_align_left et_pb_bg_layout_light\"><div class=\"et_pb_text_inner\"><p>The surface area of the entire Municipality of Lo\u0161ka dolina, which has existed in its current extent since 1998, measures 167 km\u00b2. This is a hilly karst landscape, mostly covered by forest. Paths from the northern side, the slopes of the Bloke Plateau or the Cerknica Plain, lead you through natural passes first into the lower, fairly flat world of Lo\u0161ko polje, where the majority of the settlements are located. The main road leads across a gentle pass towards the south, to the higher-lying Babno Polje with an international border crossing with the Republic of Croatia. The lowland areas of karst fields: Lo\u0161ko polje and Babno Polje, with altitudes ranging from 570 to 760 m, are surrounded by steep hills and plateaus overgrown with forests and shrubs \u2013 Racna gora to the east, Javorniki to the west, and the striking Sne\u017enik at 1,796 metres to the southwest.    <\/p><p>More than four-fifths of the Municipality of Lo\u0161ka dolina is covered by vast, predominantly fir-beech forests. It is therefore no surprise that from here, one can venture into the most extensive Slovenian forest of the Sne\u017enik\u2013Javorniki plateau, which continues south into the forests of Gorski kotar and meets the Ko\u010devje forests to the east. This is a true paradise for lovers of pristine nature, but above all, an ideal habitat for numerous animal species.  <\/p><\/div><\/div><\/div><\/div>\n        <\/section>\t\t\t\t<\/div>\n\t\t\t\t<\/div>\n\t\t\t\t<\/div>\n\t\t<div class=\"elementor-element elementor-element-beba204 e-con-full e-flex e-con e-child\" data-id=\"beba204\" data-element_type=\"container\" data-e-type=\"container\">\n\t\t\t\t<div class=\"elementor-element elementor-element-f51a17a aux-appear-watch-animation aux-fade-in-up podatkioobcini elementor-widget elementor-widget-aux_modern_heading\" data-id=\"f51a17a\" data-element_type=\"widget\" data-e-type=\"widget\" data-widget_type=\"aux_modern_heading.default\">\n\t\t\t\t<div class=\"elementor-widget-container\">\n\t\t\t\t\t<section class=\"aux-widget-modern-heading\">\n            <div class=\"aux-widget-inner\"><p class=\"aux-modern-heading-primary\">\n\n\n\n\n<\/p><h2 class=\"aux-modern-heading-secondary\"><span class=\"aux-head-before\">Information about the Municipality<\/span><\/h2><div class=\"aux-modern-heading-description\"><table><tbody><tr><td><p>Statistical region<\/p><\/td><td><p>Primorsko-notranjska<\/p><\/td><\/tr><tr><td><p>Municipal seat<\/p><\/td><td><p>Stari trg pri Lo\u017eu<\/p><\/td><\/tr><tr><td><p>Mayor<\/p><\/td><td><p>Matja\u017e Anton\u010di\u010d<\/p><\/td><\/tr><tr><td><p>Area<\/p><\/td><td><p>166,8 km2<\/p><\/td><\/tr><tr><td><p>Population<\/p><\/td><td><p>3.526<\/p><\/td><\/tr><tr><td><p>Men<\/p><\/td><td><p>1.828<\/p><\/td><\/tr><tr><td><p>Women<\/p><\/td><td><p>1.698<\/p><\/td><\/tr><\/tbody><\/table><p> <\/p><\/div><\/div>\n        <\/section>\t\t\t\t<\/div>\n\t\t\t\t<\/div>\n\t\t\t\t<div class=\"elementor-element elementor-element-20e5710 aux-appear-watch-animation aux-fade-in-up elementor-widget elementor-widget-aux_modern_heading\" data-id=\"20e5710\" data-element_type=\"widget\" data-e-type=\"widget\" data-widget_type=\"aux_modern_heading.default\">\n\t\t\t\t<div class=\"elementor-widget-container\">\n\t\t\t\t\t<section class=\"aux-widget-modern-heading\">\n            <div class=\"aux-widget-inner\"><p class=\"aux-modern-heading-primary\">\n\n\n\n\n<\/p><h2 class=\"aux-modern-heading-secondary\"><span class=\"aux-head-before\">Green Karst<\/span><\/h2><div class=\"aux-modern-heading-description\"><p>Lo\u0161ka dolina is part of a larger destination called Green Karst, which connects the municipalities of Bloke, Cerknica, Ilirska Bistrica, Lo\u0161ka dolina, Pivka, and Postojna with the aim of creating a common, recognisable, and connected presence for its inhabitants.<\/p><p>The brand name expresses the heart of this region \u2013 two wonderful characteristics of this area. The first is greenness in the broadest sense, describing the pristine and primal nature and the brand's focus on sustainable development; the second is the karst, as this part of Slovenia hides the largest number of karst caves underground, while the surface impresses with intermittent lakes, beech forests listed on the UNESCO World Heritage List, and three large carnivores: the bear, the wolf, and the lynx. <\/p><\/div><\/div>\n        <\/section>\t\t\t\t<\/div>\n\t\t\t\t<\/div>\n\t\t\t\t<\/div>\n\t\t\t\t\t<\/div>\n\t\t\t\t<\/div>\n\t\t\t\t<\/div>\n\t\t","protected":false},"excerpt":{"rendered":"<p>Lo\u0161ka dolina The surface area of the entire Municipality of Lo\u0161ka dolina, which has existed in its current extent since 1998, measures 167 km\u00b2. This is a hilly karst landscape, mostly covered by forest. Paths from the northern side, the slopes of the Bloke Plateau or the Cerknica Plain, lead you through natural passes first [&hellip;]<\/p>\n","protected":false},"author":1,"featured_media":0,"parent":0,"menu_order":67,"comment_status":"closed","ping_status":"closed","template":"templates\/page-builder-content.php","meta":{"footnotes":""},"class_list":["post-21517","page","type-page","status-publish","hentry"],"yoast_head":"<!-- This site is optimized with the Yoast SEO plugin v27.5 - https:\/\/yoast.com\/product\/yoast-seo-wordpress\/ -->\n<title>Lo\u0161ka dolina - Lo\u0161ka dolina<\/title>\n<meta name=\"robots\" content=\"index, follow, max-snippet:-1, max-image-preview:large, max-video-preview:-1\" \/>\n<link rel=\"canonical\" href=\"https:\/\/www.loskadolina.info\/en\/loska-dolina-2\/\" \/>\n<meta property=\"og:locale\" content=\"en_US\" \/>\n<meta property=\"og:type\" content=\"article\" \/>\n<meta property=\"og:title\" content=\"Lo\u0161ka dolina - Lo\u0161ka dolina\" \/>\n<meta property=\"og:description\" content=\"Lo\u0161ka dolina The surface area of the entire Municipality of Lo\u0161ka dolina, which has existed in its current extent since 1998, measures 167 km\u00b2. This is a hilly karst landscape, mostly covered by forest. Paths from the northern side, the slopes of the Bloke Plateau or the Cerknica Plain, lead you through natural passes first [&hellip;]\" \/>\n<meta property=\"og:url\" content=\"https:\/\/www.loskadolina.info\/en\/loska-dolina-2\/\" \/>\n<meta property=\"og:site_name\" content=\"Lo\u0161ka dolina\" \/>\n<meta property=\"article:publisher\" content=\"https:\/\/www.facebook.com\/p\/Javni-zavod-Snenik-100064559271460\/\" \/>\n<meta property=\"article:modified_time\" content=\"2026-04-30T13:03:53+00:00\" \/>\n<meta property=\"og:image\" content=\"https:\/\/www.loskadolina.info\/wp-content\/uploads\/2026\/03\/DJI_20250531180405_0088_D-scaled-1000x1000.jpg\" \/>\n<meta name=\"twitter:card\" content=\"summary_large_image\" \/>\n<meta name=\"twitter:label1\" content=\"Est. reading time\" \/>\n\t<meta name=\"twitter:data1\" content=\"3 minutes\" \/>\n<script type=\"application\/ld+json\" class=\"yoast-schema-graph\">{\"@context\":\"https:\\\/\\\/schema.org\",\"@graph\":[{\"@type\":\"WebPage\",\"@id\":\"https:\\\/\\\/www.loskadolina.info\\\/en\\\/loska-dolina-2\\\/\",\"url\":\"https:\\\/\\\/www.loskadolina.info\\\/en\\\/loska-dolina-2\\\/\",\"name\":\"Lo\u0161ka dolina - Lo\u0161ka dolina\",\"isPartOf\":{\"@id\":\"https:\\\/\\\/www.loskadolina.info\\\/en\\\/#website\"},\"primaryImageOfPage\":{\"@id\":\"https:\\\/\\\/www.loskadolina.info\\\/en\\\/loska-dolina-2\\\/#primaryimage\"},\"image\":{\"@id\":\"https:\\\/\\\/www.loskadolina.info\\\/en\\\/loska-dolina-2\\\/#primaryimage\"},\"thumbnailUrl\":\"https:\\\/\\\/www.loskadolina.info\\\/wp-content\\\/uploads\\\/2026\\\/03\\\/DJI_20250531180405_0088_D-scaled-1000x1000.jpg\",\"datePublished\":\"2025-12-01T08:02:12+00:00\",\"dateModified\":\"2026-04-30T13:03:53+00:00\",\"breadcrumb\":{\"@id\":\"https:\\\/\\\/www.loskadolina.info\\\/en\\\/loska-dolina-2\\\/#breadcrumb\"},\"inLanguage\":\"en-US\",\"potentialAction\":[{\"@type\":\"ReadAction\",\"target\":[\"https:\\\/\\\/www.loskadolina.info\\\/en\\\/loska-dolina-2\\\/\"]}]},{\"@type\":\"ImageObject\",\"inLanguage\":\"en-US\",\"@id\":\"https:\\\/\\\/www.loskadolina.info\\\/en\\\/loska-dolina-2\\\/#primaryimage\",\"url\":\"https:\\\/\\\/www.loskadolina.info\\\/wp-content\\\/uploads\\\/2026\\\/03\\\/DJI_20250531180405_0088_D-scaled-1000x1000.jpg\",\"contentUrl\":\"https:\\\/\\\/www.loskadolina.info\\\/wp-content\\\/uploads\\\/2026\\\/03\\\/DJI_20250531180405_0088_D-scaled-1000x1000.jpg\"},{\"@type\":\"BreadcrumbList\",\"@id\":\"https:\\\/\\\/www.loskadolina.info\\\/en\\\/loska-dolina-2\\\/#breadcrumb\",\"itemListElement\":[{\"@type\":\"ListItem\",\"position\":1,\"name\":\"Domov\",\"item\":\"https:\\\/\\\/www.loskadolina.info\\\/en\\\/\"},{\"@type\":\"ListItem\",\"position\":2,\"name\":\"Lo\u0161ka dolina\"}]},{\"@type\":\"WebSite\",\"@id\":\"https:\\\/\\\/www.loskadolina.info\\\/en\\\/#website\",\"url\":\"https:\\\/\\\/www.loskadolina.info\\\/en\\\/\",\"name\":\"Lo\u0161ka dolina\",\"description\":\"\",\"publisher\":{\"@id\":\"https:\\\/\\\/www.loskadolina.info\\\/en\\\/#organization\"},\"alternateName\":\"Javni zavod za kulturo, turizem in medgeneracijsko sodelovanje Sne\u017enik\",\"potentialAction\":[{\"@type\":\"SearchAction\",\"target\":{\"@type\":\"EntryPoint\",\"urlTemplate\":\"https:\\\/\\\/www.loskadolina.info\\\/en\\\/?s={search_term_string}\"},\"query-input\":{\"@type\":\"PropertyValueSpecification\",\"valueRequired\":true,\"valueName\":\"search_term_string\"}}],\"inLanguage\":\"en-US\"},{\"@type\":\"Organization\",\"@id\":\"https:\\\/\\\/www.loskadolina.info\\\/en\\\/#organization\",\"name\":\"Javni zavod Sne\u017enik\",\"alternateName\":\"Javni zavod za kulturo, turizem in medgeneracijsko sodelovanje Sne\u017enik\",\"url\":\"https:\\\/\\\/www.loskadolina.info\\\/en\\\/\",\"logo\":{\"@type\":\"ImageObject\",\"inLanguage\":\"en-US\",\"@id\":\"https:\\\/\\\/www.loskadolina.info\\\/en\\\/#\\\/schema\\\/logo\\\/image\\\/\",\"url\":\"https:\\\/\\\/www.loskadolina.info\\\/wp-content\\\/uploads\\\/2025\\\/05\\\/logo.svg\",\"contentUrl\":\"https:\\\/\\\/www.loskadolina.info\\\/wp-content\\\/uploads\\\/2025\\\/05\\\/logo.svg\",\"width\":371,\"height\":115,\"caption\":\"Javni zavod Sne\u017enik\"},\"image\":{\"@id\":\"https:\\\/\\\/www.loskadolina.info\\\/en\\\/#\\\/schema\\\/logo\\\/image\\\/\"},\"sameAs\":[\"https:\\\/\\\/www.facebook.com\\\/p\\\/Javni-zavod-Snenik-100064559271460\\\/\",\"https:\\\/\\\/www.instagram.com\\\/loskadolina\\\/\"]}]}<\/script>\n<!-- \/ Yoast SEO plugin. -->","yoast_head_json":{"title":"Lo\u0161ka dolina - Lo\u0161ka dolina","robots":{"index":"index","follow":"follow","max-snippet":"max-snippet:-1","max-image-preview":"max-image-preview:large","max-video-preview":"max-video-preview:-1"},"canonical":"https:\/\/www.loskadolina.info\/en\/loska-dolina-2\/","og_locale":"en_US","og_type":"article","og_title":"Lo\u0161ka dolina - Lo\u0161ka dolina","og_description":"Lo\u0161ka dolina The surface area of the entire Municipality of Lo\u0161ka dolina, which has existed in its current extent since 1998, measures 167 km\u00b2. This is a hilly karst landscape, mostly covered by forest. Paths from the northern side, the slopes of the Bloke Plateau or the Cerknica Plain, lead you through natural passes first [&hellip;]","og_url":"https:\/\/www.loskadolina.info\/en\/loska-dolina-2\/","og_site_name":"Lo\u0161ka dolina","article_publisher":"https:\/\/www.facebook.com\/p\/Javni-zavod-Snenik-100064559271460\/","article_modified_time":"2026-04-30T13:03:53+00:00","og_image":[{"url":"https:\/\/www.loskadolina.info\/wp-content\/uploads\/2026\/03\/DJI_20250531180405_0088_D-scaled-1000x1000.jpg","type":"","width":"","height":""}],"twitter_card":"summary_large_image","twitter_misc":{"Est. reading time":"3 minutes"},"schema":{"@context":"https:\/\/schema.org","@graph":[{"@type":"WebPage","@id":"https:\/\/www.loskadolina.info\/en\/loska-dolina-2\/","url":"https:\/\/www.loskadolina.info\/en\/loska-dolina-2\/","name":"Lo\u0161ka dolina - Lo\u0161ka dolina","isPartOf":{"@id":"https:\/\/www.loskadolina.info\/en\/#website"},"primaryImageOfPage":{"@id":"https:\/\/www.loskadolina.info\/en\/loska-dolina-2\/#primaryimage"},"image":{"@id":"https:\/\/www.loskadolina.info\/en\/loska-dolina-2\/#primaryimage"},"thumbnailUrl":"https:\/\/www.loskadolina.info\/wp-content\/uploads\/2026\/03\/DJI_20250531180405_0088_D-scaled-1000x1000.jpg","datePublished":"2025-12-01T08:02:12+00:00","dateModified":"2026-04-30T13:03:53+00:00","breadcrumb":{"@id":"https:\/\/www.loskadolina.info\/en\/loska-dolina-2\/#breadcrumb"},"inLanguage":"en-US","potentialAction":[{"@type":"ReadAction","target":["https:\/\/www.loskadolina.info\/en\/loska-dolina-2\/"]}]},{"@type":"ImageObject","inLanguage":"en-US","@id":"https:\/\/www.loskadolina.info\/en\/loska-dolina-2\/#primaryimage","url":"https:\/\/www.loskadolina.info\/wp-content\/uploads\/2026\/03\/DJI_20250531180405_0088_D-scaled-1000x1000.jpg","contentUrl":"https:\/\/www.loskadolina.info\/wp-content\/uploads\/2026\/03\/DJI_20250531180405_0088_D-scaled-1000x1000.jpg"},{"@type":"BreadcrumbList","@id":"https:\/\/www.loskadolina.info\/en\/loska-dolina-2\/#breadcrumb","itemListElement":[{"@type":"ListItem","position":1,"name":"Domov","item":"https:\/\/www.loskadolina.info\/en\/"},{"@type":"ListItem","position":2,"name":"Lo\u0161ka dolina"}]},{"@type":"WebSite","@id":"https:\/\/www.loskadolina.info\/en\/#website","url":"https:\/\/www.loskadolina.info\/en\/","name":"Lo\u0161ka dolina","description":"","publisher":{"@id":"https:\/\/www.loskadolina.info\/en\/#organization"},"alternateName":"Javni zavod za kulturo, turizem in medgeneracijsko sodelovanje Sne\u017enik","potentialAction":[{"@type":"SearchAction","target":{"@type":"EntryPoint","urlTemplate":"https:\/\/www.loskadolina.info\/en\/?s={search_term_string}"},"query-input":{"@type":"PropertyValueSpecification","valueRequired":true,"valueName":"search_term_string"}}],"inLanguage":"en-US"},{"@type":"Organization","@id":"https:\/\/www.loskadolina.info\/en\/#organization","name":"Javni zavod Sne\u017enik","alternateName":"Javni zavod za kulturo, turizem in medgeneracijsko sodelovanje Sne\u017enik","url":"https:\/\/www.loskadolina.info\/en\/","logo":{"@type":"ImageObject","inLanguage":"en-US","@id":"https:\/\/www.loskadolina.info\/en\/#\/schema\/logo\/image\/","url":"https:\/\/www.loskadolina.info\/wp-content\/uploads\/2025\/05\/logo.svg","contentUrl":"https:\/\/www.loskadolina.info\/wp-content\/uploads\/2025\/05\/logo.svg","width":371,"height":115,"caption":"Javni zavod Sne\u017enik"},"image":{"@id":"https:\/\/www.loskadolina.info\/en\/#\/schema\/logo\/image\/"},"sameAs":["https:\/\/www.facebook.com\/p\/Javni-zavod-Snenik-100064559271460\/","https:\/\/www.instagram.com\/loskadolina\/"]}]}},"_links":{"self":[{"href":"https:\/\/www.loskadolina.info\/en\/wp-json\/wp\/v2\/pages\/21517","targetHints":{"allow":["GET"]}}],"collection":[{"href":"https:\/\/www.loskadolina.info\/en\/wp-json\/wp\/v2\/pages"}],"about":[{"href":"https:\/\/www.loskadolina.info\/en\/wp-json\/wp\/v2\/types\/page"}],"author":[{"embeddable":true,"href":"https:\/\/www.loskadolina.info\/en\/wp-json\/wp\/v2\/users\/1"}],"replies":[{"embeddable":true,"href":"https:\/\/www.loskadolina.info\/en\/wp-json\/wp\/v2\/comments?post=21517"}],"version-history":[{"count":7,"href":"https:\/\/www.loskadolina.info\/en\/wp-json\/wp\/v2\/pages\/21517\/revisions"}],"predecessor-version":[{"id":22213,"href":"https:\/\/www.loskadolina.info\/en\/wp-json\/wp\/v2\/pages\/21517\/revisions\/22213"}],"wp:attachment":[{"href":"https:\/\/www.loskadolina.info\/en\/wp-json\/wp\/v2\/media?parent=21517"}],"curies":[{"name":"wp","href":"https:\/\/api.w.org\/{rel}","templated":true}]}}