{"id":21508,"date":"2025-11-14T11:32:54","date_gmt":"2025-11-14T10:32:54","guid":{"rendered":"https:\/\/www.loskadolina.info\/skriban-inn-and-pizzeria\/"},"modified":"2026-04-17T07:44:31","modified_gmt":"2026-04-17T05:44:31","slug":"skriban-inn-and-pizzeria","status":"publish","type":"page","link":"https:\/\/www.loskadolina.info\/en\/skriban-inn-and-pizzeria\/","title":{"rendered":"\u0160kriban Inn and Pizzeria"},"content":{"rendered":"\t\t<div data-elementor-type=\"wp-page\" data-elementor-id=\"21508\" class=\"elementor elementor-21508 elementor-10002\" data-elementor-post-type=\"page\">\n\t\t\t\t<div class=\"aux-parallax-section elementor-element elementor-element-216d7b75 e-flex e-con-boxed e-con e-parent\" data-id=\"216d7b75\" data-element_type=\"container\" data-e-type=\"container\">\n\t\t\t\t\t<div class=\"e-con-inner\">\n\t\t<div class=\"elementor-element elementor-element-65c4e558 e-con-full e-flex e-con e-child\" data-id=\"65c4e558\" data-element_type=\"container\" data-e-type=\"container\">\n\t\t\t\t<div class=\"elementor-element elementor-element-55993993 elementor-widget elementor-widget-aux_featured_image\" data-id=\"55993993\" data-element_type=\"widget\" data-e-type=\"widget\" data-widget_type=\"aux_featured_image.default\">\n\t\t\t\t<div class=\"elementor-widget-container\">\n\t\t\t\t\t<div class=\"aux-media-frame aux-media-image\"><img fetchpriority=\"high\" decoding=\"async\" width=\"1024\" height=\"1024\" src=\"https:\/\/www.loskadolina.info\/wp-content\/uploads\/2026\/03\/476932730_1167881925025647_7145450019351537151_n-1024x1024.jpg\" class=\"aux-attachment aux-featured-image attachment-1024x1024 aux-attachment-id-21413 \" alt=\"Cottage cheese \u0161truklji \u2013 \u0160kriban Inn and Pizzeria\" srcset=\"https:\/\/www.loskadolina.info\/wp-content\/uploads\/2026\/03\/476932730_1167881925025647_7145450019351537151_n-150x150.jpg 150w,https:\/\/www.loskadolina.info\/wp-content\/uploads\/2026\/03\/476932730_1167881925025647_7145450019351537151_n-300x300.jpg 300w,https:\/\/www.loskadolina.info\/wp-content\/uploads\/2026\/03\/476932730_1167881925025647_7145450019351537151_n-768x768.jpg 768w,https:\/\/www.loskadolina.info\/wp-content\/uploads\/2026\/03\/476932730_1167881925025647_7145450019351537151_n-1024x1024.jpg 1024w,https:\/\/www.loskadolina.info\/wp-content\/uploads\/2026\/03\/476932730_1167881925025647_7145450019351537151_n-1024x1024.jpg 1024w,https:\/\/www.loskadolina.info\/wp-content\/uploads\/2026\/03\/476932730_1167881925025647_7145450019351537151_n-2038x2038.jpg 2038w\" data-ratio=\"1\" data-original-w=\"2048\" sizes=\"(max-width:479px) 480px,(max-width:767px) 768px,(max-width:1023px) 1024px,1024px\" \/><\/div>\t\t\t\t<\/div>\n\t\t\t\t<\/div>\n\t\t\t\t<\/div>\n\t\t<div class=\"elementor-element elementor-element-4a786495 e-con-full e-flex e-con e-child\" data-id=\"4a786495\" data-element_type=\"container\" data-e-type=\"container\">\n\t\t<div class=\"elementor-element elementor-element-6d71896d e-con-full e-flex e-con e-child\" data-id=\"6d71896d\" data-element_type=\"container\" data-e-type=\"container\">\n\t\t\t\t<div class=\"elementor-element elementor-element-4bddf0a8 elementor-widget elementor-widget-theme-post-title elementor-page-title elementor-widget-heading\" data-id=\"4bddf0a8\" data-element_type=\"widget\" data-e-type=\"widget\" data-widget_type=\"theme-post-title.default\">\n\t\t\t\t<div class=\"elementor-widget-container\">\n\t\t\t\t\t<h1 class=\"elementor-heading-title elementor-size-default\">\u0160kriban Inn and Pizzeria<\/h1>\t\t\t\t<\/div>\n\t\t\t\t<\/div>\n\t\t\t\t<div class=\"elementor-element elementor-element-1a3be382 elementor-widget elementor-widget-text-editor\" data-id=\"1a3be382\" data-element_type=\"widget\" data-e-type=\"widget\" data-widget_type=\"text-editor.default\">\n\t\t\t\t<div class=\"elementor-widget-container\">\n\t\t\t\t\t\t\t\t\t<p>The inn offers a wide selection of \u00e0 la carte dishes, pizzas, and daily lunches, while their menu is further enriched by specialties with a \u2018taste of Notranjska\u2019. In the summer months, they delight guests with homemade ice cream.<\/p><p>The inn can accommodate up to 60 people indoors, with an additional 40 seats available in the summer garden. In addition, they cater for organised groups and various celebrations. For special requests and tailored offers, guests are recommended to contact the inn directly to make a reservation. Prior booking is required for larger groups.<\/p><p>&nbsp;<\/p><p>Cesta Notranjskega odreda 17<br \/>1386 Stari trg pri Lo\u017eu<\/p><p>T:&nbsp;<a href=\"tel:+386%201%2070%2057%20090\">+386 (0)1 70 57 090<\/a><br \/>E:&nbsp;<a href=\"mailto:markolovko57@gmail.com\">markolovko57@gmail.com<\/a><\/p>\t\t\t\t\t\t\t\t<\/div>\n\t\t\t\t<\/div>\n\t\t\t\t<\/div>\n\t\t\t\t<\/div>\n\t\t\t\t\t<\/div>\n\t\t\t\t<\/div>\n\t\t\t\t<\/div>\n\t\t","protected":false},"excerpt":{"rendered":"<p>The inn offers a wide selection of \u00e0 la carte dishes, pizzas, and daily lunches, while their menu is further enriched by specialties with a \u2018taste of Notranjska\u2019. In the summer months, they delight guests with homemade ice cream. The inn can accommodate up to 60 people indoors, with an additional 40 seats available in [&hellip;]<\/p>\n","protected":false},"author":1,"featured_media":21413,"parent":0,"menu_order":46,"comment_status":"closed","ping_status":"closed","template":"","meta":{"footnotes":""},"class_list":["post-21508","page","type-page","status-publish","has-post-thumbnail","hentry"],"yoast_head":"<!-- This site is optimized with the Yoast SEO plugin v27.4 - https:\/\/yoast.com\/product\/yoast-seo-wordpress\/ -->\n<title>\u0160kriban Inn and Pizzeria - Lo\u0161ka dolina<\/title>\n<meta name=\"robots\" content=\"index, follow, max-snippet:-1, max-image-preview:large, max-video-preview:-1\" \/>\n<link rel=\"canonical\" href=\"https:\/\/www.loskadolina.info\/en\/skriban-inn-and-pizzeria\/\" \/>\n<meta property=\"og:locale\" content=\"en_US\" \/>\n<meta property=\"og:type\" content=\"article\" \/>\n<meta property=\"og:title\" content=\"\u0160kriban Inn and Pizzeria - Lo\u0161ka dolina\" \/>\n<meta property=\"og:description\" content=\"The inn offers a wide selection of \u00e0 la carte dishes, pizzas, and daily lunches, while their menu is further enriched by specialties with a \u2018taste of Notranjska\u2019. In the summer months, they delight guests with homemade ice cream. The inn can accommodate up to 60 people indoors, with an additional 40 seats available in [&hellip;]\" \/>\n<meta property=\"og:url\" content=\"https:\/\/www.loskadolina.info\/en\/skriban-inn-and-pizzeria\/\" \/>\n<meta property=\"og:site_name\" content=\"Lo\u0161ka dolina\" \/>\n<meta property=\"article:publisher\" content=\"https:\/\/www.facebook.com\/p\/Javni-zavod-Snenik-100064559271460\/\" \/>\n<meta property=\"article:modified_time\" content=\"2026-04-17T05:44:31+00:00\" \/>\n<meta property=\"og:image\" content=\"https:\/\/www.loskadolina.info\/wp-content\/uploads\/2026\/03\/476932730_1167881925025647_7145450019351537151_n.jpg\" \/>\n\t<meta property=\"og:image:width\" content=\"2048\" \/>\n\t<meta property=\"og:image:height\" content=\"1826\" \/>\n\t<meta property=\"og:image:type\" content=\"image\/jpeg\" \/>\n<meta name=\"twitter:card\" content=\"summary_large_image\" \/>\n<meta name=\"twitter:label1\" content=\"Est. reading time\" \/>\n\t<meta name=\"twitter:data1\" content=\"2 minutes\" \/>\n<script type=\"application\/ld+json\" class=\"yoast-schema-graph\">{\"@context\":\"https:\\\/\\\/schema.org\",\"@graph\":[{\"@type\":\"WebPage\",\"@id\":\"https:\\\/\\\/www.loskadolina.info\\\/en\\\/skriban-inn-and-pizzeria\\\/\",\"url\":\"https:\\\/\\\/www.loskadolina.info\\\/en\\\/skriban-inn-and-pizzeria\\\/\",\"name\":\"\u0160kriban Inn and Pizzeria - Lo\u0161ka dolina\",\"isPartOf\":{\"@id\":\"https:\\\/\\\/www.loskadolina.info\\\/en\\\/#website\"},\"primaryImageOfPage\":{\"@id\":\"https:\\\/\\\/www.loskadolina.info\\\/en\\\/skriban-inn-and-pizzeria\\\/#primaryimage\"},\"image\":{\"@id\":\"https:\\\/\\\/www.loskadolina.info\\\/en\\\/skriban-inn-and-pizzeria\\\/#primaryimage\"},\"thumbnailUrl\":\"https:\\\/\\\/www.loskadolina.info\\\/wp-content\\\/uploads\\\/2026\\\/03\\\/476932730_1167881925025647_7145450019351537151_n.jpg\",\"datePublished\":\"2025-11-14T10:32:54+00:00\",\"dateModified\":\"2026-04-17T05:44:31+00:00\",\"breadcrumb\":{\"@id\":\"https:\\\/\\\/www.loskadolina.info\\\/en\\\/skriban-inn-and-pizzeria\\\/#breadcrumb\"},\"inLanguage\":\"en-US\",\"potentialAction\":[{\"@type\":\"ReadAction\",\"target\":[\"https:\\\/\\\/www.loskadolina.info\\\/en\\\/skriban-inn-and-pizzeria\\\/\"]}]},{\"@type\":\"ImageObject\",\"inLanguage\":\"en-US\",\"@id\":\"https:\\\/\\\/www.loskadolina.info\\\/en\\\/skriban-inn-and-pizzeria\\\/#primaryimage\",\"url\":\"https:\\\/\\\/www.loskadolina.info\\\/wp-content\\\/uploads\\\/2026\\\/03\\\/476932730_1167881925025647_7145450019351537151_n.jpg\",\"contentUrl\":\"https:\\\/\\\/www.loskadolina.info\\\/wp-content\\\/uploads\\\/2026\\\/03\\\/476932730_1167881925025647_7145450019351537151_n.jpg\",\"width\":2048,\"height\":1826,\"caption\":\"Cottage cheese \u0161truklji \u2013 \u0160kriban Inn and Pizzeria\"},{\"@type\":\"BreadcrumbList\",\"@id\":\"https:\\\/\\\/www.loskadolina.info\\\/en\\\/skriban-inn-and-pizzeria\\\/#breadcrumb\",\"itemListElement\":[{\"@type\":\"ListItem\",\"position\":1,\"name\":\"Domov\",\"item\":\"https:\\\/\\\/www.loskadolina.info\\\/en\\\/loska-dolina\\\/\"},{\"@type\":\"ListItem\",\"position\":2,\"name\":\"\u0160kriban Inn and Pizzeria\"}]},{\"@type\":\"WebSite\",\"@id\":\"https:\\\/\\\/www.loskadolina.info\\\/en\\\/#website\",\"url\":\"https:\\\/\\\/www.loskadolina.info\\\/en\\\/\",\"name\":\"Lo\u0161ka dolina\",\"description\":\"\",\"publisher\":{\"@id\":\"https:\\\/\\\/www.loskadolina.info\\\/en\\\/#organization\"},\"alternateName\":\"Javni zavod za kulturo, turizem in medgeneracijsko sodelovanje Sne\u017enik\",\"potentialAction\":[{\"@type\":\"SearchAction\",\"target\":{\"@type\":\"EntryPoint\",\"urlTemplate\":\"https:\\\/\\\/www.loskadolina.info\\\/en\\\/?s={search_term_string}\"},\"query-input\":{\"@type\":\"PropertyValueSpecification\",\"valueRequired\":true,\"valueName\":\"search_term_string\"}}],\"inLanguage\":\"en-US\"},{\"@type\":\"Organization\",\"@id\":\"https:\\\/\\\/www.loskadolina.info\\\/en\\\/#organization\",\"name\":\"Javni zavod Sne\u017enik\",\"alternateName\":\"Javni zavod za kulturo, turizem in medgeneracijsko sodelovanje Sne\u017enik\",\"url\":\"https:\\\/\\\/www.loskadolina.info\\\/en\\\/\",\"logo\":{\"@type\":\"ImageObject\",\"inLanguage\":\"en-US\",\"@id\":\"https:\\\/\\\/www.loskadolina.info\\\/en\\\/#\\\/schema\\\/logo\\\/image\\\/\",\"url\":\"https:\\\/\\\/www.loskadolina.info\\\/wp-content\\\/uploads\\\/2025\\\/05\\\/logo.svg\",\"contentUrl\":\"https:\\\/\\\/www.loskadolina.info\\\/wp-content\\\/uploads\\\/2025\\\/05\\\/logo.svg\",\"width\":371,\"height\":115,\"caption\":\"Javni zavod Sne\u017enik\"},\"image\":{\"@id\":\"https:\\\/\\\/www.loskadolina.info\\\/en\\\/#\\\/schema\\\/logo\\\/image\\\/\"},\"sameAs\":[\"https:\\\/\\\/www.facebook.com\\\/p\\\/Javni-zavod-Snenik-100064559271460\\\/\",\"https:\\\/\\\/www.instagram.com\\\/loskadolina\\\/\"]}]}<\/script>\n<!-- \/ Yoast SEO plugin. -->","yoast_head_json":{"title":"\u0160kriban Inn and Pizzeria - Lo\u0161ka dolina","robots":{"index":"index","follow":"follow","max-snippet":"max-snippet:-1","max-image-preview":"max-image-preview:large","max-video-preview":"max-video-preview:-1"},"canonical":"https:\/\/www.loskadolina.info\/en\/skriban-inn-and-pizzeria\/","og_locale":"en_US","og_type":"article","og_title":"\u0160kriban Inn and Pizzeria - Lo\u0161ka dolina","og_description":"The inn offers a wide selection of \u00e0 la carte dishes, pizzas, and daily lunches, while their menu is further enriched by specialties with a \u2018taste of Notranjska\u2019. In the summer months, they delight guests with homemade ice cream. The inn can accommodate up to 60 people indoors, with an additional 40 seats available in [&hellip;]","og_url":"https:\/\/www.loskadolina.info\/en\/skriban-inn-and-pizzeria\/","og_site_name":"Lo\u0161ka dolina","article_publisher":"https:\/\/www.facebook.com\/p\/Javni-zavod-Snenik-100064559271460\/","article_modified_time":"2026-04-17T05:44:31+00:00","og_image":[{"width":2048,"height":1826,"url":"https:\/\/www.loskadolina.info\/wp-content\/uploads\/2026\/03\/476932730_1167881925025647_7145450019351537151_n.jpg","type":"image\/jpeg"}],"twitter_card":"summary_large_image","twitter_misc":{"Est. reading time":"2 minutes"},"schema":{"@context":"https:\/\/schema.org","@graph":[{"@type":"WebPage","@id":"https:\/\/www.loskadolina.info\/en\/skriban-inn-and-pizzeria\/","url":"https:\/\/www.loskadolina.info\/en\/skriban-inn-and-pizzeria\/","name":"\u0160kriban Inn and Pizzeria - Lo\u0161ka dolina","isPartOf":{"@id":"https:\/\/www.loskadolina.info\/en\/#website"},"primaryImageOfPage":{"@id":"https:\/\/www.loskadolina.info\/en\/skriban-inn-and-pizzeria\/#primaryimage"},"image":{"@id":"https:\/\/www.loskadolina.info\/en\/skriban-inn-and-pizzeria\/#primaryimage"},"thumbnailUrl":"https:\/\/www.loskadolina.info\/wp-content\/uploads\/2026\/03\/476932730_1167881925025647_7145450019351537151_n.jpg","datePublished":"2025-11-14T10:32:54+00:00","dateModified":"2026-04-17T05:44:31+00:00","breadcrumb":{"@id":"https:\/\/www.loskadolina.info\/en\/skriban-inn-and-pizzeria\/#breadcrumb"},"inLanguage":"en-US","potentialAction":[{"@type":"ReadAction","target":["https:\/\/www.loskadolina.info\/en\/skriban-inn-and-pizzeria\/"]}]},{"@type":"ImageObject","inLanguage":"en-US","@id":"https:\/\/www.loskadolina.info\/en\/skriban-inn-and-pizzeria\/#primaryimage","url":"https:\/\/www.loskadolina.info\/wp-content\/uploads\/2026\/03\/476932730_1167881925025647_7145450019351537151_n.jpg","contentUrl":"https:\/\/www.loskadolina.info\/wp-content\/uploads\/2026\/03\/476932730_1167881925025647_7145450019351537151_n.jpg","width":2048,"height":1826,"caption":"Cottage cheese \u0161truklji \u2013 \u0160kriban Inn and Pizzeria"},{"@type":"BreadcrumbList","@id":"https:\/\/www.loskadolina.info\/en\/skriban-inn-and-pizzeria\/#breadcrumb","itemListElement":[{"@type":"ListItem","position":1,"name":"Domov","item":"https:\/\/www.loskadolina.info\/en\/loska-dolina\/"},{"@type":"ListItem","position":2,"name":"\u0160kriban Inn and Pizzeria"}]},{"@type":"WebSite","@id":"https:\/\/www.loskadolina.info\/en\/#website","url":"https:\/\/www.loskadolina.info\/en\/","name":"Lo\u0161ka dolina","description":"","publisher":{"@id":"https:\/\/www.loskadolina.info\/en\/#organization"},"alternateName":"Javni zavod za kulturo, turizem in medgeneracijsko sodelovanje Sne\u017enik","potentialAction":[{"@type":"SearchAction","target":{"@type":"EntryPoint","urlTemplate":"https:\/\/www.loskadolina.info\/en\/?s={search_term_string}"},"query-input":{"@type":"PropertyValueSpecification","valueRequired":true,"valueName":"search_term_string"}}],"inLanguage":"en-US"},{"@type":"Organization","@id":"https:\/\/www.loskadolina.info\/en\/#organization","name":"Javni zavod Sne\u017enik","alternateName":"Javni zavod za kulturo, turizem in medgeneracijsko sodelovanje Sne\u017enik","url":"https:\/\/www.loskadolina.info\/en\/","logo":{"@type":"ImageObject","inLanguage":"en-US","@id":"https:\/\/www.loskadolina.info\/en\/#\/schema\/logo\/image\/","url":"https:\/\/www.loskadolina.info\/wp-content\/uploads\/2025\/05\/logo.svg","contentUrl":"https:\/\/www.loskadolina.info\/wp-content\/uploads\/2025\/05\/logo.svg","width":371,"height":115,"caption":"Javni zavod Sne\u017enik"},"image":{"@id":"https:\/\/www.loskadolina.info\/en\/#\/schema\/logo\/image\/"},"sameAs":["https:\/\/www.facebook.com\/p\/Javni-zavod-Snenik-100064559271460\/","https:\/\/www.instagram.com\/loskadolina\/"]}]}},"_links":{"self":[{"href":"https:\/\/www.loskadolina.info\/en\/wp-json\/wp\/v2\/pages\/21508","targetHints":{"allow":["GET"]}}],"collection":[{"href":"https:\/\/www.loskadolina.info\/en\/wp-json\/wp\/v2\/pages"}],"about":[{"href":"https:\/\/www.loskadolina.info\/en\/wp-json\/wp\/v2\/types\/page"}],"author":[{"embeddable":true,"href":"https:\/\/www.loskadolina.info\/en\/wp-json\/wp\/v2\/users\/1"}],"replies":[{"embeddable":true,"href":"https:\/\/www.loskadolina.info\/en\/wp-json\/wp\/v2\/comments?post=21508"}],"version-history":[{"count":2,"href":"https:\/\/www.loskadolina.info\/en\/wp-json\/wp\/v2\/pages\/21508\/revisions"}],"predecessor-version":[{"id":21674,"href":"https:\/\/www.loskadolina.info\/en\/wp-json\/wp\/v2\/pages\/21508\/revisions\/21674"}],"wp:featuredmedia":[{"embeddable":true,"href":"https:\/\/www.loskadolina.info\/en\/wp-json\/wp\/v2\/media\/21413"}],"wp:attachment":[{"href":"https:\/\/www.loskadolina.info\/en\/wp-json\/wp\/v2\/media?parent=21508"}],"curies":[{"name":"wp","href":"https:\/\/api.w.org\/{rel}","templated":true}]}}