{"id":21502,"date":"2025-11-14T11:32:54","date_gmt":"2025-11-14T10:32:54","guid":{"rendered":"https:\/\/www.loskadolina.info\/snack-bars-and-bars\/"},"modified":"2026-05-05T14:07:17","modified_gmt":"2026-05-05T12:07:17","slug":"snack-bars-and-bars","status":"publish","type":"page","link":"https:\/\/www.loskadolina.info\/en\/snack-bars-and-bars\/","title":{"rendered":"Snack bars and bars"},"content":{"rendered":"\t\t<div data-elementor-type=\"wp-page\" data-elementor-id=\"21502\" class=\"elementor elementor-21502 elementor-10005\" data-elementor-post-type=\"page\">\n\t\t\t\t<div class=\"aux-parallax-section elementor-element elementor-element-0ff4914 e-flex e-con-boxed e-con e-parent\" data-id=\"0ff4914\" data-element_type=\"container\" data-e-type=\"container\">\n\t\t\t\t\t<div class=\"e-con-inner\">\n\t\t<div class=\"elementor-element elementor-element-5b5a08c e-con-full e-flex e-con e-child\" data-id=\"5b5a08c\" data-element_type=\"container\" data-e-type=\"container\">\n\t\t\t\t<div class=\"elementor-element elementor-element-eb298df imagelightbox elementor-widget elementor-widget-aux_image\" data-id=\"eb298df\" data-element_type=\"widget\" data-e-type=\"widget\" data-widget_type=\"aux_image.default\">\n\t\t\t\t<div class=\"elementor-widget-container\">\n\t\t\t\t\t<section class=\"widget-container aux-widget-image aux-alignnone aux-parent-au71e5e851\">\n    <div class=\"aux-media-hint-frame \">\n        <div class=\"aux-media-image aux-hover-active aux-media-frame aux-lightbox-frame\" >\n                    <a class=\"aux-lightbox-btn\" href=\"https:\/\/www.loskadolina.info\/wp-content\/uploads\/2026\/01\/Fast-food-Fonzi.jpg\" data-elementor-open-lightbox=\"no\" data-original-width=\"2048\" data-original-height=\"1366\" data-caption=\"\" target=\"_self\"  >\n        \n            \n\n            \n                                <div class=\"aux-frame-mask aux-frame-darken\">\n                        <img fetchpriority=\"high\" decoding=\"async\" width=\"530\" height=\"300\" src=\"https:\/\/www.loskadolina.info\/wp-content\/uploads\/2026\/01\/Fast-food-Fonzi-530x300.jpg\" class=\"aux-attachment aux-featured-image aux-attachment-id-12009\" srcset=\"https:\/\/www.loskadolina.info\/wp-content\/uploads\/2026\/01\/Fast-food-Fonzi-150x85.jpg 150w,https:\/\/www.loskadolina.info\/wp-content\/uploads\/2026\/01\/Fast-food-Fonzi-300x170.jpg 300w,https:\/\/www.loskadolina.info\/wp-content\/uploads\/2026\/01\/Fast-food-Fonzi-768x435.jpg 768w,https:\/\/www.loskadolina.info\/wp-content\/uploads\/2026\/01\/Fast-food-Fonzi-1024x580.jpg 1024w,https:\/\/www.loskadolina.info\/wp-content\/uploads\/2026\/01\/Fast-food-Fonzi-530x300.jpg 530w\" data-ratio=\"1.77\" data-original-w=\"2048\" sizes=\"(max-width:479px) 480px,(max-width:767px) 768px,(max-width:1023px) 1024px,530px\" \/>                    <\/div>\n                            \n                    <\/a>\n                <\/div>\n    <\/div>\n\n<\/section><!-- widget-container -->\t\t\t\t<\/div>\n\t\t\t\t<\/div>\n\t\t\t\t<\/div>\n\t\t<div class=\"elementor-element elementor-element-2e735f7 e-con-full e-flex e-con e-child\" data-id=\"2e735f7\" data-element_type=\"container\" data-e-type=\"container\">\n\t\t<div class=\"elementor-element elementor-element-48f77f8 e-con-full e-flex e-con e-child\" data-id=\"48f77f8\" data-element_type=\"container\" data-e-type=\"container\">\n\t\t\t\t<div class=\"elementor-element elementor-element-cd58daa elementor-widget elementor-widget-aux_modern_heading\" data-id=\"cd58daa\" data-element_type=\"widget\" data-e-type=\"widget\" data-widget_type=\"aux_modern_heading.default\">\n\t\t\t\t<div class=\"elementor-widget-container\">\n\t\t\t\t\t<section class=\"aux-widget-modern-heading\">\n            <div class=\"aux-widget-inner\"><h2 class=\"aux-modern-heading-primary\">FAST FOOD FONZI<\/h2><\/div>\n        <\/section>\t\t\t\t<\/div>\n\t\t\t\t<\/div>\n\t\t\t\t<div class=\"elementor-element elementor-element-444ada1 elementor-widget elementor-widget-text-editor\" data-id=\"444ada1\" data-element_type=\"widget\" data-e-type=\"widget\" data-widget_type=\"text-editor.default\">\n\t\t\t\t<div class=\"elementor-widget-container\">\n\t\t\t\t\t\t\t\t\t<p>Cesta Notranjskega odreda 24<br \/>1386 Stari trg pri Lo\u017eu<\/p><p>T: <a href=\"tel:+386 (0)64 156 542\" data-wpel-link=\"internal\">+386 (0)64 156 542<\/a><br \/>E: <a href=\"mailto:fastfoodfonzi@gmail.com\">fastfoodfonzi@gmail.com<\/a><\/p>\t\t\t\t\t\t\t\t<\/div>\n\t\t\t\t<\/div>\n\t\t\t\t<\/div>\n\t\t\t\t<\/div>\n\t\t\t\t\t<\/div>\n\t\t\t\t<\/div>\n\t\t<div class=\"aux-parallax-section elementor-element elementor-element-e9b59ff e-flex e-con-boxed e-con e-parent\" data-id=\"e9b59ff\" data-element_type=\"container\" data-e-type=\"container\">\n\t\t\t\t\t<div class=\"e-con-inner\">\n\t\t<div class=\"elementor-element elementor-element-076857d e-con-full e-flex e-con e-child\" data-id=\"076857d\" data-element_type=\"container\" data-e-type=\"container\">\n\t\t\t\t<div class=\"elementor-element elementor-element-14ebdbb imagelightbox elementor-widget elementor-widget-aux_image\" data-id=\"14ebdbb\" data-element_type=\"widget\" data-e-type=\"widget\" data-widget_type=\"aux_image.default\">\n\t\t\t\t<div class=\"elementor-widget-container\">\n\t\t\t\t\t<section class=\"widget-container aux-widget-image aux-alignnone aux-parent-au38f96b65\">\n    <div class=\"aux-media-hint-frame \">\n        <div class=\"aux-media-image aux-hover-active aux-media-frame aux-lightbox-frame\" >\n                    <a class=\"aux-lightbox-btn\" href=\"https:\/\/www.loskadolina.info\/wp-content\/uploads\/2026\/01\/Edina.jpg\" data-elementor-open-lightbox=\"no\" data-original-width=\"1080\" data-original-height=\"810\" data-caption=\"\" target=\"_self\"  >\n        \n            \n\n            \n                                <div class=\"aux-frame-mask aux-frame-darken\">\n                        <img decoding=\"async\" width=\"530\" height=\"300\" src=\"https:\/\/www.loskadolina.info\/wp-content\/uploads\/2026\/01\/Edina-530x300.jpg\" class=\"aux-attachment aux-featured-image aux-attachment-id-12011\" srcset=\"https:\/\/www.loskadolina.info\/wp-content\/uploads\/2026\/01\/Edina-150x85.jpg 150w,https:\/\/www.loskadolina.info\/wp-content\/uploads\/2026\/01\/Edina-300x170.jpg 300w,https:\/\/www.loskadolina.info\/wp-content\/uploads\/2026\/01\/Edina-768x435.jpg 768w,https:\/\/www.loskadolina.info\/wp-content\/uploads\/2026\/01\/Edina-1024x580.jpg 1024w,https:\/\/www.loskadolina.info\/wp-content\/uploads\/2026\/01\/Edina-530x300.jpg 530w\" data-ratio=\"1.77\" data-original-w=\"1080\" sizes=\"(max-width:479px) 480px,(max-width:767px) 768px,(max-width:1023px) 1024px,530px\" \/>                    <\/div>\n                            \n                    <\/a>\n                <\/div>\n    <\/div>\n\n<\/section><!-- widget-container -->\t\t\t\t<\/div>\n\t\t\t\t<\/div>\n\t\t\t\t<\/div>\n\t\t<div class=\"elementor-element elementor-element-5aef163 e-con-full e-flex e-con e-child\" data-id=\"5aef163\" data-element_type=\"container\" data-e-type=\"container\">\n\t\t<div class=\"elementor-element elementor-element-1b81e92 e-con-full e-flex e-con e-child\" data-id=\"1b81e92\" data-element_type=\"container\" data-e-type=\"container\">\n\t\t\t\t<div class=\"elementor-element elementor-element-d61e8ef elementor-widget elementor-widget-aux_modern_heading\" data-id=\"d61e8ef\" data-element_type=\"widget\" data-e-type=\"widget\" data-widget_type=\"aux_modern_heading.default\">\n\t\t\t\t<div class=\"elementor-widget-container\">\n\t\t\t\t\t<section class=\"aux-widget-modern-heading\">\n            <div class=\"aux-widget-inner\"><h2 class=\"aux-modern-heading-primary\">OKREP\u010cEVALNICA EDINA\n<\/h2><\/div>\n        <\/section>\t\t\t\t<\/div>\n\t\t\t\t<\/div>\n\t\t\t\t<div class=\"elementor-element elementor-element-2ea76ba elementor-widget elementor-widget-text-editor\" data-id=\"2ea76ba\" data-element_type=\"widget\" data-e-type=\"widget\" data-widget_type=\"text-editor.default\">\n\t\t\t\t<div class=\"elementor-widget-container\">\n\t\t\t\t\t\t\t\t\t<p>Cesta 19. oktobra 54<br \/>1386 Stari trg pri Lo\u017eu<\/p><p>T: <a href=\"tel:+386 (0)41 928 487\" data-wpel-link=\"internal\">+386 (0)41 928 487<\/a><br \/>E: <a href=\"mailto:sabina.kranjc@gmail.com\">sabina.kranjc@gmail.com<\/a><\/p>\t\t\t\t\t\t\t\t<\/div>\n\t\t\t\t<\/div>\n\t\t\t\t<\/div>\n\t\t\t\t<\/div>\n\t\t\t\t\t<\/div>\n\t\t\t\t<\/div>\n\t\t<div class=\"aux-parallax-section elementor-element elementor-element-f80c838 e-flex e-con-boxed e-con e-parent\" data-id=\"f80c838\" data-element_type=\"container\" data-e-type=\"container\">\n\t\t\t\t\t<div class=\"e-con-inner\">\n\t\t<div class=\"elementor-element elementor-element-c994fce e-con-full e-flex e-con e-child\" data-id=\"c994fce\" data-element_type=\"container\" data-e-type=\"container\">\n\t\t\t\t<div class=\"elementor-element elementor-element-133f620 imagelightbox elementor-widget elementor-widget-aux_image\" data-id=\"133f620\" data-element_type=\"widget\" data-e-type=\"widget\" data-widget_type=\"aux_image.default\">\n\t\t\t\t<div class=\"elementor-widget-container\">\n\t\t\t\t\t<section class=\"widget-container aux-widget-image aux-alignnone aux-parent-au69d8f37a\">\n    <div class=\"aux-media-hint-frame \">\n        <div class=\"aux-media-image aux-hover-active aux-media-frame aux-lightbox-frame\" >\n                    <a class=\"aux-lightbox-btn\" href=\"https:\/\/www.loskadolina.info\/wp-content\/uploads\/2026\/02\/Gust-bar.jpg\" data-elementor-open-lightbox=\"no\" data-original-width=\"2048\" data-original-height=\"1334\" data-caption=\"\" target=\"_self\"  >\n        \n            \n\n            \n                                <div class=\"aux-frame-mask aux-frame-darken\">\n                        <img decoding=\"async\" width=\"530\" height=\"300\" src=\"https:\/\/www.loskadolina.info\/wp-content\/uploads\/2026\/02\/Gust-bar-530x300.jpg\" class=\"aux-attachment aux-featured-image aux-attachment-id-12485\" srcset=\"https:\/\/www.loskadolina.info\/wp-content\/uploads\/2026\/02\/Gust-bar-150x85.jpg 150w,https:\/\/www.loskadolina.info\/wp-content\/uploads\/2026\/02\/Gust-bar-300x170.jpg 300w,https:\/\/www.loskadolina.info\/wp-content\/uploads\/2026\/02\/Gust-bar-768x435.jpg 768w,https:\/\/www.loskadolina.info\/wp-content\/uploads\/2026\/02\/Gust-bar-1024x580.jpg 1024w,https:\/\/www.loskadolina.info\/wp-content\/uploads\/2026\/02\/Gust-bar-530x300.jpg 530w\" data-ratio=\"1.77\" data-original-w=\"2048\" sizes=\"(max-width:479px) 480px,(max-width:767px) 768px,(max-width:1023px) 1024px,530px\" \/>                    <\/div>\n                            \n                    <\/a>\n                <\/div>\n    <\/div>\n\n<\/section><!-- widget-container -->\t\t\t\t<\/div>\n\t\t\t\t<\/div>\n\t\t\t\t<\/div>\n\t\t<div class=\"elementor-element elementor-element-bda7e87 e-con-full e-flex e-con e-child\" data-id=\"bda7e87\" data-element_type=\"container\" data-e-type=\"container\">\n\t\t<div class=\"elementor-element elementor-element-aaaa386 e-con-full e-flex e-con e-child\" data-id=\"aaaa386\" data-element_type=\"container\" data-e-type=\"container\">\n\t\t\t\t<div class=\"elementor-element elementor-element-a508d58 elementor-widget elementor-widget-aux_modern_heading\" data-id=\"a508d58\" data-element_type=\"widget\" data-e-type=\"widget\" data-widget_type=\"aux_modern_heading.default\">\n\t\t\t\t<div class=\"elementor-widget-container\">\n\t\t\t\t\t<section class=\"aux-widget-modern-heading\">\n            <div class=\"aux-widget-inner\"><h2 class=\"aux-modern-heading-primary\">OKREP\u010cEVALNICA GU\u0160T<\/h2><\/div>\n        <\/section>\t\t\t\t<\/div>\n\t\t\t\t<\/div>\n\t\t\t\t<div class=\"elementor-element elementor-element-ccb2bf6 elementor-widget elementor-widget-text-editor\" data-id=\"ccb2bf6\" data-element_type=\"widget\" data-e-type=\"widget\" data-widget_type=\"text-editor.default\">\n\t\t\t\t<div class=\"elementor-widget-container\">\n\t\t\t\t\t\t\t\t\t<p>Cesta 19. oktobra 59<br \/>1386 Stari trg pri Lo\u017eu<\/p><p>T: <a href=\"tel:+386 (0)40 247 323\" data-wpel-link=\"internal\">+386 (0)40 247 323<\/a><br \/>E: <a href=\"mailto:gust.coffeebar@gmail.com\">gust.coffeebar@gmail.com<br \/><br \/><\/a>There is a tennis court next to the bar \u2013 tennis equipment rental is available.<\/p>\t\t\t\t\t\t\t\t<\/div>\n\t\t\t\t<\/div>\n\t\t\t\t<\/div>\n\t\t\t\t<\/div>\n\t\t\t\t\t<\/div>\n\t\t\t\t<\/div>\n\t\t<div class=\"aux-parallax-section elementor-element elementor-element-b398f82 e-flex e-con-boxed e-con e-parent\" data-id=\"b398f82\" data-element_type=\"container\" data-e-type=\"container\">\n\t\t\t\t\t<div class=\"e-con-inner\">\n\t\t<div class=\"elementor-element elementor-element-831455b e-con-full e-flex e-con e-child\" data-id=\"831455b\" data-element_type=\"container\" data-e-type=\"container\">\n\t\t\t\t<div class=\"elementor-element elementor-element-c2dd785 imagelightbox elementor-widget elementor-widget-aux_image\" data-id=\"c2dd785\" data-element_type=\"widget\" data-e-type=\"widget\" data-widget_type=\"aux_image.default\">\n\t\t\t\t<div class=\"elementor-widget-container\">\n\t\t\t\t\t<section class=\"widget-container aux-widget-image aux-alignnone aux-parent-au475ee114\">\n    <div class=\"aux-media-hint-frame \">\n        <div class=\"aux-media-image aux-hover-active aux-media-frame aux-lightbox-frame\" >\n                    <a class=\"aux-lightbox-btn\" href=\"https:\/\/www.loskadolina.info\/wp-content\/uploads\/2026\/01\/Babilon.jpg\" data-elementor-open-lightbox=\"no\" data-original-width=\"680\" data-original-height=\"510\" data-caption=\"\" target=\"_self\"  >\n        \n            \n\n            \n                                <div class=\"aux-frame-mask aux-frame-darken\">\n                        <img loading=\"lazy\" decoding=\"async\" width=\"530\" height=\"300\" src=\"https:\/\/www.loskadolina.info\/wp-content\/uploads\/2026\/01\/Babilon-530x300.jpg\" class=\"aux-attachment aux-featured-image aux-attachment-id-12008\" srcset=\"https:\/\/www.loskadolina.info\/wp-content\/uploads\/2026\/01\/Babilon-150x85.jpg 150w,https:\/\/www.loskadolina.info\/wp-content\/uploads\/2026\/01\/Babilon-300x170.jpg 300w,https:\/\/www.loskadolina.info\/wp-content\/uploads\/2026\/01\/Babilon-530x300.jpg 530w\" data-ratio=\"1.77\" data-original-w=\"680\" sizes=\"(max-width:479px) 480px,(max-width:767px) 768px,(max-width:1023px) 1024px,530px\" \/>                    <\/div>\n                            \n                    <\/a>\n                <\/div>\n    <\/div>\n\n<\/section><!-- widget-container -->\t\t\t\t<\/div>\n\t\t\t\t<\/div>\n\t\t\t\t<\/div>\n\t\t<div class=\"elementor-element elementor-element-60b966e e-con-full e-flex e-con e-child\" data-id=\"60b966e\" data-element_type=\"container\" data-e-type=\"container\">\n\t\t<div class=\"elementor-element elementor-element-ece1101 e-con-full e-flex e-con e-child\" data-id=\"ece1101\" data-element_type=\"container\" data-e-type=\"container\">\n\t\t\t\t<div class=\"elementor-element elementor-element-fd9437c elementor-widget elementor-widget-aux_modern_heading\" data-id=\"fd9437c\" data-element_type=\"widget\" data-e-type=\"widget\" data-widget_type=\"aux_modern_heading.default\">\n\t\t\t\t<div class=\"elementor-widget-container\">\n\t\t\t\t\t<section class=\"aux-widget-modern-heading\">\n            <div class=\"aux-widget-inner\"><h2 class=\"aux-modern-heading-primary\">BAR BABILON<\/h2><\/div>\n        <\/section>\t\t\t\t<\/div>\n\t\t\t\t<\/div>\n\t\t\t\t<div class=\"elementor-element elementor-element-0795b41 elementor-widget elementor-widget-text-editor\" data-id=\"0795b41\" data-element_type=\"widget\" data-e-type=\"widget\" data-widget_type=\"text-editor.default\">\n\t\t\t\t<div class=\"elementor-widget-container\">\n\t\t\t\t\t\t\t\t\t<p>Cesta Notranjskega odreda 22<br \/>1386 Stari trg pri Lo\u017eu<\/p><p>T: <a href=\"tel:+386 (0)51 219 906\" data-wpel-link=\"internal\">+386 (0)51 219 906<\/a><br \/>E: <a href=\"mailto:ovsec.vesna@gmail.com\">ovsec.vesna@gmail.com<\/a><\/p>\t\t\t\t\t\t\t\t<\/div>\n\t\t\t\t<\/div>\n\t\t\t\t<\/div>\n\t\t\t\t<\/div>\n\t\t\t\t\t<\/div>\n\t\t\t\t<\/div>\n\t\t\t\t<\/div>\n\t\t","protected":false},"excerpt":{"rendered":"<p>FAST FOOD FONZI Cesta Notranjskega odreda 241386 Stari trg pri Lo\u017eu T: +386 (0)64 156 542E: fastfoodfonzi@gmail.com OKREP\u010cEVALNICA EDINA Cesta 19. oktobra 541386 Stari trg pri Lo\u017eu T: +386 (0)41 928 487E: sabina.kranjc@gmail.com OKREP\u010cEVALNICA GU\u0160T Cesta 19. oktobra 591386 Stari trg pri Lo\u017eu T: +386 (0)40 247 323E: gust.coffeebar@gmail.com There is a tennis court next [&hellip;]<\/p>\n","protected":false},"author":1,"featured_media":0,"parent":0,"menu_order":49,"comment_status":"closed","ping_status":"closed","template":"","meta":{"footnotes":""},"class_list":["post-21502","page","type-page","status-publish","hentry"],"yoast_head":"<!-- This site is optimized with the Yoast SEO plugin v27.5 - https:\/\/yoast.com\/product\/yoast-seo-wordpress\/ -->\n<title>Snack bars and bars - Lo\u0161ka dolina<\/title>\n<meta name=\"robots\" content=\"index, follow, max-snippet:-1, max-image-preview:large, max-video-preview:-1\" \/>\n<link rel=\"canonical\" href=\"https:\/\/www.loskadolina.info\/en\/snack-bars-and-bars\/\" \/>\n<meta property=\"og:locale\" content=\"en_US\" \/>\n<meta property=\"og:type\" content=\"article\" \/>\n<meta property=\"og:title\" content=\"Snack bars and bars - Lo\u0161ka dolina\" \/>\n<meta property=\"og:description\" content=\"FAST FOOD FONZI Cesta Notranjskega odreda 241386 Stari trg pri Lo\u017eu T: +386 (0)64 156 542E: fastfoodfonzi@gmail.com OKREP\u010cEVALNICA EDINA Cesta 19. oktobra 541386 Stari trg pri Lo\u017eu T: +386 (0)41 928 487E: sabina.kranjc@gmail.com OKREP\u010cEVALNICA GU\u0160T Cesta 19. oktobra 591386 Stari trg pri Lo\u017eu T: +386 (0)40 247 323E: gust.coffeebar@gmail.com There is a tennis court next [&hellip;]\" \/>\n<meta property=\"og:url\" content=\"https:\/\/www.loskadolina.info\/en\/snack-bars-and-bars\/\" \/>\n<meta property=\"og:site_name\" content=\"Lo\u0161ka dolina\" \/>\n<meta property=\"article:publisher\" content=\"https:\/\/www.facebook.com\/p\/Javni-zavod-Snenik-100064559271460\/\" \/>\n<meta property=\"article:modified_time\" content=\"2026-05-05T12:07:17+00:00\" \/>\n<meta property=\"og:image\" content=\"https:\/\/www.loskadolina.info\/wp-content\/uploads\/2026\/01\/Fast-food-Fonzi-530x300.jpg\" \/>\n<meta name=\"twitter:card\" content=\"summary_large_image\" \/>\n<meta name=\"twitter:label1\" content=\"Est. reading time\" \/>\n\t<meta name=\"twitter:data1\" content=\"2 minutes\" \/>\n<script type=\"application\/ld+json\" class=\"yoast-schema-graph\">{\"@context\":\"https:\\\/\\\/schema.org\",\"@graph\":[{\"@type\":\"WebPage\",\"@id\":\"https:\\\/\\\/www.loskadolina.info\\\/en\\\/snack-bars-and-bars\\\/\",\"url\":\"https:\\\/\\\/www.loskadolina.info\\\/en\\\/snack-bars-and-bars\\\/\",\"name\":\"Snack bars and bars - Lo\u0161ka dolina\",\"isPartOf\":{\"@id\":\"https:\\\/\\\/www.loskadolina.info\\\/en\\\/#website\"},\"primaryImageOfPage\":{\"@id\":\"https:\\\/\\\/www.loskadolina.info\\\/en\\\/snack-bars-and-bars\\\/#primaryimage\"},\"image\":{\"@id\":\"https:\\\/\\\/www.loskadolina.info\\\/en\\\/snack-bars-and-bars\\\/#primaryimage\"},\"thumbnailUrl\":\"https:\\\/\\\/www.loskadolina.info\\\/wp-content\\\/uploads\\\/2026\\\/01\\\/Fast-food-Fonzi-530x300.jpg\",\"datePublished\":\"2025-11-14T10:32:54+00:00\",\"dateModified\":\"2026-05-05T12:07:17+00:00\",\"breadcrumb\":{\"@id\":\"https:\\\/\\\/www.loskadolina.info\\\/en\\\/snack-bars-and-bars\\\/#breadcrumb\"},\"inLanguage\":\"en-US\",\"potentialAction\":[{\"@type\":\"ReadAction\",\"target\":[\"https:\\\/\\\/www.loskadolina.info\\\/en\\\/snack-bars-and-bars\\\/\"]}]},{\"@type\":\"ImageObject\",\"inLanguage\":\"en-US\",\"@id\":\"https:\\\/\\\/www.loskadolina.info\\\/en\\\/snack-bars-and-bars\\\/#primaryimage\",\"url\":\"https:\\\/\\\/www.loskadolina.info\\\/wp-content\\\/uploads\\\/2026\\\/01\\\/Fast-food-Fonzi-530x300.jpg\",\"contentUrl\":\"https:\\\/\\\/www.loskadolina.info\\\/wp-content\\\/uploads\\\/2026\\\/01\\\/Fast-food-Fonzi-530x300.jpg\"},{\"@type\":\"BreadcrumbList\",\"@id\":\"https:\\\/\\\/www.loskadolina.info\\\/en\\\/snack-bars-and-bars\\\/#breadcrumb\",\"itemListElement\":[{\"@type\":\"ListItem\",\"position\":1,\"name\":\"Domov\",\"item\":\"https:\\\/\\\/www.loskadolina.info\\\/en\\\/\"},{\"@type\":\"ListItem\",\"position\":2,\"name\":\"Snack bars and bars\"}]},{\"@type\":\"WebSite\",\"@id\":\"https:\\\/\\\/www.loskadolina.info\\\/en\\\/#website\",\"url\":\"https:\\\/\\\/www.loskadolina.info\\\/en\\\/\",\"name\":\"Lo\u0161ka dolina\",\"description\":\"\",\"publisher\":{\"@id\":\"https:\\\/\\\/www.loskadolina.info\\\/en\\\/#organization\"},\"alternateName\":\"Javni zavod za kulturo, turizem in medgeneracijsko sodelovanje Sne\u017enik\",\"potentialAction\":[{\"@type\":\"SearchAction\",\"target\":{\"@type\":\"EntryPoint\",\"urlTemplate\":\"https:\\\/\\\/www.loskadolina.info\\\/en\\\/?s={search_term_string}\"},\"query-input\":{\"@type\":\"PropertyValueSpecification\",\"valueRequired\":true,\"valueName\":\"search_term_string\"}}],\"inLanguage\":\"en-US\"},{\"@type\":\"Organization\",\"@id\":\"https:\\\/\\\/www.loskadolina.info\\\/en\\\/#organization\",\"name\":\"Javni zavod Sne\u017enik\",\"alternateName\":\"Javni zavod za kulturo, turizem in medgeneracijsko sodelovanje Sne\u017enik\",\"url\":\"https:\\\/\\\/www.loskadolina.info\\\/en\\\/\",\"logo\":{\"@type\":\"ImageObject\",\"inLanguage\":\"en-US\",\"@id\":\"https:\\\/\\\/www.loskadolina.info\\\/en\\\/#\\\/schema\\\/logo\\\/image\\\/\",\"url\":\"https:\\\/\\\/www.loskadolina.info\\\/wp-content\\\/uploads\\\/2025\\\/05\\\/logo.svg\",\"contentUrl\":\"https:\\\/\\\/www.loskadolina.info\\\/wp-content\\\/uploads\\\/2025\\\/05\\\/logo.svg\",\"width\":371,\"height\":115,\"caption\":\"Javni zavod Sne\u017enik\"},\"image\":{\"@id\":\"https:\\\/\\\/www.loskadolina.info\\\/en\\\/#\\\/schema\\\/logo\\\/image\\\/\"},\"sameAs\":[\"https:\\\/\\\/www.facebook.com\\\/p\\\/Javni-zavod-Snenik-100064559271460\\\/\",\"https:\\\/\\\/www.instagram.com\\\/loskadolina\\\/\"]}]}<\/script>\n<!-- \/ Yoast SEO plugin. -->","yoast_head_json":{"title":"Snack bars and bars - Lo\u0161ka dolina","robots":{"index":"index","follow":"follow","max-snippet":"max-snippet:-1","max-image-preview":"max-image-preview:large","max-video-preview":"max-video-preview:-1"},"canonical":"https:\/\/www.loskadolina.info\/en\/snack-bars-and-bars\/","og_locale":"en_US","og_type":"article","og_title":"Snack bars and bars - Lo\u0161ka dolina","og_description":"FAST FOOD FONZI Cesta Notranjskega odreda 241386 Stari trg pri Lo\u017eu T: +386 (0)64 156 542E: fastfoodfonzi@gmail.com OKREP\u010cEVALNICA EDINA Cesta 19. oktobra 541386 Stari trg pri Lo\u017eu T: +386 (0)41 928 487E: sabina.kranjc@gmail.com OKREP\u010cEVALNICA GU\u0160T Cesta 19. oktobra 591386 Stari trg pri Lo\u017eu T: +386 (0)40 247 323E: gust.coffeebar@gmail.com There is a tennis court next [&hellip;]","og_url":"https:\/\/www.loskadolina.info\/en\/snack-bars-and-bars\/","og_site_name":"Lo\u0161ka dolina","article_publisher":"https:\/\/www.facebook.com\/p\/Javni-zavod-Snenik-100064559271460\/","article_modified_time":"2026-05-05T12:07:17+00:00","og_image":[{"url":"https:\/\/www.loskadolina.info\/wp-content\/uploads\/2026\/01\/Fast-food-Fonzi-530x300.jpg","type":"","width":"","height":""}],"twitter_card":"summary_large_image","twitter_misc":{"Est. reading time":"2 minutes"},"schema":{"@context":"https:\/\/schema.org","@graph":[{"@type":"WebPage","@id":"https:\/\/www.loskadolina.info\/en\/snack-bars-and-bars\/","url":"https:\/\/www.loskadolina.info\/en\/snack-bars-and-bars\/","name":"Snack bars and bars - Lo\u0161ka dolina","isPartOf":{"@id":"https:\/\/www.loskadolina.info\/en\/#website"},"primaryImageOfPage":{"@id":"https:\/\/www.loskadolina.info\/en\/snack-bars-and-bars\/#primaryimage"},"image":{"@id":"https:\/\/www.loskadolina.info\/en\/snack-bars-and-bars\/#primaryimage"},"thumbnailUrl":"https:\/\/www.loskadolina.info\/wp-content\/uploads\/2026\/01\/Fast-food-Fonzi-530x300.jpg","datePublished":"2025-11-14T10:32:54+00:00","dateModified":"2026-05-05T12:07:17+00:00","breadcrumb":{"@id":"https:\/\/www.loskadolina.info\/en\/snack-bars-and-bars\/#breadcrumb"},"inLanguage":"en-US","potentialAction":[{"@type":"ReadAction","target":["https:\/\/www.loskadolina.info\/en\/snack-bars-and-bars\/"]}]},{"@type":"ImageObject","inLanguage":"en-US","@id":"https:\/\/www.loskadolina.info\/en\/snack-bars-and-bars\/#primaryimage","url":"https:\/\/www.loskadolina.info\/wp-content\/uploads\/2026\/01\/Fast-food-Fonzi-530x300.jpg","contentUrl":"https:\/\/www.loskadolina.info\/wp-content\/uploads\/2026\/01\/Fast-food-Fonzi-530x300.jpg"},{"@type":"BreadcrumbList","@id":"https:\/\/www.loskadolina.info\/en\/snack-bars-and-bars\/#breadcrumb","itemListElement":[{"@type":"ListItem","position":1,"name":"Domov","item":"https:\/\/www.loskadolina.info\/en\/"},{"@type":"ListItem","position":2,"name":"Snack bars and bars"}]},{"@type":"WebSite","@id":"https:\/\/www.loskadolina.info\/en\/#website","url":"https:\/\/www.loskadolina.info\/en\/","name":"Lo\u0161ka dolina","description":"","publisher":{"@id":"https:\/\/www.loskadolina.info\/en\/#organization"},"alternateName":"Javni zavod za kulturo, turizem in medgeneracijsko sodelovanje Sne\u017enik","potentialAction":[{"@type":"SearchAction","target":{"@type":"EntryPoint","urlTemplate":"https:\/\/www.loskadolina.info\/en\/?s={search_term_string}"},"query-input":{"@type":"PropertyValueSpecification","valueRequired":true,"valueName":"search_term_string"}}],"inLanguage":"en-US"},{"@type":"Organization","@id":"https:\/\/www.loskadolina.info\/en\/#organization","name":"Javni zavod Sne\u017enik","alternateName":"Javni zavod za kulturo, turizem in medgeneracijsko sodelovanje Sne\u017enik","url":"https:\/\/www.loskadolina.info\/en\/","logo":{"@type":"ImageObject","inLanguage":"en-US","@id":"https:\/\/www.loskadolina.info\/en\/#\/schema\/logo\/image\/","url":"https:\/\/www.loskadolina.info\/wp-content\/uploads\/2025\/05\/logo.svg","contentUrl":"https:\/\/www.loskadolina.info\/wp-content\/uploads\/2025\/05\/logo.svg","width":371,"height":115,"caption":"Javni zavod Sne\u017enik"},"image":{"@id":"https:\/\/www.loskadolina.info\/en\/#\/schema\/logo\/image\/"},"sameAs":["https:\/\/www.facebook.com\/p\/Javni-zavod-Snenik-100064559271460\/","https:\/\/www.instagram.com\/loskadolina\/"]}]}},"_links":{"self":[{"href":"https:\/\/www.loskadolina.info\/en\/wp-json\/wp\/v2\/pages\/21502","targetHints":{"allow":["GET"]}}],"collection":[{"href":"https:\/\/www.loskadolina.info\/en\/wp-json\/wp\/v2\/pages"}],"about":[{"href":"https:\/\/www.loskadolina.info\/en\/wp-json\/wp\/v2\/types\/page"}],"author":[{"embeddable":true,"href":"https:\/\/www.loskadolina.info\/en\/wp-json\/wp\/v2\/users\/1"}],"replies":[{"embeddable":true,"href":"https:\/\/www.loskadolina.info\/en\/wp-json\/wp\/v2\/comments?post=21502"}],"version-history":[{"count":5,"href":"https:\/\/www.loskadolina.info\/en\/wp-json\/wp\/v2\/pages\/21502\/revisions"}],"predecessor-version":[{"id":22321,"href":"https:\/\/www.loskadolina.info\/en\/wp-json\/wp\/v2\/pages\/21502\/revisions\/22321"}],"wp:attachment":[{"href":"https:\/\/www.loskadolina.info\/en\/wp-json\/wp\/v2\/media?parent=21502"}],"curies":[{"name":"wp","href":"https:\/\/api.w.org\/{rel}","templated":true}]}}