{"id":21479,"date":"2025-11-14T11:32:54","date_gmt":"2025-11-14T10:32:54","guid":{"rendered":"https:\/\/www.loskadolina.info\/laas-art-gallery\/"},"modified":"2026-04-17T07:45:40","modified_gmt":"2026-04-17T05:45:40","slug":"laas-art-gallery","status":"publish","type":"page","link":"https:\/\/www.loskadolina.info\/en\/laas-art-gallery\/","title":{"rendered":"LAAS ART GALLERY"},"content":{"rendered":"\t\t<div data-elementor-type=\"wp-page\" data-elementor-id=\"21479\" class=\"elementor elementor-21479 elementor-10019\" data-elementor-post-type=\"page\">\n\t\t\t\t<div class=\"aux-parallax-section elementor-element elementor-element-701c00ee e-flex e-con-boxed e-con e-parent\" data-id=\"701c00ee\" data-element_type=\"container\" data-e-type=\"container\">\n\t\t\t\t\t<div class=\"e-con-inner\">\n\t\t<div class=\"elementor-element elementor-element-1d596cdb e-con-full e-flex e-con e-child\" data-id=\"1d596cdb\" data-element_type=\"container\" data-e-type=\"container\">\n\t\t\t\t<div class=\"elementor-element elementor-element-351e07c7 elementor-widget elementor-widget-aux_featured_image\" data-id=\"351e07c7\" data-element_type=\"widget\" data-e-type=\"widget\" data-widget_type=\"aux_featured_image.default\">\n\t\t\t\t<div class=\"elementor-widget-container\">\n\t\t\t\t\t<div class=\"aux-media-frame aux-media-image\"><img fetchpriority=\"high\" decoding=\"async\" width=\"1024\" height=\"1024\" src=\"https:\/\/www.loskadolina.info\/wp-content\/uploads\/2026\/01\/Laas-art-gallery-1-1024x1024.jpg\" class=\"aux-attachment aux-featured-image attachment-1024x1024 aux-attachment-id-21309 \" srcset=\"https:\/\/www.loskadolina.info\/wp-content\/uploads\/2026\/01\/Laas-art-gallery-1-150x150.jpg 150w,https:\/\/www.loskadolina.info\/wp-content\/uploads\/2026\/01\/Laas-art-gallery-1-300x300.jpg 300w,https:\/\/www.loskadolina.info\/wp-content\/uploads\/2026\/01\/Laas-art-gallery-1-768x768.jpg 768w,https:\/\/www.loskadolina.info\/wp-content\/uploads\/2026\/01\/Laas-art-gallery-1-1024x1024.jpg 1024w,https:\/\/www.loskadolina.info\/wp-content\/uploads\/2026\/01\/Laas-art-gallery-1-1024x1024.jpg 1024w,https:\/\/www.loskadolina.info\/wp-content\/uploads\/2026\/01\/Laas-art-gallery-1-2038x2038.jpg 2038w\" data-ratio=\"1\" data-original-w=\"2048\" sizes=\"(max-width:479px) 480px,(max-width:767px) 768px,(max-width:1023px) 1024px,1024px\" \/><\/div>\t\t\t\t<\/div>\n\t\t\t\t<\/div>\n\t\t\t\t<\/div>\n\t\t<div class=\"elementor-element elementor-element-7cbd98d8 e-con-full e-flex e-con e-child\" data-id=\"7cbd98d8\" data-element_type=\"container\" data-e-type=\"container\">\n\t\t<div class=\"elementor-element elementor-element-b83ff1b e-con-full e-flex e-con e-child\" data-id=\"b83ff1b\" data-element_type=\"container\" data-e-type=\"container\">\n\t\t\t\t<div class=\"elementor-element elementor-element-202444bd elementor-widget elementor-widget-theme-post-title elementor-page-title elementor-widget-heading\" data-id=\"202444bd\" data-element_type=\"widget\" data-e-type=\"widget\" data-widget_type=\"theme-post-title.default\">\n\t\t\t\t<div class=\"elementor-widget-container\">\n\t\t\t\t\t<h1 class=\"elementor-heading-title elementor-size-default\">LAAS ART GALLERY<\/h1>\t\t\t\t<\/div>\n\t\t\t\t<\/div>\n\t\t\t\t<div class=\"elementor-element elementor-element-281e1dc7 elementor-widget elementor-widget-text-editor\" data-id=\"281e1dc7\" data-element_type=\"widget\" data-e-type=\"widget\" data-widget_type=\"text-editor.default\">\n\t\t\t\t<div class=\"elementor-widget-container\">\n\t\t\t\t\t\t\t\t\t<p>Welcome to Veli\u010dastna, an old, magical town house in the heart of Lo\u017e, where art and comfort intertwine to create a unique experience. The rooms are set within a gallery space featuring a permanent exhibition of works by the artist Dagmar Mar and guest artists. The ground floor is home to the Edina v mestu caf\u00e9. The location is an excellent starting point for exploring the natural and cultural heritage of the Notranjska region. Among these are Lo\u017e Castle, Kri\u017ena gora, the imposing Kri\u017ena jama cave, the mysterious Sne\u017enik Castle, and the mighty Mount Sne\u017enik.<\/p><p><strong>Laas Art Gallery offers:<\/strong><\/p><ul><li>accommodation for <strong>up to 6 people<\/strong>,<\/li><li><strong>2\u00d7 double rooms with en-suite bathrooms and 2\u00d7 single rooms with a shared bathroom<\/strong>,<\/li><li><strong>A dining room <\/strong>and <strong>small kitchen<\/strong>,<\/li><li><strong>free WiFi<\/strong>,<\/li><li><strong>an art gallery<\/strong>.<\/li><\/ul><p><strong>Contact details:<\/strong><\/p><p>Cesta 19. oktobra 54<br \/>1386 Stari trg pri Lo\u017eu<\/p><p>T:&nbsp;<a href=\"tel:+386%2068%20133%20649\">+386 (0)68 133 649<\/a><br \/>E:&nbsp;<a href=\"mailto:laas.artgallery@gmail.com\">laas.artgallery@gmail.com<\/a><\/p>\t\t\t\t\t\t\t\t<\/div>\n\t\t\t\t<\/div>\n\t\t\t\t<\/div>\n\t\t\t\t<\/div>\n\t\t\t\t\t<\/div>\n\t\t\t\t<\/div>\n\t\t<div class=\"aux-parallax-section elementor-element elementor-element-31167c55 e-con-full e-flex e-con e-parent\" data-id=\"31167c55\" data-element_type=\"container\" data-e-type=\"container\" data-settings=\"{&quot;background_background&quot;:&quot;classic&quot;}\">\n\t\t\t\t<div class=\"elementor-element elementor-element-5cff6cb elementor-arrows-position-inside elementor-widget elementor-widget-image-carousel\" data-id=\"5cff6cb\" data-element_type=\"widget\" data-e-type=\"widget\" data-settings=\"{&quot;slides_to_show&quot;:&quot;6&quot;,&quot;navigation&quot;:&quot;arrows&quot;,&quot;image_spacing_custom&quot;:{&quot;unit&quot;:&quot;px&quot;,&quot;size&quot;:15,&quot;sizes&quot;:[]},&quot;slides_to_show_mobile&quot;:&quot;2&quot;,&quot;autoplay&quot;:&quot;yes&quot;,&quot;pause_on_hover&quot;:&quot;yes&quot;,&quot;pause_on_interaction&quot;:&quot;yes&quot;,&quot;autoplay_speed&quot;:5000,&quot;infinite&quot;:&quot;yes&quot;,&quot;speed&quot;:500,&quot;image_spacing_custom_tablet&quot;:{&quot;unit&quot;:&quot;px&quot;,&quot;size&quot;:&quot;&quot;,&quot;sizes&quot;:[]},&quot;image_spacing_custom_mobile&quot;:{&quot;unit&quot;:&quot;px&quot;,&quot;size&quot;:&quot;&quot;,&quot;sizes&quot;:[]}}\" data-widget_type=\"image-carousel.default\">\n\t\t\t\t<div class=\"elementor-widget-container\">\n\t\t\t\t\t\t\t<div class=\"elementor-image-carousel-wrapper swiper\" role=\"region\" aria-roledescription=\"carousel\" aria-label=\"Image Carousel\" dir=\"ltr\">\n\t\t\t<div class=\"elementor-image-carousel swiper-wrapper\" aria-live=\"off\">\n\t\t\t\t\t\t\t\t<div class=\"swiper-slide\" role=\"group\" aria-roledescription=\"slide\" aria-label=\"1 of 6\"><a data-elementor-open-lightbox=\"yes\" data-elementor-lightbox-slideshow=\"5cff6cb\" data-e-action-hash=\"#elementor-action%3Aaction%3Dlightbox%26settings%3DeyJpZCI6MjEzMDksInVybCI6Imh0dHBzOlwvXC93d3cubG9za2Fkb2xpbmEuaW5mb1wvd3AtY29udGVudFwvdXBsb2Fkc1wvMjAyNlwvMDFcL0xhYXMtYXJ0LWdhbGxlcnktMS5qcGciLCJzbGlkZXNob3ciOiI1Y2ZmNmNiIn0%3D\" href=\"https:\/\/www.loskadolina.info\/wp-content\/uploads\/2026\/01\/Laas-art-gallery-1.jpg\"><figure class=\"swiper-slide-inner\"><img decoding=\"async\" class=\"swiper-slide-image\" src=\"https:\/\/www.loskadolina.info\/wp-content\/uploads\/2026\/01\/Laas-art-gallery-1-300x300.jpg\" alt=\"\" \/><\/figure><\/a><\/div><div class=\"swiper-slide\" role=\"group\" aria-roledescription=\"slide\" aria-label=\"2 of 6\"><a data-elementor-open-lightbox=\"yes\" data-elementor-lightbox-slideshow=\"5cff6cb\" data-e-action-hash=\"#elementor-action%3Aaction%3Dlightbox%26settings%3DeyJpZCI6MjEzMTAsInVybCI6Imh0dHBzOlwvXC93d3cubG9za2Fkb2xpbmEuaW5mb1wvd3AtY29udGVudFwvdXBsb2Fkc1wvMjAyNlwvMDFcL0xhYXMtYXJ0LWdhbGxlcnktMi5qcGciLCJzbGlkZXNob3ciOiI1Y2ZmNmNiIn0%3D\" href=\"https:\/\/www.loskadolina.info\/wp-content\/uploads\/2026\/01\/Laas-art-gallery-2.jpg\"><figure class=\"swiper-slide-inner\"><img decoding=\"async\" class=\"swiper-slide-image\" src=\"https:\/\/www.loskadolina.info\/wp-content\/uploads\/2026\/01\/Laas-art-gallery-2-300x300.jpg\" alt=\"\" \/><\/figure><\/a><\/div><div class=\"swiper-slide\" role=\"group\" aria-roledescription=\"slide\" aria-label=\"3 of 6\"><a data-elementor-open-lightbox=\"yes\" data-elementor-lightbox-slideshow=\"5cff6cb\" data-elementor-lightbox-title=\"3\" data-e-action-hash=\"#elementor-action%3Aaction%3Dlightbox%26settings%3DeyJpZCI6MjEzMTEsInVybCI6Imh0dHBzOlwvXC93d3cubG9za2Fkb2xpbmEuaW5mb1wvd3AtY29udGVudFwvdXBsb2Fkc1wvMjAyNlwvMDFcL0xhYXMtYXJ0LWdhbGxlcnktMy5qcGciLCJzbGlkZXNob3ciOiI1Y2ZmNmNiIn0%3D\" href=\"https:\/\/www.loskadolina.info\/wp-content\/uploads\/2026\/01\/Laas-art-gallery-3.jpg\"><figure class=\"swiper-slide-inner\"><img decoding=\"async\" class=\"swiper-slide-image\" src=\"https:\/\/www.loskadolina.info\/wp-content\/uploads\/2026\/01\/Laas-art-gallery-3-300x300.jpg\" alt=\"3\" \/><\/figure><\/a><\/div><div class=\"swiper-slide\" role=\"group\" aria-roledescription=\"slide\" aria-label=\"4 of 6\"><a data-elementor-open-lightbox=\"yes\" data-elementor-lightbox-slideshow=\"5cff6cb\" data-e-action-hash=\"#elementor-action%3Aaction%3Dlightbox%26settings%3DeyJpZCI6MjEzMTIsInVybCI6Imh0dHBzOlwvXC93d3cubG9za2Fkb2xpbmEuaW5mb1wvd3AtY29udGVudFwvdXBsb2Fkc1wvMjAyNlwvMDFcL0xhYXMtYXJ0LWdhbGxlcnktNC1zY2FsZWQuanBnIiwic2xpZGVzaG93IjoiNWNmZjZjYiJ9\" href=\"https:\/\/www.loskadolina.info\/wp-content\/uploads\/2026\/01\/Laas-art-gallery-4-scaled.jpg\"><figure class=\"swiper-slide-inner\"><img decoding=\"async\" class=\"swiper-slide-image\" src=\"https:\/\/www.loskadolina.info\/wp-content\/uploads\/2026\/01\/Laas-art-gallery-4-300x300.jpg\" alt=\"\" \/><\/figure><\/a><\/div><div class=\"swiper-slide\" role=\"group\" aria-roledescription=\"slide\" aria-label=\"5 of 6\"><a data-elementor-open-lightbox=\"yes\" data-elementor-lightbox-slideshow=\"5cff6cb\" data-e-action-hash=\"#elementor-action%3Aaction%3Dlightbox%26settings%3DeyJpZCI6MjEzMTMsInVybCI6Imh0dHBzOlwvXC93d3cubG9za2Fkb2xpbmEuaW5mb1wvd3AtY29udGVudFwvdXBsb2Fkc1wvMjAyNlwvMDFcL0xhYXMtYXJ0LWdhbGxlcnktNS1zY2FsZWQuanBnIiwic2xpZGVzaG93IjoiNWNmZjZjYiJ9\" href=\"https:\/\/www.loskadolina.info\/wp-content\/uploads\/2026\/01\/Laas-art-gallery-5-scaled.jpg\"><figure class=\"swiper-slide-inner\"><img decoding=\"async\" class=\"swiper-slide-image\" src=\"https:\/\/www.loskadolina.info\/wp-content\/uploads\/2026\/01\/Laas-art-gallery-5-300x300.jpg\" alt=\"\" \/><\/figure><\/a><\/div><div class=\"swiper-slide\" role=\"group\" aria-roledescription=\"slide\" aria-label=\"6 of 6\"><a data-elementor-open-lightbox=\"yes\" data-elementor-lightbox-slideshow=\"5cff6cb\" data-e-action-hash=\"#elementor-action%3Aaction%3Dlightbox%26settings%3DeyJpZCI6MjEzMTQsInVybCI6Imh0dHBzOlwvXC93d3cubG9za2Fkb2xpbmEuaW5mb1wvd3AtY29udGVudFwvdXBsb2Fkc1wvMjAyNlwvMDFcL0xhYXMtYXJ0LWdhbGxlcnktNi5qcGciLCJzbGlkZXNob3ciOiI1Y2ZmNmNiIn0%3D\" href=\"https:\/\/www.loskadolina.info\/wp-content\/uploads\/2026\/01\/Laas-art-gallery-6.jpg\"><figure class=\"swiper-slide-inner\"><img decoding=\"async\" class=\"swiper-slide-image\" src=\"https:\/\/www.loskadolina.info\/wp-content\/uploads\/2026\/01\/Laas-art-gallery-6-300x300.jpg\" alt=\"\" \/><\/figure><\/a><\/div>\t\t\t<\/div>\n\t\t\t\t\t\t\t\t\t\t\t\t<div class=\"elementor-swiper-button elementor-swiper-button-prev\" role=\"button\" tabindex=\"0\">\n\t\t\t\t\t\t<i aria-hidden=\"true\" class=\"eicon-chevron-left\"><\/i>\t\t\t\t\t<\/div>\n\t\t\t\t\t<div class=\"elementor-swiper-button elementor-swiper-button-next\" role=\"button\" tabindex=\"0\">\n\t\t\t\t\t\t<i aria-hidden=\"true\" class=\"eicon-chevron-right\"><\/i>\t\t\t\t\t<\/div>\n\t\t\t\t\n\t\t\t\t\t\t\t\t\t<\/div>\n\t\t\t\t\t\t<\/div>\n\t\t\t\t<\/div>\n\t\t\t\t<\/div>\n\t\t\t\t<\/div>\n\t\t","protected":false},"excerpt":{"rendered":"<p>Welcome to Veli\u010dastna, an old, magical town house in the heart of Lo\u017e, where art and comfort intertwine to create a unique experience. The rooms are set within a gallery space featuring a permanent exhibition of works by the artist Dagmar Mar and guest artists. The ground floor is home to the Edina v mestu [&hellip;]<\/p>\n","protected":false},"author":1,"featured_media":21309,"parent":0,"menu_order":36,"comment_status":"closed","ping_status":"closed","template":"","meta":{"footnotes":""},"class_list":["post-21479","page","type-page","status-publish","has-post-thumbnail","hentry"],"yoast_head":"<!-- This site is optimized with the Yoast SEO plugin v27.4 - https:\/\/yoast.com\/product\/yoast-seo-wordpress\/ -->\n<title>LAAS ART GALLERY - Lo\u0161ka dolina<\/title>\n<meta name=\"robots\" content=\"index, follow, max-snippet:-1, max-image-preview:large, max-video-preview:-1\" \/>\n<link rel=\"canonical\" href=\"https:\/\/www.loskadolina.info\/en\/laas-art-gallery\/\" \/>\n<meta property=\"og:locale\" content=\"en_US\" \/>\n<meta property=\"og:type\" content=\"article\" \/>\n<meta property=\"og:title\" content=\"LAAS ART GALLERY - Lo\u0161ka dolina\" \/>\n<meta property=\"og:description\" content=\"Welcome to Veli\u010dastna, an old, magical town house in the heart of Lo\u017e, where art and comfort intertwine to create a unique experience. The rooms are set within a gallery space featuring a permanent exhibition of works by the artist Dagmar Mar and guest artists. The ground floor is home to the Edina v mestu [&hellip;]\" \/>\n<meta property=\"og:url\" content=\"https:\/\/www.loskadolina.info\/en\/laas-art-gallery\/\" \/>\n<meta property=\"og:site_name\" content=\"Lo\u0161ka dolina\" \/>\n<meta property=\"article:publisher\" content=\"https:\/\/www.facebook.com\/p\/Javni-zavod-Snenik-100064559271460\/\" \/>\n<meta property=\"article:modified_time\" content=\"2026-04-17T05:45:40+00:00\" \/>\n<meta property=\"og:image\" content=\"https:\/\/www.loskadolina.info\/wp-content\/uploads\/2026\/01\/Laas-art-gallery-1.jpg\" \/>\n\t<meta property=\"og:image:width\" content=\"2048\" \/>\n\t<meta property=\"og:image:height\" content=\"1162\" \/>\n\t<meta property=\"og:image:type\" content=\"image\/jpeg\" \/>\n<meta name=\"twitter:card\" content=\"summary_large_image\" \/>\n<meta name=\"twitter:label1\" content=\"Est. reading time\" \/>\n\t<meta name=\"twitter:data1\" content=\"3 minutes\" \/>\n<script type=\"application\/ld+json\" class=\"yoast-schema-graph\">{\"@context\":\"https:\\\/\\\/schema.org\",\"@graph\":[{\"@type\":\"WebPage\",\"@id\":\"https:\\\/\\\/www.loskadolina.info\\\/en\\\/laas-art-gallery\\\/\",\"url\":\"https:\\\/\\\/www.loskadolina.info\\\/en\\\/laas-art-gallery\\\/\",\"name\":\"LAAS ART GALLERY - Lo\u0161ka dolina\",\"isPartOf\":{\"@id\":\"https:\\\/\\\/www.loskadolina.info\\\/en\\\/#website\"},\"primaryImageOfPage\":{\"@id\":\"https:\\\/\\\/www.loskadolina.info\\\/en\\\/laas-art-gallery\\\/#primaryimage\"},\"image\":{\"@id\":\"https:\\\/\\\/www.loskadolina.info\\\/en\\\/laas-art-gallery\\\/#primaryimage\"},\"thumbnailUrl\":\"https:\\\/\\\/www.loskadolina.info\\\/wp-content\\\/uploads\\\/2026\\\/01\\\/Laas-art-gallery-1.jpg\",\"datePublished\":\"2025-11-14T10:32:54+00:00\",\"dateModified\":\"2026-04-17T05:45:40+00:00\",\"breadcrumb\":{\"@id\":\"https:\\\/\\\/www.loskadolina.info\\\/en\\\/laas-art-gallery\\\/#breadcrumb\"},\"inLanguage\":\"en-US\",\"potentialAction\":[{\"@type\":\"ReadAction\",\"target\":[\"https:\\\/\\\/www.loskadolina.info\\\/en\\\/laas-art-gallery\\\/\"]}]},{\"@type\":\"ImageObject\",\"inLanguage\":\"en-US\",\"@id\":\"https:\\\/\\\/www.loskadolina.info\\\/en\\\/laas-art-gallery\\\/#primaryimage\",\"url\":\"https:\\\/\\\/www.loskadolina.info\\\/wp-content\\\/uploads\\\/2026\\\/01\\\/Laas-art-gallery-1.jpg\",\"contentUrl\":\"https:\\\/\\\/www.loskadolina.info\\\/wp-content\\\/uploads\\\/2026\\\/01\\\/Laas-art-gallery-1.jpg\",\"width\":2048,\"height\":1162},{\"@type\":\"BreadcrumbList\",\"@id\":\"https:\\\/\\\/www.loskadolina.info\\\/en\\\/laas-art-gallery\\\/#breadcrumb\",\"itemListElement\":[{\"@type\":\"ListItem\",\"position\":1,\"name\":\"Domov\",\"item\":\"https:\\\/\\\/www.loskadolina.info\\\/en\\\/\"},{\"@type\":\"ListItem\",\"position\":2,\"name\":\"LAAS ART GALLERY\"}]},{\"@type\":\"WebSite\",\"@id\":\"https:\\\/\\\/www.loskadolina.info\\\/en\\\/#website\",\"url\":\"https:\\\/\\\/www.loskadolina.info\\\/en\\\/\",\"name\":\"Lo\u0161ka dolina\",\"description\":\"\",\"publisher\":{\"@id\":\"https:\\\/\\\/www.loskadolina.info\\\/en\\\/#organization\"},\"alternateName\":\"Javni zavod za kulturo, turizem in medgeneracijsko sodelovanje Sne\u017enik\",\"potentialAction\":[{\"@type\":\"SearchAction\",\"target\":{\"@type\":\"EntryPoint\",\"urlTemplate\":\"https:\\\/\\\/www.loskadolina.info\\\/en\\\/?s={search_term_string}\"},\"query-input\":{\"@type\":\"PropertyValueSpecification\",\"valueRequired\":true,\"valueName\":\"search_term_string\"}}],\"inLanguage\":\"en-US\"},{\"@type\":\"Organization\",\"@id\":\"https:\\\/\\\/www.loskadolina.info\\\/en\\\/#organization\",\"name\":\"Javni zavod Sne\u017enik\",\"alternateName\":\"Javni zavod za kulturo, turizem in medgeneracijsko sodelovanje Sne\u017enik\",\"url\":\"https:\\\/\\\/www.loskadolina.info\\\/en\\\/\",\"logo\":{\"@type\":\"ImageObject\",\"inLanguage\":\"en-US\",\"@id\":\"https:\\\/\\\/www.loskadolina.info\\\/en\\\/#\\\/schema\\\/logo\\\/image\\\/\",\"url\":\"https:\\\/\\\/www.loskadolina.info\\\/wp-content\\\/uploads\\\/2025\\\/05\\\/logo.svg\",\"contentUrl\":\"https:\\\/\\\/www.loskadolina.info\\\/wp-content\\\/uploads\\\/2025\\\/05\\\/logo.svg\",\"width\":371,\"height\":115,\"caption\":\"Javni zavod Sne\u017enik\"},\"image\":{\"@id\":\"https:\\\/\\\/www.loskadolina.info\\\/en\\\/#\\\/schema\\\/logo\\\/image\\\/\"},\"sameAs\":[\"https:\\\/\\\/www.facebook.com\\\/p\\\/Javni-zavod-Snenik-100064559271460\\\/\",\"https:\\\/\\\/www.instagram.com\\\/loskadolina\\\/\"]}]}<\/script>\n<!-- \/ Yoast SEO plugin. -->","yoast_head_json":{"title":"LAAS ART GALLERY - Lo\u0161ka dolina","robots":{"index":"index","follow":"follow","max-snippet":"max-snippet:-1","max-image-preview":"max-image-preview:large","max-video-preview":"max-video-preview:-1"},"canonical":"https:\/\/www.loskadolina.info\/en\/laas-art-gallery\/","og_locale":"en_US","og_type":"article","og_title":"LAAS ART GALLERY - Lo\u0161ka dolina","og_description":"Welcome to Veli\u010dastna, an old, magical town house in the heart of Lo\u017e, where art and comfort intertwine to create a unique experience. The rooms are set within a gallery space featuring a permanent exhibition of works by the artist Dagmar Mar and guest artists. The ground floor is home to the Edina v mestu [&hellip;]","og_url":"https:\/\/www.loskadolina.info\/en\/laas-art-gallery\/","og_site_name":"Lo\u0161ka dolina","article_publisher":"https:\/\/www.facebook.com\/p\/Javni-zavod-Snenik-100064559271460\/","article_modified_time":"2026-04-17T05:45:40+00:00","og_image":[{"width":2048,"height":1162,"url":"https:\/\/www.loskadolina.info\/wp-content\/uploads\/2026\/01\/Laas-art-gallery-1.jpg","type":"image\/jpeg"}],"twitter_card":"summary_large_image","twitter_misc":{"Est. reading time":"3 minutes"},"schema":{"@context":"https:\/\/schema.org","@graph":[{"@type":"WebPage","@id":"https:\/\/www.loskadolina.info\/en\/laas-art-gallery\/","url":"https:\/\/www.loskadolina.info\/en\/laas-art-gallery\/","name":"LAAS ART GALLERY - Lo\u0161ka dolina","isPartOf":{"@id":"https:\/\/www.loskadolina.info\/en\/#website"},"primaryImageOfPage":{"@id":"https:\/\/www.loskadolina.info\/en\/laas-art-gallery\/#primaryimage"},"image":{"@id":"https:\/\/www.loskadolina.info\/en\/laas-art-gallery\/#primaryimage"},"thumbnailUrl":"https:\/\/www.loskadolina.info\/wp-content\/uploads\/2026\/01\/Laas-art-gallery-1.jpg","datePublished":"2025-11-14T10:32:54+00:00","dateModified":"2026-04-17T05:45:40+00:00","breadcrumb":{"@id":"https:\/\/www.loskadolina.info\/en\/laas-art-gallery\/#breadcrumb"},"inLanguage":"en-US","potentialAction":[{"@type":"ReadAction","target":["https:\/\/www.loskadolina.info\/en\/laas-art-gallery\/"]}]},{"@type":"ImageObject","inLanguage":"en-US","@id":"https:\/\/www.loskadolina.info\/en\/laas-art-gallery\/#primaryimage","url":"https:\/\/www.loskadolina.info\/wp-content\/uploads\/2026\/01\/Laas-art-gallery-1.jpg","contentUrl":"https:\/\/www.loskadolina.info\/wp-content\/uploads\/2026\/01\/Laas-art-gallery-1.jpg","width":2048,"height":1162},{"@type":"BreadcrumbList","@id":"https:\/\/www.loskadolina.info\/en\/laas-art-gallery\/#breadcrumb","itemListElement":[{"@type":"ListItem","position":1,"name":"Domov","item":"https:\/\/www.loskadolina.info\/en\/"},{"@type":"ListItem","position":2,"name":"LAAS ART GALLERY"}]},{"@type":"WebSite","@id":"https:\/\/www.loskadolina.info\/en\/#website","url":"https:\/\/www.loskadolina.info\/en\/","name":"Lo\u0161ka dolina","description":"","publisher":{"@id":"https:\/\/www.loskadolina.info\/en\/#organization"},"alternateName":"Javni zavod za kulturo, turizem in medgeneracijsko sodelovanje Sne\u017enik","potentialAction":[{"@type":"SearchAction","target":{"@type":"EntryPoint","urlTemplate":"https:\/\/www.loskadolina.info\/en\/?s={search_term_string}"},"query-input":{"@type":"PropertyValueSpecification","valueRequired":true,"valueName":"search_term_string"}}],"inLanguage":"en-US"},{"@type":"Organization","@id":"https:\/\/www.loskadolina.info\/en\/#organization","name":"Javni zavod Sne\u017enik","alternateName":"Javni zavod za kulturo, turizem in medgeneracijsko sodelovanje Sne\u017enik","url":"https:\/\/www.loskadolina.info\/en\/","logo":{"@type":"ImageObject","inLanguage":"en-US","@id":"https:\/\/www.loskadolina.info\/en\/#\/schema\/logo\/image\/","url":"https:\/\/www.loskadolina.info\/wp-content\/uploads\/2025\/05\/logo.svg","contentUrl":"https:\/\/www.loskadolina.info\/wp-content\/uploads\/2025\/05\/logo.svg","width":371,"height":115,"caption":"Javni zavod Sne\u017enik"},"image":{"@id":"https:\/\/www.loskadolina.info\/en\/#\/schema\/logo\/image\/"},"sameAs":["https:\/\/www.facebook.com\/p\/Javni-zavod-Snenik-100064559271460\/","https:\/\/www.instagram.com\/loskadolina\/"]}]}},"_links":{"self":[{"href":"https:\/\/www.loskadolina.info\/en\/wp-json\/wp\/v2\/pages\/21479","targetHints":{"allow":["GET"]}}],"collection":[{"href":"https:\/\/www.loskadolina.info\/en\/wp-json\/wp\/v2\/pages"}],"about":[{"href":"https:\/\/www.loskadolina.info\/en\/wp-json\/wp\/v2\/types\/page"}],"author":[{"embeddable":true,"href":"https:\/\/www.loskadolina.info\/en\/wp-json\/wp\/v2\/users\/1"}],"replies":[{"embeddable":true,"href":"https:\/\/www.loskadolina.info\/en\/wp-json\/wp\/v2\/comments?post=21479"}],"version-history":[{"count":2,"href":"https:\/\/www.loskadolina.info\/en\/wp-json\/wp\/v2\/pages\/21479\/revisions"}],"predecessor-version":[{"id":21684,"href":"https:\/\/www.loskadolina.info\/en\/wp-json\/wp\/v2\/pages\/21479\/revisions\/21684"}],"wp:featuredmedia":[{"embeddable":true,"href":"https:\/\/www.loskadolina.info\/en\/wp-json\/wp\/v2\/media\/21309"}],"wp:attachment":[{"href":"https:\/\/www.loskadolina.info\/en\/wp-json\/wp\/v2\/media?parent=21479"}],"curies":[{"name":"wp","href":"https:\/\/api.w.org\/{rel}","templated":true}]}}