{"id":21223,"date":"2025-11-13T09:50:15","date_gmt":"2025-11-13T08:50:15","guid":{"rendered":"https:\/\/www.loskadolina.info\/ostrnice-traditional-hay-drying-racks\/"},"modified":"2026-04-17T07:52:22","modified_gmt":"2026-04-17T05:52:22","slug":"ostrnice-traditional-hay-drying-racks","status":"publish","type":"page","link":"https:\/\/www.loskadolina.info\/en\/attractions\/ostrnice-traditional-hay-drying-racks\/","title":{"rendered":"Ostrnice (traditional hay-drying racks)"},"content":{"rendered":"\t\t<div data-elementor-type=\"wp-page\" data-elementor-id=\"21223\" class=\"elementor elementor-21223 elementor-1813\" data-elementor-post-type=\"page\">\n\t\t\t\t<div class=\"aux-parallax-section elementor-element elementor-element-5e18c75 e-flex e-con-boxed e-con e-parent\" data-id=\"5e18c75\" data-element_type=\"container\" data-e-type=\"container\">\n\t\t\t\t\t<div class=\"e-con-inner\">\n\t\t<div class=\"elementor-element elementor-element-911a71b e-con-full e-flex e-con e-child\" data-id=\"911a71b\" data-element_type=\"container\" data-e-type=\"container\">\n\t\t\t\t<div class=\"elementor-element elementor-element-ac1b1b4 elementor-widget elementor-widget-aux_featured_image\" data-id=\"ac1b1b4\" data-element_type=\"widget\" data-e-type=\"widget\" data-widget_type=\"aux_featured_image.default\">\n\t\t\t\t<div class=\"elementor-widget-container\">\n\t\t\t\t\t<div class=\"aux-media-frame aux-media-image\"><img fetchpriority=\"high\" decoding=\"async\" width=\"1024\" height=\"1024\" src=\"https:\/\/www.loskadolina.info\/wp-content\/uploads\/2026\/01\/Ostrnice-1-1024x1024.jpg\" class=\"aux-attachment aux-featured-image attachment-1024x1024 aux-attachment-id-21224 \" alt=\"Ostrnice (traditional hay-drying racks)\" srcset=\"https:\/\/www.loskadolina.info\/wp-content\/uploads\/2026\/01\/Ostrnice-1-150x150.jpg 150w,https:\/\/www.loskadolina.info\/wp-content\/uploads\/2026\/01\/Ostrnice-1-300x300.jpg 300w,https:\/\/www.loskadolina.info\/wp-content\/uploads\/2026\/01\/Ostrnice-1-768x768.jpg 768w,https:\/\/www.loskadolina.info\/wp-content\/uploads\/2026\/01\/Ostrnice-1-1024x1024.jpg 1024w,https:\/\/www.loskadolina.info\/wp-content\/uploads\/2026\/01\/Ostrnice-1-1024x1024.jpg 1024w,https:\/\/www.loskadolina.info\/wp-content\/uploads\/2026\/01\/Ostrnice-1-scaled-2550x2550.jpg 2550w\" data-ratio=\"1\" data-original-w=\"2560\" sizes=\"(max-width:479px) 480px,(max-width:767px) 768px,(max-width:1023px) 1024px,1024px\" \/><\/div>\t\t\t\t<\/div>\n\t\t\t\t<\/div>\n\t\t\t\t<\/div>\n\t\t<div class=\"elementor-element elementor-element-06333a0 e-con-full e-flex e-con e-child\" data-id=\"06333a0\" data-element_type=\"container\" data-e-type=\"container\">\n\t\t<div class=\"elementor-element elementor-element-9c459c6 e-con-full e-flex e-con e-child\" data-id=\"9c459c6\" data-element_type=\"container\" data-e-type=\"container\">\n\t\t\t\t<div class=\"elementor-element elementor-element-9743789 elementor-widget elementor-widget-theme-post-title elementor-page-title elementor-widget-heading\" data-id=\"9743789\" data-element_type=\"widget\" data-e-type=\"widget\" data-widget_type=\"theme-post-title.default\">\n\t\t\t\t<div class=\"elementor-widget-container\">\n\t\t\t\t\t<h1 class=\"elementor-heading-title elementor-size-default\">Ostrnice (traditional hay-drying racks)<\/h1>\t\t\t\t<\/div>\n\t\t\t\t<\/div>\n\t\t\t\t<div class=\"elementor-element elementor-element-09181d9 elementor-widget elementor-widget-text-editor\" data-id=\"09181d9\" data-element_type=\"widget\" data-e-type=\"widget\" data-widget_type=\"text-editor.default\">\n\t\t\t\t<div class=\"elementor-widget-container\">\n\t\t\t\t\t\t\t\t\t<p>Until recently, the cultural landscape of Lo\u0161ka dolina was characterised by ostrnice (traditional hay-drying racks). In technical terms, these are merely tools for drying hay, but symbolically, they are part of the identity and pride of Lo\u0161ka dolina.<\/p><p>Dotted densely across the fields of Lo\u0161ka dolina, the ancient appearance of the ostrnice gave the landscape an idyllic character that has inspired numerous artists. Ostrnice bear witness to a vital life force and the connection between the farmer and the land, reflecting a sense of belonging to one\u2019s native soil and nation.<\/p><p>The lopped tops of spruce or fir trees are fixed into the ground and artfully surrounded with semi-dried clover, hay, or even sheaves of grain or beans. Stacking the ostrnice was a demanding task with a precisely defined procedure passed down from generation to generation.<\/p><p>You can witness a demonstration of stacking ostrnice at the traditional ethnological event \u2018In the Land of Ostrnice\u2019 in mid-June; however, they now stand proudly in the fields in only a few places, most often around the villages of Dane, Podgora, or \u0160marata.<\/p>\t\t\t\t\t\t\t\t<\/div>\n\t\t\t\t<\/div>\n\t\t\t\t<\/div>\n\t\t\t\t<\/div>\n\t\t\t\t\t<\/div>\n\t\t\t\t<\/div>\n\t\t<div class=\"aux-parallax-section elementor-element elementor-element-2b933d4 e-con-full e-flex e-con e-parent\" data-id=\"2b933d4\" data-element_type=\"container\" data-e-type=\"container\" data-settings=\"{&quot;background_background&quot;:&quot;classic&quot;}\">\n\t\t\t\t<div class=\"elementor-element elementor-element-72a8785 elementor-arrows-position-inside elementor-widget elementor-widget-image-carousel\" data-id=\"72a8785\" data-element_type=\"widget\" data-e-type=\"widget\" data-settings=\"{&quot;slides_to_show&quot;:&quot;6&quot;,&quot;navigation&quot;:&quot;arrows&quot;,&quot;image_spacing_custom&quot;:{&quot;unit&quot;:&quot;px&quot;,&quot;size&quot;:15,&quot;sizes&quot;:[]},&quot;slides_to_show_mobile&quot;:&quot;2&quot;,&quot;autoplay&quot;:&quot;yes&quot;,&quot;pause_on_hover&quot;:&quot;yes&quot;,&quot;pause_on_interaction&quot;:&quot;yes&quot;,&quot;autoplay_speed&quot;:5000,&quot;infinite&quot;:&quot;yes&quot;,&quot;speed&quot;:500,&quot;image_spacing_custom_tablet&quot;:{&quot;unit&quot;:&quot;px&quot;,&quot;size&quot;:&quot;&quot;,&quot;sizes&quot;:[]},&quot;image_spacing_custom_mobile&quot;:{&quot;unit&quot;:&quot;px&quot;,&quot;size&quot;:&quot;&quot;,&quot;sizes&quot;:[]}}\" data-widget_type=\"image-carousel.default\">\n\t\t\t\t<div class=\"elementor-widget-container\">\n\t\t\t\t\t\t\t<div class=\"elementor-image-carousel-wrapper swiper\" role=\"region\" aria-roledescription=\"carousel\" aria-label=\"Image Carousel\" dir=\"ltr\">\n\t\t\t<div class=\"elementor-image-carousel swiper-wrapper\" aria-live=\"off\">\n\t\t\t\t\t\t\t\t<div class=\"swiper-slide\" role=\"group\" aria-roledescription=\"slide\" aria-label=\"1 of 8\"><a data-elementor-open-lightbox=\"yes\" data-elementor-lightbox-slideshow=\"72a8785\" data-elementor-lightbox-title=\"Foto: Zoran Vidrih\" data-e-action-hash=\"#elementor-action%3Aaction%3Dlightbox%26settings%3DeyJpZCI6MjEyMjQsInVybCI6Imh0dHBzOlwvXC93d3cubG9za2Fkb2xpbmEuaW5mb1wvd3AtY29udGVudFwvdXBsb2Fkc1wvMjAyNlwvMDFcL09zdHJuaWNlLTEtc2NhbGVkLmpwZyIsInNsaWRlc2hvdyI6IjcyYTg3ODUifQ%3D%3D\" href=\"https:\/\/www.loskadolina.info\/wp-content\/uploads\/2026\/01\/Ostrnice-1-scaled.jpg\"><figure class=\"swiper-slide-inner\"><img decoding=\"async\" class=\"swiper-slide-image\" src=\"https:\/\/www.loskadolina.info\/wp-content\/uploads\/2026\/01\/Ostrnice-1-300x300.jpg\" alt=\"Ostrnice (traditional hay-drying racks)\" \/><\/figure><\/a><\/div><div class=\"swiper-slide\" role=\"group\" aria-roledescription=\"slide\" aria-label=\"2 of 8\"><a data-elementor-open-lightbox=\"yes\" data-elementor-lightbox-slideshow=\"72a8785\" data-elementor-lightbox-title=\"Photo: Zoran Vidrih\" data-e-action-hash=\"#elementor-action%3Aaction%3Dlightbox%26settings%3DeyJpZCI6MjEyMjUsInVybCI6Imh0dHBzOlwvXC93d3cubG9za2Fkb2xpbmEuaW5mb1wvd3AtY29udGVudFwvdXBsb2Fkc1wvMjAyNlwvMDFcL09zdHJuaWNhLTItc2NhbGVkLmpwZyIsInNsaWRlc2hvdyI6IjcyYTg3ODUifQ%3D%3D\" href=\"https:\/\/www.loskadolina.info\/wp-content\/uploads\/2026\/01\/Ostrnica-2-scaled.jpg\"><figure class=\"swiper-slide-inner\"><img decoding=\"async\" class=\"swiper-slide-image\" src=\"https:\/\/www.loskadolina.info\/wp-content\/uploads\/2026\/01\/Ostrnica-2-300x300.jpg\" alt=\"Ostrnica\" \/><\/figure><\/a><\/div><div class=\"swiper-slide\" role=\"group\" aria-roledescription=\"slide\" aria-label=\"3 of 8\"><a data-elementor-open-lightbox=\"yes\" data-elementor-lightbox-slideshow=\"72a8785\" data-elementor-lightbox-title=\"Photo: Zoran Vidrih\" data-e-action-hash=\"#elementor-action%3Aaction%3Dlightbox%26settings%3DeyJpZCI6MjEyMjYsInVybCI6Imh0dHBzOlwvXC93d3cubG9za2Fkb2xpbmEuaW5mb1wvd3AtY29udGVudFwvdXBsb2Fkc1wvMjAyNlwvMDFcL09zdHJuaWNlLTMtc2NhbGVkLmpwZyIsInNsaWRlc2hvdyI6IjcyYTg3ODUifQ%3D%3D\" href=\"https:\/\/www.loskadolina.info\/wp-content\/uploads\/2026\/01\/Ostrnice-3-scaled.jpg\"><figure class=\"swiper-slide-inner\"><img decoding=\"async\" class=\"swiper-slide-image\" src=\"https:\/\/www.loskadolina.info\/wp-content\/uploads\/2026\/01\/Ostrnice-3-300x300.jpg\" alt=\"Ostrnice and bird\" \/><\/figure><\/a><\/div><div class=\"swiper-slide\" role=\"group\" aria-roledescription=\"slide\" aria-label=\"4 of 8\"><a data-elementor-open-lightbox=\"yes\" data-elementor-lightbox-slideshow=\"72a8785\" data-elementor-lightbox-title=\"Photo: Zoran Vidrih\" data-e-action-hash=\"#elementor-action%3Aaction%3Dlightbox%26settings%3DeyJpZCI6MjEyMjcsInVybCI6Imh0dHBzOlwvXC93d3cubG9za2Fkb2xpbmEuaW5mb1wvd3AtY29udGVudFwvdXBsb2Fkc1wvMjAyNlwvMDFcL09zdHJuaWNlLTQtc2NhbGVkLmpwZyIsInNsaWRlc2hvdyI6IjcyYTg3ODUifQ%3D%3D\" href=\"https:\/\/www.loskadolina.info\/wp-content\/uploads\/2026\/01\/Ostrnice-4-scaled.jpg\"><figure class=\"swiper-slide-inner\"><img decoding=\"async\" class=\"swiper-slide-image\" src=\"https:\/\/www.loskadolina.info\/wp-content\/uploads\/2026\/01\/Ostrnice-4-300x300.jpg\" alt=\"Ostrnice with sunset\" \/><\/figure><\/a><\/div><div class=\"swiper-slide\" role=\"group\" aria-roledescription=\"slide\" aria-label=\"5 of 8\"><a data-elementor-open-lightbox=\"yes\" data-elementor-lightbox-slideshow=\"72a8785\" data-elementor-lightbox-title=\"Photo: Zoran Vidrih\" data-e-action-hash=\"#elementor-action%3Aaction%3Dlightbox%26settings%3DeyJpZCI6MjEyMjgsInVybCI6Imh0dHBzOlwvXC93d3cubG9za2Fkb2xpbmEuaW5mb1wvd3AtY29udGVudFwvdXBsb2Fkc1wvMjAyNlwvMDFcL09zdHJuaWNlLTYtc2NhbGVkLmpwZyIsInNsaWRlc2hvdyI6IjcyYTg3ODUifQ%3D%3D\" href=\"https:\/\/www.loskadolina.info\/wp-content\/uploads\/2026\/01\/Ostrnice-6-scaled.jpg\"><figure class=\"swiper-slide-inner\"><img decoding=\"async\" class=\"swiper-slide-image\" src=\"https:\/\/www.loskadolina.info\/wp-content\/uploads\/2026\/01\/Ostrnice-6-300x300.jpg\" alt=\"Ostrnice at night\" \/><\/figure><\/a><\/div><div class=\"swiper-slide\" role=\"group\" aria-roledescription=\"slide\" aria-label=\"6 of 8\"><a data-elementor-open-lightbox=\"yes\" data-elementor-lightbox-slideshow=\"72a8785\" data-elementor-lightbox-title=\"Photo: Borut Kra\u0161evec\" data-e-action-hash=\"#elementor-action%3Aaction%3Dlightbox%26settings%3DeyJpZCI6MjEyMjksInVybCI6Imh0dHBzOlwvXC93d3cubG9za2Fkb2xpbmEuaW5mb1wvd3AtY29udGVudFwvdXBsb2Fkc1wvMjAyNlwvMDFcL09zdHJuaWNlLTcuanBnIiwic2xpZGVzaG93IjoiNzJhODc4NSJ9\" href=\"https:\/\/www.loskadolina.info\/wp-content\/uploads\/2026\/01\/Ostrnice-7.jpg\"><figure class=\"swiper-slide-inner\"><img decoding=\"async\" class=\"swiper-slide-image\" src=\"https:\/\/www.loskadolina.info\/wp-content\/uploads\/2026\/01\/Ostrnice-7-300x300.jpg\" alt=\"Ostrnice (traditional hay-drying racks)\" \/><\/figure><\/a><\/div><div class=\"swiper-slide\" role=\"group\" aria-roledescription=\"slide\" aria-label=\"7 of 8\"><a data-elementor-open-lightbox=\"yes\" data-elementor-lightbox-slideshow=\"72a8785\" data-elementor-lightbox-title=\"Photo: Matja\u017e \u017dnidar\u0161i\u010d\" data-e-action-hash=\"#elementor-action%3Aaction%3Dlightbox%26settings%3DeyJpZCI6MjEyMzAsInVybCI6Imh0dHBzOlwvXC93d3cubG9za2Fkb2xpbmEuaW5mb1wvd3AtY29udGVudFwvdXBsb2Fkc1wvMjAyNlwvMDFcL09zdHJuaWNlLTgtc2NhbGVkLmpwZyIsInNsaWRlc2hvdyI6IjcyYTg3ODUifQ%3D%3D\" href=\"https:\/\/www.loskadolina.info\/wp-content\/uploads\/2026\/01\/Ostrnice-8-scaled.jpg\"><figure class=\"swiper-slide-inner\"><img decoding=\"async\" class=\"swiper-slide-image\" src=\"https:\/\/www.loskadolina.info\/wp-content\/uploads\/2026\/01\/Ostrnice-8-300x300.jpg\" alt=\"Ostrnice (traditional hay-drying racks)\" \/><\/figure><\/a><\/div><div class=\"swiper-slide\" role=\"group\" aria-roledescription=\"slide\" aria-label=\"8 of 8\"><a data-elementor-open-lightbox=\"yes\" data-elementor-lightbox-slideshow=\"72a8785\" data-elementor-lightbox-title=\"Photo: Borut Kra\u0161evec\" data-e-action-hash=\"#elementor-action%3Aaction%3Dlightbox%26settings%3DeyJpZCI6MjEyMzEsInVybCI6Imh0dHBzOlwvXC93d3cubG9za2Fkb2xpbmEuaW5mb1wvd3AtY29udGVudFwvdXBsb2Fkc1wvMjAyNlwvMDRcL09TVFJOSUNFLmpwZyIsInNsaWRlc2hvdyI6IjcyYTg3ODUifQ%3D%3D\" href=\"https:\/\/www.loskadolina.info\/wp-content\/uploads\/2026\/04\/OSTRNICE.jpg\"><figure class=\"swiper-slide-inner\"><img decoding=\"async\" class=\"swiper-slide-image\" src=\"https:\/\/www.loskadolina.info\/wp-content\/uploads\/2026\/04\/OSTRNICE-300x300.jpg\" alt=\"Ostrnice with ladder\" \/><\/figure><\/a><\/div>\t\t\t<\/div>\n\t\t\t\t\t\t\t\t\t\t\t\t<div class=\"elementor-swiper-button elementor-swiper-button-prev\" role=\"button\" tabindex=\"0\">\n\t\t\t\t\t\t<i aria-hidden=\"true\" class=\"eicon-chevron-left\"><\/i>\t\t\t\t\t<\/div>\n\t\t\t\t\t<div class=\"elementor-swiper-button elementor-swiper-button-next\" role=\"button\" tabindex=\"0\">\n\t\t\t\t\t\t<i aria-hidden=\"true\" class=\"eicon-chevron-right\"><\/i>\t\t\t\t\t<\/div>\n\t\t\t\t\n\t\t\t\t\t\t\t\t\t<\/div>\n\t\t\t\t\t\t<\/div>\n\t\t\t\t<\/div>\n\t\t\t\t<\/div>\n\t\t\t\t<\/div>\n\t\t","protected":false},"excerpt":{"rendered":"<p>Until recently, the cultural landscape of Lo\u0161ka dolina was characterised by ostrnice (traditional hay-drying racks). In technical terms, these are merely tools for drying hay, but symbolically, they are part of the identity and pride of Lo\u0161ka dolina. Dotted densely across the fields of Lo\u0161ka dolina, the ancient appearance of the ostrnice gave the landscape [&hellip;]<\/p>\n","protected":false},"author":1,"featured_media":21224,"parent":21285,"menu_order":13,"comment_status":"closed","ping_status":"closed","template":"","meta":{"footnotes":""},"class_list":["post-21223","page","type-page","status-publish","has-post-thumbnail","hentry"],"yoast_head":"<!-- This site is optimized with the Yoast SEO plugin v27.5 - https:\/\/yoast.com\/product\/yoast-seo-wordpress\/ -->\n<title>Ostrnice (traditional hay-drying racks) - Lo\u0161ka dolina<\/title>\n<meta name=\"robots\" content=\"index, follow, max-snippet:-1, max-image-preview:large, max-video-preview:-1\" \/>\n<link rel=\"canonical\" href=\"https:\/\/www.loskadolina.info\/en\/attractions\/ostrnice-traditional-hay-drying-racks\/\" \/>\n<meta property=\"og:locale\" content=\"en_US\" \/>\n<meta property=\"og:type\" content=\"article\" \/>\n<meta property=\"og:title\" content=\"Ostrnice (traditional hay-drying racks) - Lo\u0161ka dolina\" \/>\n<meta property=\"og:description\" content=\"Until recently, the cultural landscape of Lo\u0161ka dolina was characterised by ostrnice (traditional hay-drying racks). In technical terms, these are merely tools for drying hay, but symbolically, they are part of the identity and pride of Lo\u0161ka dolina. Dotted densely across the fields of Lo\u0161ka dolina, the ancient appearance of the ostrnice gave the landscape [&hellip;]\" \/>\n<meta property=\"og:url\" content=\"https:\/\/www.loskadolina.info\/en\/attractions\/ostrnice-traditional-hay-drying-racks\/\" \/>\n<meta property=\"og:site_name\" content=\"Lo\u0161ka dolina\" \/>\n<meta property=\"article:publisher\" content=\"https:\/\/www.facebook.com\/p\/Javni-zavod-Snenik-100064559271460\/\" \/>\n<meta property=\"article:modified_time\" content=\"2026-04-17T05:52:22+00:00\" \/>\n<meta property=\"og:image\" content=\"https:\/\/www.loskadolina.info\/wp-content\/uploads\/2026\/01\/Ostrnice-1-scaled.jpg\" \/>\n\t<meta property=\"og:image:width\" content=\"2560\" \/>\n\t<meta property=\"og:image:height\" content=\"1707\" \/>\n\t<meta property=\"og:image:type\" content=\"image\/jpeg\" \/>\n<meta name=\"twitter:card\" content=\"summary_large_image\" \/>\n<meta name=\"twitter:label1\" content=\"Est. reading time\" \/>\n\t<meta name=\"twitter:data1\" content=\"3 minutes\" \/>\n<script type=\"application\/ld+json\" class=\"yoast-schema-graph\">{\"@context\":\"https:\\\/\\\/schema.org\",\"@graph\":[{\"@type\":\"WebPage\",\"@id\":\"https:\\\/\\\/www.loskadolina.info\\\/en\\\/attractions\\\/ostrnice-traditional-hay-drying-racks\\\/\",\"url\":\"https:\\\/\\\/www.loskadolina.info\\\/en\\\/attractions\\\/ostrnice-traditional-hay-drying-racks\\\/\",\"name\":\"Ostrnice (traditional hay-drying racks) - Lo\u0161ka dolina\",\"isPartOf\":{\"@id\":\"https:\\\/\\\/www.loskadolina.info\\\/en\\\/#website\"},\"primaryImageOfPage\":{\"@id\":\"https:\\\/\\\/www.loskadolina.info\\\/en\\\/attractions\\\/ostrnice-traditional-hay-drying-racks\\\/#primaryimage\"},\"image\":{\"@id\":\"https:\\\/\\\/www.loskadolina.info\\\/en\\\/attractions\\\/ostrnice-traditional-hay-drying-racks\\\/#primaryimage\"},\"thumbnailUrl\":\"https:\\\/\\\/www.loskadolina.info\\\/wp-content\\\/uploads\\\/2026\\\/01\\\/Ostrnice-1-scaled.jpg\",\"datePublished\":\"2025-11-13T08:50:15+00:00\",\"dateModified\":\"2026-04-17T05:52:22+00:00\",\"breadcrumb\":{\"@id\":\"https:\\\/\\\/www.loskadolina.info\\\/en\\\/attractions\\\/ostrnice-traditional-hay-drying-racks\\\/#breadcrumb\"},\"inLanguage\":\"en-US\",\"potentialAction\":[{\"@type\":\"ReadAction\",\"target\":[\"https:\\\/\\\/www.loskadolina.info\\\/en\\\/attractions\\\/ostrnice-traditional-hay-drying-racks\\\/\"]}]},{\"@type\":\"ImageObject\",\"inLanguage\":\"en-US\",\"@id\":\"https:\\\/\\\/www.loskadolina.info\\\/en\\\/attractions\\\/ostrnice-traditional-hay-drying-racks\\\/#primaryimage\",\"url\":\"https:\\\/\\\/www.loskadolina.info\\\/wp-content\\\/uploads\\\/2026\\\/01\\\/Ostrnice-1-scaled.jpg\",\"contentUrl\":\"https:\\\/\\\/www.loskadolina.info\\\/wp-content\\\/uploads\\\/2026\\\/01\\\/Ostrnice-1-scaled.jpg\",\"width\":2560,\"height\":1707,\"caption\":\"Ostrnice (traditional hay-drying racks)\"},{\"@type\":\"BreadcrumbList\",\"@id\":\"https:\\\/\\\/www.loskadolina.info\\\/en\\\/attractions\\\/ostrnice-traditional-hay-drying-racks\\\/#breadcrumb\",\"itemListElement\":[{\"@type\":\"ListItem\",\"position\":1,\"name\":\"Domov\",\"item\":\"https:\\\/\\\/www.loskadolina.info\\\/en\\\/\"},{\"@type\":\"ListItem\",\"position\":2,\"name\":\"Attractions\",\"item\":\"https:\\\/\\\/www.loskadolina.info\\\/en\\\/attractions\\\/\"},{\"@type\":\"ListItem\",\"position\":3,\"name\":\"Ostrnice (traditional hay-drying racks)\"}]},{\"@type\":\"WebSite\",\"@id\":\"https:\\\/\\\/www.loskadolina.info\\\/en\\\/#website\",\"url\":\"https:\\\/\\\/www.loskadolina.info\\\/en\\\/\",\"name\":\"Lo\u0161ka dolina\",\"description\":\"\",\"publisher\":{\"@id\":\"https:\\\/\\\/www.loskadolina.info\\\/en\\\/#organization\"},\"alternateName\":\"Javni zavod za kulturo, turizem in medgeneracijsko sodelovanje Sne\u017enik\",\"potentialAction\":[{\"@type\":\"SearchAction\",\"target\":{\"@type\":\"EntryPoint\",\"urlTemplate\":\"https:\\\/\\\/www.loskadolina.info\\\/en\\\/?s={search_term_string}\"},\"query-input\":{\"@type\":\"PropertyValueSpecification\",\"valueRequired\":true,\"valueName\":\"search_term_string\"}}],\"inLanguage\":\"en-US\"},{\"@type\":\"Organization\",\"@id\":\"https:\\\/\\\/www.loskadolina.info\\\/en\\\/#organization\",\"name\":\"Javni zavod Sne\u017enik\",\"alternateName\":\"Javni zavod za kulturo, turizem in medgeneracijsko sodelovanje Sne\u017enik\",\"url\":\"https:\\\/\\\/www.loskadolina.info\\\/en\\\/\",\"logo\":{\"@type\":\"ImageObject\",\"inLanguage\":\"en-US\",\"@id\":\"https:\\\/\\\/www.loskadolina.info\\\/en\\\/#\\\/schema\\\/logo\\\/image\\\/\",\"url\":\"https:\\\/\\\/www.loskadolina.info\\\/wp-content\\\/uploads\\\/2025\\\/05\\\/logo.svg\",\"contentUrl\":\"https:\\\/\\\/www.loskadolina.info\\\/wp-content\\\/uploads\\\/2025\\\/05\\\/logo.svg\",\"width\":371,\"height\":115,\"caption\":\"Javni zavod Sne\u017enik\"},\"image\":{\"@id\":\"https:\\\/\\\/www.loskadolina.info\\\/en\\\/#\\\/schema\\\/logo\\\/image\\\/\"},\"sameAs\":[\"https:\\\/\\\/www.facebook.com\\\/p\\\/Javni-zavod-Snenik-100064559271460\\\/\",\"https:\\\/\\\/www.instagram.com\\\/loskadolina\\\/\"]}]}<\/script>\n<!-- \/ Yoast SEO plugin. -->","yoast_head_json":{"title":"Ostrnice (traditional hay-drying racks) - Lo\u0161ka dolina","robots":{"index":"index","follow":"follow","max-snippet":"max-snippet:-1","max-image-preview":"max-image-preview:large","max-video-preview":"max-video-preview:-1"},"canonical":"https:\/\/www.loskadolina.info\/en\/attractions\/ostrnice-traditional-hay-drying-racks\/","og_locale":"en_US","og_type":"article","og_title":"Ostrnice (traditional hay-drying racks) - Lo\u0161ka dolina","og_description":"Until recently, the cultural landscape of Lo\u0161ka dolina was characterised by ostrnice (traditional hay-drying racks). In technical terms, these are merely tools for drying hay, but symbolically, they are part of the identity and pride of Lo\u0161ka dolina. Dotted densely across the fields of Lo\u0161ka dolina, the ancient appearance of the ostrnice gave the landscape [&hellip;]","og_url":"https:\/\/www.loskadolina.info\/en\/attractions\/ostrnice-traditional-hay-drying-racks\/","og_site_name":"Lo\u0161ka dolina","article_publisher":"https:\/\/www.facebook.com\/p\/Javni-zavod-Snenik-100064559271460\/","article_modified_time":"2026-04-17T05:52:22+00:00","og_image":[{"width":2560,"height":1707,"url":"https:\/\/www.loskadolina.info\/wp-content\/uploads\/2026\/01\/Ostrnice-1-scaled.jpg","type":"image\/jpeg"}],"twitter_card":"summary_large_image","twitter_misc":{"Est. reading time":"3 minutes"},"schema":{"@context":"https:\/\/schema.org","@graph":[{"@type":"WebPage","@id":"https:\/\/www.loskadolina.info\/en\/attractions\/ostrnice-traditional-hay-drying-racks\/","url":"https:\/\/www.loskadolina.info\/en\/attractions\/ostrnice-traditional-hay-drying-racks\/","name":"Ostrnice (traditional hay-drying racks) - Lo\u0161ka dolina","isPartOf":{"@id":"https:\/\/www.loskadolina.info\/en\/#website"},"primaryImageOfPage":{"@id":"https:\/\/www.loskadolina.info\/en\/attractions\/ostrnice-traditional-hay-drying-racks\/#primaryimage"},"image":{"@id":"https:\/\/www.loskadolina.info\/en\/attractions\/ostrnice-traditional-hay-drying-racks\/#primaryimage"},"thumbnailUrl":"https:\/\/www.loskadolina.info\/wp-content\/uploads\/2026\/01\/Ostrnice-1-scaled.jpg","datePublished":"2025-11-13T08:50:15+00:00","dateModified":"2026-04-17T05:52:22+00:00","breadcrumb":{"@id":"https:\/\/www.loskadolina.info\/en\/attractions\/ostrnice-traditional-hay-drying-racks\/#breadcrumb"},"inLanguage":"en-US","potentialAction":[{"@type":"ReadAction","target":["https:\/\/www.loskadolina.info\/en\/attractions\/ostrnice-traditional-hay-drying-racks\/"]}]},{"@type":"ImageObject","inLanguage":"en-US","@id":"https:\/\/www.loskadolina.info\/en\/attractions\/ostrnice-traditional-hay-drying-racks\/#primaryimage","url":"https:\/\/www.loskadolina.info\/wp-content\/uploads\/2026\/01\/Ostrnice-1-scaled.jpg","contentUrl":"https:\/\/www.loskadolina.info\/wp-content\/uploads\/2026\/01\/Ostrnice-1-scaled.jpg","width":2560,"height":1707,"caption":"Ostrnice (traditional hay-drying racks)"},{"@type":"BreadcrumbList","@id":"https:\/\/www.loskadolina.info\/en\/attractions\/ostrnice-traditional-hay-drying-racks\/#breadcrumb","itemListElement":[{"@type":"ListItem","position":1,"name":"Domov","item":"https:\/\/www.loskadolina.info\/en\/"},{"@type":"ListItem","position":2,"name":"Attractions","item":"https:\/\/www.loskadolina.info\/en\/attractions\/"},{"@type":"ListItem","position":3,"name":"Ostrnice (traditional hay-drying racks)"}]},{"@type":"WebSite","@id":"https:\/\/www.loskadolina.info\/en\/#website","url":"https:\/\/www.loskadolina.info\/en\/","name":"Lo\u0161ka dolina","description":"","publisher":{"@id":"https:\/\/www.loskadolina.info\/en\/#organization"},"alternateName":"Javni zavod za kulturo, turizem in medgeneracijsko sodelovanje Sne\u017enik","potentialAction":[{"@type":"SearchAction","target":{"@type":"EntryPoint","urlTemplate":"https:\/\/www.loskadolina.info\/en\/?s={search_term_string}"},"query-input":{"@type":"PropertyValueSpecification","valueRequired":true,"valueName":"search_term_string"}}],"inLanguage":"en-US"},{"@type":"Organization","@id":"https:\/\/www.loskadolina.info\/en\/#organization","name":"Javni zavod Sne\u017enik","alternateName":"Javni zavod za kulturo, turizem in medgeneracijsko sodelovanje Sne\u017enik","url":"https:\/\/www.loskadolina.info\/en\/","logo":{"@type":"ImageObject","inLanguage":"en-US","@id":"https:\/\/www.loskadolina.info\/en\/#\/schema\/logo\/image\/","url":"https:\/\/www.loskadolina.info\/wp-content\/uploads\/2025\/05\/logo.svg","contentUrl":"https:\/\/www.loskadolina.info\/wp-content\/uploads\/2025\/05\/logo.svg","width":371,"height":115,"caption":"Javni zavod Sne\u017enik"},"image":{"@id":"https:\/\/www.loskadolina.info\/en\/#\/schema\/logo\/image\/"},"sameAs":["https:\/\/www.facebook.com\/p\/Javni-zavod-Snenik-100064559271460\/","https:\/\/www.instagram.com\/loskadolina\/"]}]}},"_links":{"self":[{"href":"https:\/\/www.loskadolina.info\/en\/wp-json\/wp\/v2\/pages\/21223","targetHints":{"allow":["GET"]}}],"collection":[{"href":"https:\/\/www.loskadolina.info\/en\/wp-json\/wp\/v2\/pages"}],"about":[{"href":"https:\/\/www.loskadolina.info\/en\/wp-json\/wp\/v2\/types\/page"}],"author":[{"embeddable":true,"href":"https:\/\/www.loskadolina.info\/en\/wp-json\/wp\/v2\/users\/1"}],"replies":[{"embeddable":true,"href":"https:\/\/www.loskadolina.info\/en\/wp-json\/wp\/v2\/comments?post=21223"}],"version-history":[{"count":2,"href":"https:\/\/www.loskadolina.info\/en\/wp-json\/wp\/v2\/pages\/21223\/revisions"}],"predecessor-version":[{"id":21730,"href":"https:\/\/www.loskadolina.info\/en\/wp-json\/wp\/v2\/pages\/21223\/revisions\/21730"}],"up":[{"embeddable":true,"href":"https:\/\/www.loskadolina.info\/en\/wp-json\/wp\/v2\/pages\/21285"}],"wp:featuredmedia":[{"embeddable":true,"href":"https:\/\/www.loskadolina.info\/en\/wp-json\/wp\/v2\/media\/21224"}],"wp:attachment":[{"href":"https:\/\/www.loskadolina.info\/en\/wp-json\/wp\/v2\/media?parent=21223"}],"curies":[{"name":"wp","href":"https:\/\/api.w.org\/{rel}","templated":true}]}}