{"id":21214,"date":"2025-11-13T09:50:30","date_gmt":"2025-11-13T08:50:30","guid":{"rendered":"https:\/\/www.loskadolina.info\/krizna-gora-856-m\/"},"modified":"2026-04-30T13:35:10","modified_gmt":"2026-04-30T11:35:10","slug":"krizna-gora-856-m","status":"publish","type":"page","link":"https:\/\/www.loskadolina.info\/en\/attractions\/krizna-gora-856-m\/","title":{"rendered":"Kri\u017ena gora hill (856 m)"},"content":{"rendered":"\t\t<div data-elementor-type=\"wp-page\" data-elementor-id=\"21214\" class=\"elementor elementor-21214 elementor-1815\" data-elementor-post-type=\"page\">\n\t\t\t\t<div class=\"aux-parallax-section elementor-element elementor-element-02346ca e-flex e-con-boxed e-con e-parent\" data-id=\"02346ca\" data-element_type=\"container\" data-e-type=\"container\">\n\t\t\t\t\t<div class=\"e-con-inner\">\n\t\t<div class=\"elementor-element elementor-element-6583e4e e-con-full e-flex e-con e-child\" data-id=\"6583e4e\" data-element_type=\"container\" data-e-type=\"container\">\n\t\t\t\t<div class=\"elementor-element elementor-element-3b1c535 elementor-widget elementor-widget-aux_featured_image\" data-id=\"3b1c535\" data-element_type=\"widget\" data-e-type=\"widget\" data-widget_type=\"aux_featured_image.default\">\n\t\t\t\t<div class=\"elementor-widget-container\">\n\t\t\t\t\t<div class=\"aux-media-frame aux-media-image\"><img fetchpriority=\"high\" decoding=\"async\" width=\"1024\" height=\"1024\" src=\"https:\/\/www.loskadolina.info\/wp-content\/uploads\/2026\/01\/Krizna-gora-1-1024x1024.jpg\" class=\"aux-attachment aux-featured-image attachment-1024x1024 aux-attachment-id-21215 \" alt=\"Kri\u017ena gora with view\" srcset=\"https:\/\/www.loskadolina.info\/wp-content\/uploads\/2026\/01\/Krizna-gora-1-150x150.jpg 150w,https:\/\/www.loskadolina.info\/wp-content\/uploads\/2026\/01\/Krizna-gora-1-300x300.jpg 300w,https:\/\/www.loskadolina.info\/wp-content\/uploads\/2026\/01\/Krizna-gora-1-768x768.jpg 768w,https:\/\/www.loskadolina.info\/wp-content\/uploads\/2026\/01\/Krizna-gora-1-1024x1024.jpg 1024w,https:\/\/www.loskadolina.info\/wp-content\/uploads\/2026\/01\/Krizna-gora-1-1024x1024.jpg 1024w,https:\/\/www.loskadolina.info\/wp-content\/uploads\/2026\/01\/Krizna-gora-1-scaled-2550x2550.jpg 2550w\" data-ratio=\"1\" data-original-w=\"2560\" sizes=\"(max-width:479px) 480px,(max-width:767px) 768px,(max-width:1023px) 1024px,1024px\" \/><\/div>\t\t\t\t<\/div>\n\t\t\t\t<\/div>\n\t\t\t\t<\/div>\n\t\t<div class=\"elementor-element elementor-element-66da646 e-con-full e-flex e-con e-child\" data-id=\"66da646\" data-element_type=\"container\" data-e-type=\"container\">\n\t\t<div class=\"elementor-element elementor-element-b36baf4 e-con-full e-flex e-con e-child\" data-id=\"b36baf4\" data-element_type=\"container\" data-e-type=\"container\">\n\t\t\t\t<div class=\"elementor-element elementor-element-92c7170 elementor-widget elementor-widget-theme-post-title elementor-page-title elementor-widget-heading\" data-id=\"92c7170\" data-element_type=\"widget\" data-e-type=\"widget\" data-widget_type=\"theme-post-title.default\">\n\t\t\t\t<div class=\"elementor-widget-container\">\n\t\t\t\t\t<h1 class=\"elementor-heading-title elementor-size-default\">Kri\u017ena gora hill (856 m)<\/h1>\t\t\t\t<\/div>\n\t\t\t\t<\/div>\n\t\t\t\t<div class=\"elementor-element elementor-element-9a286fb elementor-widget elementor-widget-text-editor\" data-id=\"9a286fb\" data-element_type=\"widget\" data-e-type=\"widget\" data-widget_type=\"text-editor.default\">\n\t\t\t\t<div class=\"elementor-widget-container\">\n\t\t\t\t\t\t\t\t\t<p>Kri\u017ena gora is an 856 m high panoramic peak located between the Lo\u0161ko polje and Cerkni\u0161ko polje karst fields. The view of the peak is particularly dominated by the pilgrimage <b>Church of the Holy Cross<\/b>. According to folk tradition, a large cross once stood in its place. Believers used to gather by it for prayer.   <\/p><p>As an exceptional vantage point, Kri\u017ena gora has always held an important strategic position. Initially, it was the site of a prehistoric hillfort, followed by a fortified ancient settlement. This is evidenced by numerous <b>archaeological finds<\/b> as well as a preserved 135-metre wall on the northern side of the hill. In the 15th and 16th centuries, the fortification on Kri\u017ena gora served as a refuge from Turkish raids.    <\/p><p>The oldest record of a smaller Church of the Holy Cross on Kri\u017ena gora dates back to 1526. In the 17th century, the church acquired a Renaissance touch with the addition of two new chapels. It flourished as a pilgrimage site after 1743, when <b>thirteen Stations of the Cross chapels<\/b> were erected leading up to it, along with a pilgrimage house and a rectory just below the summit. Due to the increasing number of pilgrims from various places, a larger, late-Baroque church was built with the consent of the Patriarch of Aquileia and consecrated in 1767. The current bell tower was also built alongside it. Storms and fires damaged the roof of the bell tower several times; consequently, it has been covered only by a flat concrete slab since 1927. The rich interior furnishings of the church were partially destroyed and looted in the years following the Second World War.         <\/p><p>The church\u2019s art-historical significance is defined by a monumental and poignant Passion cycle, the work of the Slovenian Baroque master <b>Fortunat Bergant.<\/b> The precious originals in the church altars were replaced by copies, the work of local academic painter Stanislava S. P\u00fadobska, who also created the Stations of the Cross in the chapels, which were thoroughly renovated in 1986.   <\/p><p>Kri\u017ena gora is a very popular excursion point, accessible via <a href=\"https:\/\/www.loskadolina.info\/en\/experiences\/hiking\/\"><strong>several paths.<\/strong><\/a><\/p>\t\t\t\t\t\t\t\t<\/div>\n\t\t\t\t<\/div>\n\t\t\t\t<\/div>\n\t\t\t\t<\/div>\n\t\t\t\t\t<\/div>\n\t\t\t\t<\/div>\n\t\t<div class=\"aux-parallax-section elementor-element elementor-element-9e243f1 e-con-full e-flex e-con e-parent\" data-id=\"9e243f1\" data-element_type=\"container\" data-e-type=\"container\" data-settings=\"{&quot;background_background&quot;:&quot;classic&quot;}\">\n\t\t\t\t<div class=\"elementor-element elementor-element-1fc581d elementor-arrows-position-inside elementor-widget elementor-widget-image-carousel\" data-id=\"1fc581d\" data-element_type=\"widget\" data-e-type=\"widget\" data-settings=\"{&quot;slides_to_show&quot;:&quot;6&quot;,&quot;navigation&quot;:&quot;arrows&quot;,&quot;image_spacing_custom&quot;:{&quot;unit&quot;:&quot;px&quot;,&quot;size&quot;:15,&quot;sizes&quot;:[]},&quot;slides_to_show_mobile&quot;:&quot;2&quot;,&quot;autoplay&quot;:&quot;yes&quot;,&quot;pause_on_hover&quot;:&quot;yes&quot;,&quot;pause_on_interaction&quot;:&quot;yes&quot;,&quot;autoplay_speed&quot;:5000,&quot;infinite&quot;:&quot;yes&quot;,&quot;speed&quot;:500,&quot;image_spacing_custom_tablet&quot;:{&quot;unit&quot;:&quot;px&quot;,&quot;size&quot;:&quot;&quot;,&quot;sizes&quot;:[]},&quot;image_spacing_custom_mobile&quot;:{&quot;unit&quot;:&quot;px&quot;,&quot;size&quot;:&quot;&quot;,&quot;sizes&quot;:[]}}\" data-widget_type=\"image-carousel.default\">\n\t\t\t\t<div class=\"elementor-widget-container\">\n\t\t\t\t\t\t\t<div class=\"elementor-image-carousel-wrapper swiper\" role=\"region\" aria-roledescription=\"carousel\" aria-label=\"Image Carousel\" dir=\"ltr\">\n\t\t\t<div class=\"elementor-image-carousel swiper-wrapper\" aria-live=\"off\">\n\t\t\t\t\t\t\t\t<div class=\"swiper-slide\" role=\"group\" aria-roledescription=\"slide\" aria-label=\"1 of 7\"><a data-elementor-open-lightbox=\"yes\" data-elementor-lightbox-slideshow=\"1fc581d\" data-elementor-lightbox-title=\"Foto: Zoran Vidrih\" data-e-action-hash=\"#elementor-action%3Aaction%3Dlightbox%26settings%3DeyJpZCI6MjEyMTUsInVybCI6Imh0dHBzOlwvXC93d3cubG9za2Fkb2xpbmEuaW5mb1wvd3AtY29udGVudFwvdXBsb2Fkc1wvMjAyNlwvMDFcL0tyaXpuYS1nb3JhLTEtc2NhbGVkLmpwZyIsInNsaWRlc2hvdyI6IjFmYzU4MWQifQ%3D%3D\" href=\"https:\/\/www.loskadolina.info\/wp-content\/uploads\/2026\/01\/Krizna-gora-1-scaled.jpg\"><figure class=\"swiper-slide-inner\"><img decoding=\"async\" class=\"swiper-slide-image\" src=\"https:\/\/www.loskadolina.info\/wp-content\/uploads\/2026\/01\/Krizna-gora-1-300x300.jpg\" alt=\"Kri\u017ena gora with view\" \/><\/figure><\/a><\/div><div class=\"swiper-slide\" role=\"group\" aria-roledescription=\"slide\" aria-label=\"2 of 7\"><a data-elementor-open-lightbox=\"yes\" data-elementor-lightbox-slideshow=\"1fc581d\" data-elementor-lightbox-title=\"Foto: Edvard \u0160ega\" data-e-action-hash=\"#elementor-action%3Aaction%3Dlightbox%26settings%3DeyJpZCI6MjEyMTYsInVybCI6Imh0dHBzOlwvXC93d3cubG9za2Fkb2xpbmEuaW5mb1wvd3AtY29udGVudFwvdXBsb2Fkc1wvMjAyNlwvMDJcL0tyaXpuYS1nb3JhLTUuanBnIiwic2xpZGVzaG93IjoiMWZjNTgxZCJ9\" href=\"https:\/\/www.loskadolina.info\/wp-content\/uploads\/2026\/02\/Krizna-gora-5.jpg\"><figure class=\"swiper-slide-inner\"><img decoding=\"async\" class=\"swiper-slide-image\" src=\"https:\/\/www.loskadolina.info\/wp-content\/uploads\/2026\/02\/Krizna-gora-5-300x300.jpg\" alt=\"Chapel on the trail to Kri\u017ena gora\" \/><\/figure><\/a><\/div><div class=\"swiper-slide\" role=\"group\" aria-roledescription=\"slide\" aria-label=\"3 of 7\"><a data-elementor-open-lightbox=\"yes\" data-elementor-lightbox-slideshow=\"1fc581d\" data-elementor-lightbox-title=\"Foto: Zoran Vidrih\" data-e-action-hash=\"#elementor-action%3Aaction%3Dlightbox%26settings%3DeyJpZCI6MjEyMTcsInVybCI6Imh0dHBzOlwvXC93d3cubG9za2Fkb2xpbmEuaW5mb1wvd3AtY29udGVudFwvdXBsb2Fkc1wvMjAyNlwvMDFcL1BvdC1uYS1Lcml6bm8tZ29yby0zLXNjYWxlZC5qcGciLCJzbGlkZXNob3ciOiIxZmM1ODFkIn0%3D\" href=\"https:\/\/www.loskadolina.info\/wp-content\/uploads\/2026\/01\/Pot-na-Krizno-goro-3-scaled.jpg\"><figure class=\"swiper-slide-inner\"><img decoding=\"async\" class=\"swiper-slide-image\" src=\"https:\/\/www.loskadolina.info\/wp-content\/uploads\/2026\/01\/Pot-na-Krizno-goro-3-300x300.jpg\" alt=\"Hiker on the trail to Kri\u017ena gora\" \/><\/figure><\/a><\/div><div class=\"swiper-slide\" role=\"group\" aria-roledescription=\"slide\" aria-label=\"4 of 7\"><a data-elementor-open-lightbox=\"yes\" data-elementor-lightbox-slideshow=\"1fc581d\" data-elementor-lightbox-title=\"Foto: Zoran Vidrih\" data-e-action-hash=\"#elementor-action%3Aaction%3Dlightbox%26settings%3DeyJpZCI6MjEyMTgsInVybCI6Imh0dHBzOlwvXC93d3cubG9za2Fkb2xpbmEuaW5mb1wvd3AtY29udGVudFwvdXBsb2Fkc1wvMjAyNlwvMDFcL05hLUtyaXpuaS1nb3JpLTQtc2NhbGVkLmpwZyIsInNsaWRlc2hvdyI6IjFmYzU4MWQifQ%3D%3D\" href=\"https:\/\/www.loskadolina.info\/wp-content\/uploads\/2026\/01\/Na-Krizni-gori-4-scaled.jpg\"><figure class=\"swiper-slide-inner\"><img decoding=\"async\" class=\"swiper-slide-image\" src=\"https:\/\/www.loskadolina.info\/wp-content\/uploads\/2026\/01\/Na-Krizni-gori-4-300x300.jpg\" alt=\"Hikers on Kri\u017ena gora\" \/><\/figure><\/a><\/div><div class=\"swiper-slide\" role=\"group\" aria-roledescription=\"slide\" aria-label=\"5 of 7\"><a data-elementor-open-lightbox=\"yes\" data-elementor-lightbox-slideshow=\"1fc581d\" data-elementor-lightbox-title=\"Foto: Edvard \u0160ega\" data-e-action-hash=\"#elementor-action%3Aaction%3Dlightbox%26settings%3DeyJpZCI6MjEyMTksInVybCI6Imh0dHBzOlwvXC93d3cubG9za2Fkb2xpbmEuaW5mb1wvd3AtY29udGVudFwvdXBsb2Fkc1wvMjAyNlwvMDRcL0Nlcmtldi1uYS1rcml6bmktZ29yaV9FZHZhcmQtU2VnYS5qcGciLCJzbGlkZXNob3ciOiIxZmM1ODFkIn0%3D\" href=\"https:\/\/www.loskadolina.info\/wp-content\/uploads\/2026\/04\/Cerkev-na-krizni-gori_Edvard-Sega.jpg\"><figure class=\"swiper-slide-inner\"><img decoding=\"async\" class=\"swiper-slide-image\" src=\"https:\/\/www.loskadolina.info\/wp-content\/uploads\/2026\/04\/Cerkev-na-krizni-gori_Edvard-Sega-300x300.jpg\" alt=\"Church on Kri\u017ena gora\" \/><\/figure><\/a><\/div><div class=\"swiper-slide\" role=\"group\" aria-roledescription=\"slide\" aria-label=\"6 of 7\"><a data-elementor-open-lightbox=\"yes\" data-elementor-lightbox-slideshow=\"1fc581d\" data-elementor-lightbox-title=\"Foto: Edvard \u0160ega\" data-e-action-hash=\"#elementor-action%3Aaction%3Dlightbox%26settings%3DeyJpZCI6MjEyMjAsInVybCI6Imh0dHBzOlwvXC93d3cubG9za2Fkb2xpbmEuaW5mb1wvd3AtY29udGVudFwvdXBsb2Fkc1wvMjAyNlwvMDRcL0tyaXphbmlfRWR2YXJkLVNlZ2EuanBnIiwic2xpZGVzaG93IjoiMWZjNTgxZCJ9\" href=\"https:\/\/www.loskadolina.info\/wp-content\/uploads\/2026\/04\/Krizani_Edvard-Sega.jpg\"><figure class=\"swiper-slide-inner\"><img decoding=\"async\" class=\"swiper-slide-image\" src=\"https:\/\/www.loskadolina.info\/wp-content\/uploads\/2026\/04\/Krizani_Edvard-Sega-300x300.jpg\" alt=\"Kri\u017eani\" \/><\/figure><\/a><\/div><div class=\"swiper-slide\" role=\"group\" aria-roledescription=\"slide\" aria-label=\"7 of 7\"><a data-elementor-open-lightbox=\"yes\" data-elementor-lightbox-slideshow=\"1fc581d\" data-elementor-lightbox-title=\"Foto: Zoran Vidrih\" data-e-action-hash=\"#elementor-action%3Aaction%3Dlightbox%26settings%3DeyJpZCI6MjEyMjEsInVybCI6Imh0dHBzOlwvXC93d3cubG9za2Fkb2xpbmEuaW5mb1wvd3AtY29udGVudFwvdXBsb2Fkc1wvMjAyNlwvMDFcL0tyaXpuYS1nb3JhLTItc2NhbGVkLmpwZyIsInNsaWRlc2hvdyI6IjFmYzU4MWQifQ%3D%3D\" href=\"https:\/\/www.loskadolina.info\/wp-content\/uploads\/2026\/01\/Krizna-gora-2-scaled.jpg\"><figure class=\"swiper-slide-inner\"><img decoding=\"async\" class=\"swiper-slide-image\" src=\"https:\/\/www.loskadolina.info\/wp-content\/uploads\/2026\/01\/Krizna-gora-2-300x300.jpg\" alt=\"Kri\u017ena gora with view\" \/><\/figure><\/a><\/div>\t\t\t<\/div>\n\t\t\t\t\t\t\t\t\t\t\t\t<div class=\"elementor-swiper-button elementor-swiper-button-prev\" role=\"button\" tabindex=\"0\">\n\t\t\t\t\t\t<i aria-hidden=\"true\" class=\"eicon-chevron-left\"><\/i>\t\t\t\t\t<\/div>\n\t\t\t\t\t<div class=\"elementor-swiper-button elementor-swiper-button-next\" role=\"button\" tabindex=\"0\">\n\t\t\t\t\t\t<i aria-hidden=\"true\" class=\"eicon-chevron-right\"><\/i>\t\t\t\t\t<\/div>\n\t\t\t\t\n\t\t\t\t\t\t\t\t\t<\/div>\n\t\t\t\t\t\t<\/div>\n\t\t\t\t<\/div>\n\t\t\t\t<\/div>\n\t\t\t\t<\/div>\n\t\t","protected":false},"excerpt":{"rendered":"<p>Kri\u017ena gora is an 856 m high panoramic peak located between the Lo\u0161ko polje and Cerkni\u0161ko polje karst fields. The view of the peak is particularly dominated by the pilgrimage Church of the Holy Cross. According to folk tradition, a large cross once stood in its place. Believers used to gather by it for prayer. [&hellip;]<\/p>\n","protected":false},"author":1,"featured_media":21215,"parent":21285,"menu_order":12,"comment_status":"closed","ping_status":"closed","template":"","meta":{"footnotes":""},"class_list":["post-21214","page","type-page","status-publish","has-post-thumbnail","hentry"],"yoast_head":"<!-- This site is optimized with the Yoast SEO plugin v27.5 - https:\/\/yoast.com\/product\/yoast-seo-wordpress\/ -->\n<title>Kri\u017ena gora hill (856 m) - Lo\u0161ka dolina<\/title>\n<meta name=\"robots\" content=\"index, follow, max-snippet:-1, max-image-preview:large, max-video-preview:-1\" \/>\n<link rel=\"canonical\" href=\"https:\/\/www.loskadolina.info\/en\/attractions\/krizna-gora-856-m\/\" \/>\n<meta property=\"og:locale\" content=\"en_US\" \/>\n<meta property=\"og:type\" content=\"article\" \/>\n<meta property=\"og:title\" content=\"Kri\u017ena gora hill (856 m) - Lo\u0161ka dolina\" \/>\n<meta property=\"og:description\" content=\"Kri\u017ena gora is an 856 m high panoramic peak located between the Lo\u0161ko polje and Cerkni\u0161ko polje karst fields. The view of the peak is particularly dominated by the pilgrimage Church of the Holy Cross. According to folk tradition, a large cross once stood in its place. Believers used to gather by it for prayer. [&hellip;]\" \/>\n<meta property=\"og:url\" content=\"https:\/\/www.loskadolina.info\/en\/attractions\/krizna-gora-856-m\/\" \/>\n<meta property=\"og:site_name\" content=\"Lo\u0161ka dolina\" \/>\n<meta property=\"article:publisher\" content=\"https:\/\/www.facebook.com\/p\/Javni-zavod-Snenik-100064559271460\/\" \/>\n<meta property=\"article:modified_time\" content=\"2026-04-30T11:35:10+00:00\" \/>\n<meta property=\"og:image\" content=\"https:\/\/www.loskadolina.info\/wp-content\/uploads\/2026\/01\/Krizna-gora-1-scaled.jpg\" \/>\n\t<meta property=\"og:image:width\" content=\"2560\" \/>\n\t<meta property=\"og:image:height\" content=\"1707\" \/>\n\t<meta property=\"og:image:type\" content=\"image\/jpeg\" \/>\n<meta name=\"twitter:card\" content=\"summary_large_image\" \/>\n<meta name=\"twitter:label1\" content=\"Est. reading time\" \/>\n\t<meta name=\"twitter:data1\" content=\"4 minutes\" \/>\n<script type=\"application\/ld+json\" class=\"yoast-schema-graph\">{\"@context\":\"https:\\\/\\\/schema.org\",\"@graph\":[{\"@type\":\"WebPage\",\"@id\":\"https:\\\/\\\/www.loskadolina.info\\\/en\\\/attractions\\\/krizna-gora-856-m\\\/\",\"url\":\"https:\\\/\\\/www.loskadolina.info\\\/en\\\/attractions\\\/krizna-gora-856-m\\\/\",\"name\":\"Kri\u017ena gora hill (856 m) - Lo\u0161ka dolina\",\"isPartOf\":{\"@id\":\"https:\\\/\\\/www.loskadolina.info\\\/en\\\/#website\"},\"primaryImageOfPage\":{\"@id\":\"https:\\\/\\\/www.loskadolina.info\\\/en\\\/attractions\\\/krizna-gora-856-m\\\/#primaryimage\"},\"image\":{\"@id\":\"https:\\\/\\\/www.loskadolina.info\\\/en\\\/attractions\\\/krizna-gora-856-m\\\/#primaryimage\"},\"thumbnailUrl\":\"https:\\\/\\\/www.loskadolina.info\\\/wp-content\\\/uploads\\\/2026\\\/01\\\/Krizna-gora-1-scaled.jpg\",\"datePublished\":\"2025-11-13T08:50:30+00:00\",\"dateModified\":\"2026-04-30T11:35:10+00:00\",\"breadcrumb\":{\"@id\":\"https:\\\/\\\/www.loskadolina.info\\\/en\\\/attractions\\\/krizna-gora-856-m\\\/#breadcrumb\"},\"inLanguage\":\"en-US\",\"potentialAction\":[{\"@type\":\"ReadAction\",\"target\":[\"https:\\\/\\\/www.loskadolina.info\\\/en\\\/attractions\\\/krizna-gora-856-m\\\/\"]}]},{\"@type\":\"ImageObject\",\"inLanguage\":\"en-US\",\"@id\":\"https:\\\/\\\/www.loskadolina.info\\\/en\\\/attractions\\\/krizna-gora-856-m\\\/#primaryimage\",\"url\":\"https:\\\/\\\/www.loskadolina.info\\\/wp-content\\\/uploads\\\/2026\\\/01\\\/Krizna-gora-1-scaled.jpg\",\"contentUrl\":\"https:\\\/\\\/www.loskadolina.info\\\/wp-content\\\/uploads\\\/2026\\\/01\\\/Krizna-gora-1-scaled.jpg\",\"width\":2560,\"height\":1707,\"caption\":\"Kri\u017ena gora with view\"},{\"@type\":\"BreadcrumbList\",\"@id\":\"https:\\\/\\\/www.loskadolina.info\\\/en\\\/attractions\\\/krizna-gora-856-m\\\/#breadcrumb\",\"itemListElement\":[{\"@type\":\"ListItem\",\"position\":1,\"name\":\"Domov\",\"item\":\"https:\\\/\\\/www.loskadolina.info\\\/en\\\/\"},{\"@type\":\"ListItem\",\"position\":2,\"name\":\"Attractions\",\"item\":\"https:\\\/\\\/www.loskadolina.info\\\/en\\\/attractions\\\/\"},{\"@type\":\"ListItem\",\"position\":3,\"name\":\"Kri\u017ena gora hill (856 m)\"}]},{\"@type\":\"WebSite\",\"@id\":\"https:\\\/\\\/www.loskadolina.info\\\/en\\\/#website\",\"url\":\"https:\\\/\\\/www.loskadolina.info\\\/en\\\/\",\"name\":\"Lo\u0161ka dolina\",\"description\":\"\",\"publisher\":{\"@id\":\"https:\\\/\\\/www.loskadolina.info\\\/en\\\/#organization\"},\"alternateName\":\"Javni zavod za kulturo, turizem in medgeneracijsko sodelovanje Sne\u017enik\",\"potentialAction\":[{\"@type\":\"SearchAction\",\"target\":{\"@type\":\"EntryPoint\",\"urlTemplate\":\"https:\\\/\\\/www.loskadolina.info\\\/en\\\/?s={search_term_string}\"},\"query-input\":{\"@type\":\"PropertyValueSpecification\",\"valueRequired\":true,\"valueName\":\"search_term_string\"}}],\"inLanguage\":\"en-US\"},{\"@type\":\"Organization\",\"@id\":\"https:\\\/\\\/www.loskadolina.info\\\/en\\\/#organization\",\"name\":\"Javni zavod Sne\u017enik\",\"alternateName\":\"Javni zavod za kulturo, turizem in medgeneracijsko sodelovanje Sne\u017enik\",\"url\":\"https:\\\/\\\/www.loskadolina.info\\\/en\\\/\",\"logo\":{\"@type\":\"ImageObject\",\"inLanguage\":\"en-US\",\"@id\":\"https:\\\/\\\/www.loskadolina.info\\\/en\\\/#\\\/schema\\\/logo\\\/image\\\/\",\"url\":\"https:\\\/\\\/www.loskadolina.info\\\/wp-content\\\/uploads\\\/2025\\\/05\\\/logo.svg\",\"contentUrl\":\"https:\\\/\\\/www.loskadolina.info\\\/wp-content\\\/uploads\\\/2025\\\/05\\\/logo.svg\",\"width\":371,\"height\":115,\"caption\":\"Javni zavod Sne\u017enik\"},\"image\":{\"@id\":\"https:\\\/\\\/www.loskadolina.info\\\/en\\\/#\\\/schema\\\/logo\\\/image\\\/\"},\"sameAs\":[\"https:\\\/\\\/www.facebook.com\\\/p\\\/Javni-zavod-Snenik-100064559271460\\\/\",\"https:\\\/\\\/www.instagram.com\\\/loskadolina\\\/\"]}]}<\/script>\n<!-- \/ Yoast SEO plugin. -->","yoast_head_json":{"title":"Kri\u017ena gora hill (856 m) - Lo\u0161ka dolina","robots":{"index":"index","follow":"follow","max-snippet":"max-snippet:-1","max-image-preview":"max-image-preview:large","max-video-preview":"max-video-preview:-1"},"canonical":"https:\/\/www.loskadolina.info\/en\/attractions\/krizna-gora-856-m\/","og_locale":"en_US","og_type":"article","og_title":"Kri\u017ena gora hill (856 m) - Lo\u0161ka dolina","og_description":"Kri\u017ena gora is an 856 m high panoramic peak located between the Lo\u0161ko polje and Cerkni\u0161ko polje karst fields. The view of the peak is particularly dominated by the pilgrimage Church of the Holy Cross. According to folk tradition, a large cross once stood in its place. Believers used to gather by it for prayer. [&hellip;]","og_url":"https:\/\/www.loskadolina.info\/en\/attractions\/krizna-gora-856-m\/","og_site_name":"Lo\u0161ka dolina","article_publisher":"https:\/\/www.facebook.com\/p\/Javni-zavod-Snenik-100064559271460\/","article_modified_time":"2026-04-30T11:35:10+00:00","og_image":[{"width":2560,"height":1707,"url":"https:\/\/www.loskadolina.info\/wp-content\/uploads\/2026\/01\/Krizna-gora-1-scaled.jpg","type":"image\/jpeg"}],"twitter_card":"summary_large_image","twitter_misc":{"Est. reading time":"4 minutes"},"schema":{"@context":"https:\/\/schema.org","@graph":[{"@type":"WebPage","@id":"https:\/\/www.loskadolina.info\/en\/attractions\/krizna-gora-856-m\/","url":"https:\/\/www.loskadolina.info\/en\/attractions\/krizna-gora-856-m\/","name":"Kri\u017ena gora hill (856 m) - Lo\u0161ka dolina","isPartOf":{"@id":"https:\/\/www.loskadolina.info\/en\/#website"},"primaryImageOfPage":{"@id":"https:\/\/www.loskadolina.info\/en\/attractions\/krizna-gora-856-m\/#primaryimage"},"image":{"@id":"https:\/\/www.loskadolina.info\/en\/attractions\/krizna-gora-856-m\/#primaryimage"},"thumbnailUrl":"https:\/\/www.loskadolina.info\/wp-content\/uploads\/2026\/01\/Krizna-gora-1-scaled.jpg","datePublished":"2025-11-13T08:50:30+00:00","dateModified":"2026-04-30T11:35:10+00:00","breadcrumb":{"@id":"https:\/\/www.loskadolina.info\/en\/attractions\/krizna-gora-856-m\/#breadcrumb"},"inLanguage":"en-US","potentialAction":[{"@type":"ReadAction","target":["https:\/\/www.loskadolina.info\/en\/attractions\/krizna-gora-856-m\/"]}]},{"@type":"ImageObject","inLanguage":"en-US","@id":"https:\/\/www.loskadolina.info\/en\/attractions\/krizna-gora-856-m\/#primaryimage","url":"https:\/\/www.loskadolina.info\/wp-content\/uploads\/2026\/01\/Krizna-gora-1-scaled.jpg","contentUrl":"https:\/\/www.loskadolina.info\/wp-content\/uploads\/2026\/01\/Krizna-gora-1-scaled.jpg","width":2560,"height":1707,"caption":"Kri\u017ena gora with view"},{"@type":"BreadcrumbList","@id":"https:\/\/www.loskadolina.info\/en\/attractions\/krizna-gora-856-m\/#breadcrumb","itemListElement":[{"@type":"ListItem","position":1,"name":"Domov","item":"https:\/\/www.loskadolina.info\/en\/"},{"@type":"ListItem","position":2,"name":"Attractions","item":"https:\/\/www.loskadolina.info\/en\/attractions\/"},{"@type":"ListItem","position":3,"name":"Kri\u017ena gora hill (856 m)"}]},{"@type":"WebSite","@id":"https:\/\/www.loskadolina.info\/en\/#website","url":"https:\/\/www.loskadolina.info\/en\/","name":"Lo\u0161ka dolina","description":"","publisher":{"@id":"https:\/\/www.loskadolina.info\/en\/#organization"},"alternateName":"Javni zavod za kulturo, turizem in medgeneracijsko sodelovanje Sne\u017enik","potentialAction":[{"@type":"SearchAction","target":{"@type":"EntryPoint","urlTemplate":"https:\/\/www.loskadolina.info\/en\/?s={search_term_string}"},"query-input":{"@type":"PropertyValueSpecification","valueRequired":true,"valueName":"search_term_string"}}],"inLanguage":"en-US"},{"@type":"Organization","@id":"https:\/\/www.loskadolina.info\/en\/#organization","name":"Javni zavod Sne\u017enik","alternateName":"Javni zavod za kulturo, turizem in medgeneracijsko sodelovanje Sne\u017enik","url":"https:\/\/www.loskadolina.info\/en\/","logo":{"@type":"ImageObject","inLanguage":"en-US","@id":"https:\/\/www.loskadolina.info\/en\/#\/schema\/logo\/image\/","url":"https:\/\/www.loskadolina.info\/wp-content\/uploads\/2025\/05\/logo.svg","contentUrl":"https:\/\/www.loskadolina.info\/wp-content\/uploads\/2025\/05\/logo.svg","width":371,"height":115,"caption":"Javni zavod Sne\u017enik"},"image":{"@id":"https:\/\/www.loskadolina.info\/en\/#\/schema\/logo\/image\/"},"sameAs":["https:\/\/www.facebook.com\/p\/Javni-zavod-Snenik-100064559271460\/","https:\/\/www.instagram.com\/loskadolina\/"]}]}},"_links":{"self":[{"href":"https:\/\/www.loskadolina.info\/en\/wp-json\/wp\/v2\/pages\/21214","targetHints":{"allow":["GET"]}}],"collection":[{"href":"https:\/\/www.loskadolina.info\/en\/wp-json\/wp\/v2\/pages"}],"about":[{"href":"https:\/\/www.loskadolina.info\/en\/wp-json\/wp\/v2\/types\/page"}],"author":[{"embeddable":true,"href":"https:\/\/www.loskadolina.info\/en\/wp-json\/wp\/v2\/users\/1"}],"replies":[{"embeddable":true,"href":"https:\/\/www.loskadolina.info\/en\/wp-json\/wp\/v2\/comments?post=21214"}],"version-history":[{"count":10,"href":"https:\/\/www.loskadolina.info\/en\/wp-json\/wp\/v2\/pages\/21214\/revisions"}],"predecessor-version":[{"id":22185,"href":"https:\/\/www.loskadolina.info\/en\/wp-json\/wp\/v2\/pages\/21214\/revisions\/22185"}],"up":[{"embeddable":true,"href":"https:\/\/www.loskadolina.info\/en\/wp-json\/wp\/v2\/pages\/21285"}],"wp:featuredmedia":[{"embeddable":true,"href":"https:\/\/www.loskadolina.info\/en\/wp-json\/wp\/v2\/media\/21215"}],"wp:attachment":[{"href":"https:\/\/www.loskadolina.info\/en\/wp-json\/wp\/v2\/media?parent=21214"}],"curies":[{"name":"wp","href":"https:\/\/api.w.org\/{rel}","templated":true}]}}