{"id":21141,"date":"2025-11-13T09:53:04","date_gmt":"2025-11-13T08:53:04","guid":{"rendered":"https:\/\/www.loskadolina.info\/bajer-estate\/"},"modified":"2026-04-30T12:51:50","modified_gmt":"2026-04-30T10:51:50","slug":"bajer-estate","status":"publish","type":"page","link":"https:\/\/www.loskadolina.info\/en\/experiences\/bajer-estate\/","title":{"rendered":"Bajer Estate"},"content":{"rendered":"\t\t<div data-elementor-type=\"wp-page\" data-elementor-id=\"21141\" class=\"elementor elementor-21141 elementor-1829\" data-elementor-post-type=\"page\">\n\t\t\t\t<div class=\"aux-parallax-section elementor-element elementor-element-1aea3c9 e-flex e-con-boxed e-con e-parent\" data-id=\"1aea3c9\" data-element_type=\"container\" data-e-type=\"container\">\n\t\t\t\t\t<div class=\"e-con-inner\">\n\t\t<div class=\"elementor-element elementor-element-4175a90 e-con-full e-flex e-con e-child\" data-id=\"4175a90\" data-element_type=\"container\" data-e-type=\"container\">\n\t\t\t\t<div class=\"elementor-element elementor-element-5e88ece elementor-widget elementor-widget-aux_featured_image\" data-id=\"5e88ece\" data-element_type=\"widget\" data-e-type=\"widget\" data-widget_type=\"aux_featured_image.default\">\n\t\t\t\t<div class=\"elementor-widget-container\">\n\t\t\t\t\t<div class=\"aux-media-frame aux-media-image\"><img fetchpriority=\"high\" decoding=\"async\" width=\"1024\" height=\"1024\" src=\"https:\/\/www.loskadolina.info\/wp-content\/uploads\/2026\/01\/Posestvo-Bajer-1-1024x1024.jpg\" class=\"aux-attachment aux-featured-image attachment-1024x1024 aux-attachment-id-21142 \" alt=\"Bajer Estate\" srcset=\"https:\/\/www.loskadolina.info\/wp-content\/uploads\/2026\/01\/Posestvo-Bajer-1-150x150.jpg 150w,https:\/\/www.loskadolina.info\/wp-content\/uploads\/2026\/01\/Posestvo-Bajer-1-300x300.jpg 300w,https:\/\/www.loskadolina.info\/wp-content\/uploads\/2026\/01\/Posestvo-Bajer-1-768x768.jpg 768w,https:\/\/www.loskadolina.info\/wp-content\/uploads\/2026\/01\/Posestvo-Bajer-1-1024x1024.jpg 1024w,https:\/\/www.loskadolina.info\/wp-content\/uploads\/2026\/01\/Posestvo-Bajer-1-1024x1024.jpg 1024w,https:\/\/www.loskadolina.info\/wp-content\/uploads\/2026\/01\/Posestvo-Bajer-1-scaled-2550x2550.jpg 2550w\" data-ratio=\"1\" data-original-w=\"2560\" sizes=\"(max-width:479px) 480px,(max-width:767px) 768px,(max-width:1023px) 1024px,1024px\" \/><\/div>\t\t\t\t<\/div>\n\t\t\t\t<\/div>\n\t\t\t\t<\/div>\n\t\t<div class=\"elementor-element elementor-element-966999f e-con-full e-flex e-con e-child\" data-id=\"966999f\" data-element_type=\"container\" data-e-type=\"container\">\n\t\t<div class=\"elementor-element elementor-element-92fec81 e-con-full e-flex e-con e-child\" data-id=\"92fec81\" data-element_type=\"container\" data-e-type=\"container\">\n\t\t\t\t<div class=\"elementor-element elementor-element-f85b594 elementor-widget elementor-widget-theme-post-title elementor-page-title elementor-widget-heading\" data-id=\"f85b594\" data-element_type=\"widget\" data-e-type=\"widget\" data-widget_type=\"theme-post-title.default\">\n\t\t\t\t<div class=\"elementor-widget-container\">\n\t\t\t\t\t<h1 class=\"elementor-heading-title elementor-size-default\">Bajer Estate<\/h1>\t\t\t\t<\/div>\n\t\t\t\t<\/div>\n\t\t\t\t<div class=\"elementor-element elementor-element-397ce0f elementor-widget elementor-widget-text-editor\" data-id=\"397ce0f\" data-element_type=\"widget\" data-e-type=\"widget\" data-widget_type=\"text-editor.default\">\n\t\t\t\t<div class=\"elementor-widget-container\">\n\t\t\t\t\t\t\t\t\t<p>An estate with a 300-year history and an idyllic location in the hamlet of Bajer in the heart of Lo\u0161ka dolina offers a unique experience and an unforgettable break. Experience harmony with natural beauty on an organic farm by the lake, mill, sawmill, and a lively stream. In the pastures, you can encounter world-renowned Wagyu and Aberdeen Angus cattle. The Bajer Estate offers a guided tour where you can learn about the rich history of the estate, food production methods, and animal life, while also discovering traditional heritage and the craft skills of milling and sawmilling.   <\/p><p>The Bajer Estate also offers<a href=\"https:\/\/www.loskadolina.info\/en\/bajer-estate\/\"> top-quality culinary delights,<\/a> and you can also stay overnight in their <a href=\"https:\/\/www.loskadolina.info\/en\/four-bedroom-villa-bajer-holiday-home\/\">Villa Bajer .<\/a><\/p><p>At the Bajer Estate, time truly stands still, allowing you to fully relax and enjoy every moment.<\/p>\t\t\t\t\t\t\t\t<\/div>\n\t\t\t\t<\/div>\n\t\t\t\t<\/div>\n\t\t<div class=\"elementor-element elementor-element-ab5462e e-con-full e-flex e-con e-child\" data-id=\"ab5462e\" data-element_type=\"container\" data-e-type=\"container\">\n\t\t\t\t<div class=\"elementor-element elementor-element-f2fcf4f elementor-widget elementor-widget-aux_button\" data-id=\"f2fcf4f\" data-element_type=\"widget\" data-e-type=\"widget\" data-widget_type=\"aux_button.default\">\n\t\t\t\t<div class=\"elementor-widget-container\">\n\t\t\t\t\t<a  href=\"https:\/\/posestvo-bajer.si\/\" target=\"_blank\"   class=\"aux-button aux-large aux-pastel-orange aux-none aux-uppercase\" ><span class=\"aux-overlay\"><\/span><span class=\"aux-text\">More info<\/span><\/a>\t\t\t\t<\/div>\n\t\t\t\t<\/div>\n\t\t\t\t<\/div>\n\t\t\t\t<\/div>\n\t\t\t\t\t<\/div>\n\t\t\t\t<\/div>\n\t\t<div class=\"aux-parallax-section elementor-element elementor-element-f676a7f e-con-full e-flex e-con e-parent\" data-id=\"f676a7f\" data-element_type=\"container\" data-e-type=\"container\" data-settings=\"{&quot;background_background&quot;:&quot;classic&quot;}\">\n\t\t\t\t<div class=\"elementor-element elementor-element-5f93961 elementor-arrows-position-inside elementor-widget elementor-widget-image-carousel\" data-id=\"5f93961\" data-element_type=\"widget\" data-e-type=\"widget\" data-settings=\"{&quot;slides_to_show&quot;:&quot;6&quot;,&quot;navigation&quot;:&quot;arrows&quot;,&quot;image_spacing_custom&quot;:{&quot;unit&quot;:&quot;px&quot;,&quot;size&quot;:15,&quot;sizes&quot;:[]},&quot;slides_to_show_mobile&quot;:&quot;2&quot;,&quot;autoplay&quot;:&quot;yes&quot;,&quot;pause_on_hover&quot;:&quot;yes&quot;,&quot;pause_on_interaction&quot;:&quot;yes&quot;,&quot;autoplay_speed&quot;:5000,&quot;infinite&quot;:&quot;yes&quot;,&quot;speed&quot;:500,&quot;image_spacing_custom_tablet&quot;:{&quot;unit&quot;:&quot;px&quot;,&quot;size&quot;:&quot;&quot;,&quot;sizes&quot;:[]},&quot;image_spacing_custom_mobile&quot;:{&quot;unit&quot;:&quot;px&quot;,&quot;size&quot;:&quot;&quot;,&quot;sizes&quot;:[]}}\" data-widget_type=\"image-carousel.default\">\n\t\t\t\t<div class=\"elementor-widget-container\">\n\t\t\t\t\t\t\t<div class=\"elementor-image-carousel-wrapper swiper\" role=\"region\" aria-roledescription=\"carousel\" aria-label=\"Image Carousel\" dir=\"ltr\">\n\t\t\t<div class=\"elementor-image-carousel swiper-wrapper\" aria-live=\"off\">\n\t\t\t\t\t\t\t\t<div class=\"swiper-slide\" role=\"group\" aria-roledescription=\"slide\" aria-label=\"1 of 10\"><a data-elementor-open-lightbox=\"yes\" data-elementor-lightbox-slideshow=\"5f93961\" data-elementor-lightbox-title=\"Photo: Bla\u017e \u017dnidar\u0161i\u010d\" data-e-action-hash=\"#elementor-action%3Aaction%3Dlightbox%26settings%3DeyJpZCI6MjExNDIsInVybCI6Imh0dHBzOlwvXC93d3cubG9za2Fkb2xpbmEuaW5mb1wvd3AtY29udGVudFwvdXBsb2Fkc1wvMjAyNlwvMDFcL1Bvc2VzdHZvLUJhamVyLTEtc2NhbGVkLmpwZyIsInNsaWRlc2hvdyI6IjVmOTM5NjEifQ%3D%3D\" href=\"https:\/\/www.loskadolina.info\/wp-content\/uploads\/2026\/01\/Posestvo-Bajer-1-scaled.jpg\"><figure class=\"swiper-slide-inner\"><img decoding=\"async\" class=\"swiper-slide-image\" src=\"https:\/\/www.loskadolina.info\/wp-content\/uploads\/2026\/01\/Posestvo-Bajer-1-300x300.jpg\" alt=\"Bajer Estate\" \/><\/figure><\/a><\/div><div class=\"swiper-slide\" role=\"group\" aria-roledescription=\"slide\" aria-label=\"2 of 10\"><a data-elementor-open-lightbox=\"yes\" data-elementor-lightbox-slideshow=\"5f93961\" data-e-action-hash=\"#elementor-action%3Aaction%3Dlightbox%26settings%3DeyJpZCI6MjExNDMsInVybCI6Imh0dHBzOlwvXC93d3cubG9za2Fkb2xpbmEuaW5mb1wvd3AtY29udGVudFwvdXBsb2Fkc1wvMjAyNlwvMDFcL1Bvc2VzdHZvLUJhamVyLTEwLXNjYWxlZC5qcGVnIiwic2xpZGVzaG93IjoiNWY5Mzk2MSJ9\" href=\"https:\/\/www.loskadolina.info\/wp-content\/uploads\/2026\/01\/Posestvo-Bajer-10-scaled.jpeg\"><figure class=\"swiper-slide-inner\"><img decoding=\"async\" class=\"swiper-slide-image\" src=\"https:\/\/www.loskadolina.info\/wp-content\/uploads\/2026\/01\/Posestvo-Bajer-10-300x300.jpeg\" alt=\"Bajer Estate\" \/><\/figure><\/a><\/div><div class=\"swiper-slide\" role=\"group\" aria-roledescription=\"slide\" aria-label=\"3 of 10\"><a data-elementor-open-lightbox=\"yes\" data-elementor-lightbox-slideshow=\"5f93961\" data-e-action-hash=\"#elementor-action%3Aaction%3Dlightbox%26settings%3DeyJpZCI6MjExNDQsInVybCI6Imh0dHBzOlwvXC93d3cubG9za2Fkb2xpbmEuaW5mb1wvd3AtY29udGVudFwvdXBsb2Fkc1wvMjAyNlwvMDFcL1Bvc2VzdHZvLUJhamVyLTktc2NhbGVkLmpwZWciLCJzbGlkZXNob3ciOiI1ZjkzOTYxIn0%3D\" href=\"https:\/\/www.loskadolina.info\/wp-content\/uploads\/2026\/01\/Posestvo-Bajer-9-scaled.jpeg\"><figure class=\"swiper-slide-inner\"><img decoding=\"async\" class=\"swiper-slide-image\" src=\"https:\/\/www.loskadolina.info\/wp-content\/uploads\/2026\/01\/Posestvo-Bajer-9-300x300.jpeg\" alt=\"Venetian sawmill\" \/><\/figure><\/a><\/div><div class=\"swiper-slide\" role=\"group\" aria-roledescription=\"slide\" aria-label=\"4 of 10\"><a data-elementor-open-lightbox=\"yes\" data-elementor-lightbox-slideshow=\"5f93961\" data-elementor-lightbox-title=\"Photo: Bla\u017e \u017dnidar\u0161i\u010d\" data-e-action-hash=\"#elementor-action%3Aaction%3Dlightbox%26settings%3DeyJpZCI6MjExNDUsInVybCI6Imh0dHBzOlwvXC93d3cubG9za2Fkb2xpbmEuaW5mb1wvd3AtY29udGVudFwvdXBsb2Fkc1wvMjAyNlwvMDFcL1Bvc2VzdHZvLUJhamVyLTgtc2NhbGVkLmpwZyIsInNsaWRlc2hvdyI6IjVmOTM5NjEifQ%3D%3D\" href=\"https:\/\/www.loskadolina.info\/wp-content\/uploads\/2026\/01\/Posestvo-Bajer-8-scaled.jpg\"><figure class=\"swiper-slide-inner\"><img decoding=\"async\" class=\"swiper-slide-image\" src=\"https:\/\/www.loskadolina.info\/wp-content\/uploads\/2026\/01\/Posestvo-Bajer-8-300x300.jpg\" alt=\"Boat on the lake\" \/><\/figure><\/a><\/div><div class=\"swiper-slide\" role=\"group\" aria-roledescription=\"slide\" aria-label=\"5 of 10\"><a data-elementor-open-lightbox=\"yes\" data-elementor-lightbox-slideshow=\"5f93961\" data-elementor-lightbox-title=\"Photo: Bla\u017e \u017dnidar\u0161i\u010d\" data-e-action-hash=\"#elementor-action%3Aaction%3Dlightbox%26settings%3DeyJpZCI6MjExNDYsInVybCI6Imh0dHBzOlwvXC93d3cubG9za2Fkb2xpbmEuaW5mb1wvd3AtY29udGVudFwvdXBsb2Fkc1wvMjAyNlwvMDFcL1Bvc2VzdHZvLUJhamVyLTctc2NhbGVkLmpwZyIsInNsaWRlc2hvdyI6IjVmOTM5NjEifQ%3D%3D\" href=\"https:\/\/www.loskadolina.info\/wp-content\/uploads\/2026\/01\/Posestvo-Bajer-7-scaled.jpg\"><figure class=\"swiper-slide-inner\"><img decoding=\"async\" class=\"swiper-slide-image\" src=\"https:\/\/www.loskadolina.info\/wp-content\/uploads\/2026\/01\/Posestvo-Bajer-7-300x300.jpg\" alt=\"Two swans\" \/><\/figure><\/a><\/div><div class=\"swiper-slide\" role=\"group\" aria-roledescription=\"slide\" aria-label=\"6 of 10\"><a data-elementor-open-lightbox=\"yes\" data-elementor-lightbox-slideshow=\"5f93961\" data-elementor-lightbox-title=\"Photo: Bla\u017e \u017dnidar\u0161i\u010d\" data-e-action-hash=\"#elementor-action%3Aaction%3Dlightbox%26settings%3DeyJpZCI6MjExNDcsInVybCI6Imh0dHBzOlwvXC93d3cubG9za2Fkb2xpbmEuaW5mb1wvd3AtY29udGVudFwvdXBsb2Fkc1wvMjAyNlwvMDFcL1Bvc2VzdHZvLUJhamVyLTYtc2NhbGVkLmpwZyIsInNsaWRlc2hvdyI6IjVmOTM5NjEifQ%3D%3D\" href=\"https:\/\/www.loskadolina.info\/wp-content\/uploads\/2026\/01\/Posestvo-Bajer-6-scaled.jpg\"><figure class=\"swiper-slide-inner\"><img decoding=\"async\" class=\"swiper-slide-image\" src=\"https:\/\/www.loskadolina.info\/wp-content\/uploads\/2026\/01\/Posestvo-Bajer-6-300x300.jpg\" alt=\"Hens\" \/><\/figure><\/a><\/div><div class=\"swiper-slide\" role=\"group\" aria-roledescription=\"slide\" aria-label=\"7 of 10\"><a data-elementor-open-lightbox=\"yes\" data-elementor-lightbox-slideshow=\"5f93961\" data-elementor-lightbox-title=\"Photo: Bla\u017e \u017dnidar\u0161i\u010d\" data-e-action-hash=\"#elementor-action%3Aaction%3Dlightbox%26settings%3DeyJpZCI6MjExNDgsInVybCI6Imh0dHBzOlwvXC93d3cubG9za2Fkb2xpbmEuaW5mb1wvd3AtY29udGVudFwvdXBsb2Fkc1wvMjAyNlwvMDFcL1Bvc2VzdHZvLUJhamVyLTUtc2NhbGVkLmpwZyIsInNsaWRlc2hvdyI6IjVmOTM5NjEifQ%3D%3D\" href=\"https:\/\/www.loskadolina.info\/wp-content\/uploads\/2026\/01\/Posestvo-Bajer-5-scaled.jpg\"><figure class=\"swiper-slide-inner\"><img decoding=\"async\" class=\"swiper-slide-image\" src=\"https:\/\/www.loskadolina.info\/wp-content\/uploads\/2026\/01\/Posestvo-Bajer-5-300x300.jpg\" alt=\"Cattle\" \/><\/figure><\/a><\/div><div class=\"swiper-slide\" role=\"group\" aria-roledescription=\"slide\" aria-label=\"8 of 10\"><a data-elementor-open-lightbox=\"yes\" data-elementor-lightbox-slideshow=\"5f93961\" data-elementor-lightbox-title=\"Photo: Bla\u017e \u017dnidar\u0161i\u010d\" data-e-action-hash=\"#elementor-action%3Aaction%3Dlightbox%26settings%3DeyJpZCI6MjExNDksInVybCI6Imh0dHBzOlwvXC93d3cubG9za2Fkb2xpbmEuaW5mb1wvd3AtY29udGVudFwvdXBsb2Fkc1wvMjAyNlwvMDFcL1Bvc2VzdHZvLUJhamVyLTQtc2NhbGVkLmpwZyIsInNsaWRlc2hvdyI6IjVmOTM5NjEifQ%3D%3D\" href=\"https:\/\/www.loskadolina.info\/wp-content\/uploads\/2026\/01\/Posestvo-Bajer-4-scaled.jpg\"><figure class=\"swiper-slide-inner\"><img decoding=\"async\" class=\"swiper-slide-image\" src=\"https:\/\/www.loskadolina.info\/wp-content\/uploads\/2026\/01\/Posestvo-Bajer-4-300x300.jpg\" alt=\"Janja and Bernard Mlakar\" \/><\/figure><\/a><\/div><div class=\"swiper-slide\" role=\"group\" aria-roledescription=\"slide\" aria-label=\"9 of 10\"><a data-elementor-open-lightbox=\"yes\" data-elementor-lightbox-slideshow=\"5f93961\" data-elementor-lightbox-title=\"Photo: Bla\u017e \u017dnidar\u0161i\u010d\" data-e-action-hash=\"#elementor-action%3Aaction%3Dlightbox%26settings%3DeyJpZCI6MjExNTAsInVybCI6Imh0dHBzOlwvXC93d3cubG9za2Fkb2xpbmEuaW5mb1wvd3AtY29udGVudFwvdXBsb2Fkc1wvMjAyNlwvMDFcL1Bvc2VzdHZvLUJhamVyLTMtc2NhbGVkLmpwZyIsInNsaWRlc2hvdyI6IjVmOTM5NjEifQ%3D%3D\" href=\"https:\/\/www.loskadolina.info\/wp-content\/uploads\/2026\/01\/Posestvo-Bajer-3-scaled.jpg\"><figure class=\"swiper-slide-inner\"><img decoding=\"async\" class=\"swiper-slide-image\" src=\"https:\/\/www.loskadolina.info\/wp-content\/uploads\/2026\/01\/Posestvo-Bajer-3-300x300.jpg\" alt=\"Outdoor table at the Bajer Estate\" \/><\/figure><\/a><\/div><div class=\"swiper-slide\" role=\"group\" aria-roledescription=\"slide\" aria-label=\"10 of 10\"><a data-elementor-open-lightbox=\"yes\" data-elementor-lightbox-slideshow=\"5f93961\" data-elementor-lightbox-title=\"Photo: Bla\u017e \u017dnidar\u0161i\u010d\" data-e-action-hash=\"#elementor-action%3Aaction%3Dlightbox%26settings%3DeyJpZCI6MjExNTEsInVybCI6Imh0dHBzOlwvXC93d3cubG9za2Fkb2xpbmEuaW5mb1wvd3AtY29udGVudFwvdXBsb2Fkc1wvMjAyNlwvMDFcL1Bvc2VzdHZvLUJhamVyLTItc2NhbGVkLmpwZyIsInNsaWRlc2hvdyI6IjVmOTM5NjEifQ%3D%3D\" href=\"https:\/\/www.loskadolina.info\/wp-content\/uploads\/2026\/01\/Posestvo-Bajer-2-scaled.jpg\"><figure class=\"swiper-slide-inner\"><img decoding=\"async\" class=\"swiper-slide-image\" src=\"https:\/\/www.loskadolina.info\/wp-content\/uploads\/2026\/01\/Posestvo-Bajer-2-300x300.jpg\" alt=\"The inscription \u2018pr\u2019nas je lepu\u2019 (it is beautiful at our place)\" \/><\/figure><\/a><\/div>\t\t\t<\/div>\n\t\t\t\t\t\t\t\t\t\t\t\t<div class=\"elementor-swiper-button elementor-swiper-button-prev\" role=\"button\" tabindex=\"0\">\n\t\t\t\t\t\t<i aria-hidden=\"true\" class=\"eicon-chevron-left\"><\/i>\t\t\t\t\t<\/div>\n\t\t\t\t\t<div class=\"elementor-swiper-button elementor-swiper-button-next\" role=\"button\" tabindex=\"0\">\n\t\t\t\t\t\t<i aria-hidden=\"true\" class=\"eicon-chevron-right\"><\/i>\t\t\t\t\t<\/div>\n\t\t\t\t\n\t\t\t\t\t\t\t\t\t<\/div>\n\t\t\t\t\t\t<\/div>\n\t\t\t\t<\/div>\n\t\t\t\t<\/div>\n\t\t\t\t<\/div>\n\t\t","protected":false},"excerpt":{"rendered":"<p>An estate with a 300-year history and an idyllic location in the hamlet of Bajer in the heart of Lo\u0161ka dolina offers a unique experience and an unforgettable break. Experience harmony with natural beauty on an organic farm by the lake, mill, sawmill, and a lively stream. In the pastures, you can encounter world-renowned Wagyu [&hellip;]<\/p>\n","protected":false},"author":1,"featured_media":21142,"parent":21421,"menu_order":58,"comment_status":"closed","ping_status":"closed","template":"","meta":{"footnotes":""},"class_list":["post-21141","page","type-page","status-publish","has-post-thumbnail","hentry"],"yoast_head":"<!-- This site is optimized with the Yoast SEO plugin v27.5 - https:\/\/yoast.com\/product\/yoast-seo-wordpress\/ -->\n<title>Bajer Estate - Lo\u0161ka dolina<\/title>\n<meta name=\"robots\" content=\"index, follow, max-snippet:-1, max-image-preview:large, max-video-preview:-1\" \/>\n<link rel=\"canonical\" href=\"https:\/\/www.loskadolina.info\/en\/experiences\/bajer-estate\/\" \/>\n<meta property=\"og:locale\" content=\"en_US\" \/>\n<meta property=\"og:type\" content=\"article\" \/>\n<meta property=\"og:title\" content=\"Bajer Estate - Lo\u0161ka dolina\" \/>\n<meta property=\"og:description\" content=\"An estate with a 300-year history and an idyllic location in the hamlet of Bajer in the heart of Lo\u0161ka dolina offers a unique experience and an unforgettable break. Experience harmony with natural beauty on an organic farm by the lake, mill, sawmill, and a lively stream. In the pastures, you can encounter world-renowned Wagyu [&hellip;]\" \/>\n<meta property=\"og:url\" content=\"https:\/\/www.loskadolina.info\/en\/experiences\/bajer-estate\/\" \/>\n<meta property=\"og:site_name\" content=\"Lo\u0161ka dolina\" \/>\n<meta property=\"article:publisher\" content=\"https:\/\/www.facebook.com\/p\/Javni-zavod-Snenik-100064559271460\/\" \/>\n<meta property=\"article:modified_time\" content=\"2026-04-30T10:51:50+00:00\" \/>\n<meta property=\"og:image\" content=\"https:\/\/www.loskadolina.info\/wp-content\/uploads\/2026\/01\/Posestvo-Bajer-1-scaled.jpg\" \/>\n\t<meta property=\"og:image:width\" content=\"2560\" \/>\n\t<meta property=\"og:image:height\" content=\"1707\" \/>\n\t<meta property=\"og:image:type\" content=\"image\/jpeg\" \/>\n<meta name=\"twitter:card\" content=\"summary_large_image\" \/>\n<meta name=\"twitter:label1\" content=\"Est. reading time\" \/>\n\t<meta name=\"twitter:data1\" content=\"4 minutes\" \/>\n<script type=\"application\/ld+json\" class=\"yoast-schema-graph\">{\"@context\":\"https:\\\/\\\/schema.org\",\"@graph\":[{\"@type\":\"WebPage\",\"@id\":\"https:\\\/\\\/www.loskadolina.info\\\/en\\\/experiences\\\/bajer-estate\\\/\",\"url\":\"https:\\\/\\\/www.loskadolina.info\\\/en\\\/experiences\\\/bajer-estate\\\/\",\"name\":\"Bajer Estate - Lo\u0161ka dolina\",\"isPartOf\":{\"@id\":\"https:\\\/\\\/www.loskadolina.info\\\/en\\\/#website\"},\"primaryImageOfPage\":{\"@id\":\"https:\\\/\\\/www.loskadolina.info\\\/en\\\/experiences\\\/bajer-estate\\\/#primaryimage\"},\"image\":{\"@id\":\"https:\\\/\\\/www.loskadolina.info\\\/en\\\/experiences\\\/bajer-estate\\\/#primaryimage\"},\"thumbnailUrl\":\"https:\\\/\\\/www.loskadolina.info\\\/wp-content\\\/uploads\\\/2026\\\/01\\\/Posestvo-Bajer-1-scaled.jpg\",\"datePublished\":\"2025-11-13T08:53:04+00:00\",\"dateModified\":\"2026-04-30T10:51:50+00:00\",\"breadcrumb\":{\"@id\":\"https:\\\/\\\/www.loskadolina.info\\\/en\\\/experiences\\\/bajer-estate\\\/#breadcrumb\"},\"inLanguage\":\"en-US\",\"potentialAction\":[{\"@type\":\"ReadAction\",\"target\":[\"https:\\\/\\\/www.loskadolina.info\\\/en\\\/experiences\\\/bajer-estate\\\/\"]}]},{\"@type\":\"ImageObject\",\"inLanguage\":\"en-US\",\"@id\":\"https:\\\/\\\/www.loskadolina.info\\\/en\\\/experiences\\\/bajer-estate\\\/#primaryimage\",\"url\":\"https:\\\/\\\/www.loskadolina.info\\\/wp-content\\\/uploads\\\/2026\\\/01\\\/Posestvo-Bajer-1-scaled.jpg\",\"contentUrl\":\"https:\\\/\\\/www.loskadolina.info\\\/wp-content\\\/uploads\\\/2026\\\/01\\\/Posestvo-Bajer-1-scaled.jpg\",\"width\":2560,\"height\":1707,\"caption\":\"Bajer Estate\"},{\"@type\":\"BreadcrumbList\",\"@id\":\"https:\\\/\\\/www.loskadolina.info\\\/en\\\/experiences\\\/bajer-estate\\\/#breadcrumb\",\"itemListElement\":[{\"@type\":\"ListItem\",\"position\":1,\"name\":\"Domov\",\"item\":\"https:\\\/\\\/www.loskadolina.info\\\/en\\\/\"},{\"@type\":\"ListItem\",\"position\":2,\"name\":\"Experiences\",\"item\":\"https:\\\/\\\/www.loskadolina.info\\\/en\\\/experiences\\\/\"},{\"@type\":\"ListItem\",\"position\":3,\"name\":\"Bajer Estate\"}]},{\"@type\":\"WebSite\",\"@id\":\"https:\\\/\\\/www.loskadolina.info\\\/en\\\/#website\",\"url\":\"https:\\\/\\\/www.loskadolina.info\\\/en\\\/\",\"name\":\"Lo\u0161ka dolina\",\"description\":\"\",\"publisher\":{\"@id\":\"https:\\\/\\\/www.loskadolina.info\\\/en\\\/#organization\"},\"alternateName\":\"Javni zavod za kulturo, turizem in medgeneracijsko sodelovanje Sne\u017enik\",\"potentialAction\":[{\"@type\":\"SearchAction\",\"target\":{\"@type\":\"EntryPoint\",\"urlTemplate\":\"https:\\\/\\\/www.loskadolina.info\\\/en\\\/?s={search_term_string}\"},\"query-input\":{\"@type\":\"PropertyValueSpecification\",\"valueRequired\":true,\"valueName\":\"search_term_string\"}}],\"inLanguage\":\"en-US\"},{\"@type\":\"Organization\",\"@id\":\"https:\\\/\\\/www.loskadolina.info\\\/en\\\/#organization\",\"name\":\"Javni zavod Sne\u017enik\",\"alternateName\":\"Javni zavod za kulturo, turizem in medgeneracijsko sodelovanje Sne\u017enik\",\"url\":\"https:\\\/\\\/www.loskadolina.info\\\/en\\\/\",\"logo\":{\"@type\":\"ImageObject\",\"inLanguage\":\"en-US\",\"@id\":\"https:\\\/\\\/www.loskadolina.info\\\/en\\\/#\\\/schema\\\/logo\\\/image\\\/\",\"url\":\"https:\\\/\\\/www.loskadolina.info\\\/wp-content\\\/uploads\\\/2025\\\/05\\\/logo.svg\",\"contentUrl\":\"https:\\\/\\\/www.loskadolina.info\\\/wp-content\\\/uploads\\\/2025\\\/05\\\/logo.svg\",\"width\":371,\"height\":115,\"caption\":\"Javni zavod Sne\u017enik\"},\"image\":{\"@id\":\"https:\\\/\\\/www.loskadolina.info\\\/en\\\/#\\\/schema\\\/logo\\\/image\\\/\"},\"sameAs\":[\"https:\\\/\\\/www.facebook.com\\\/p\\\/Javni-zavod-Snenik-100064559271460\\\/\",\"https:\\\/\\\/www.instagram.com\\\/loskadolina\\\/\"]}]}<\/script>\n<!-- \/ Yoast SEO plugin. -->","yoast_head_json":{"title":"Bajer Estate - Lo\u0161ka dolina","robots":{"index":"index","follow":"follow","max-snippet":"max-snippet:-1","max-image-preview":"max-image-preview:large","max-video-preview":"max-video-preview:-1"},"canonical":"https:\/\/www.loskadolina.info\/en\/experiences\/bajer-estate\/","og_locale":"en_US","og_type":"article","og_title":"Bajer Estate - Lo\u0161ka dolina","og_description":"An estate with a 300-year history and an idyllic location in the hamlet of Bajer in the heart of Lo\u0161ka dolina offers a unique experience and an unforgettable break. Experience harmony with natural beauty on an organic farm by the lake, mill, sawmill, and a lively stream. In the pastures, you can encounter world-renowned Wagyu [&hellip;]","og_url":"https:\/\/www.loskadolina.info\/en\/experiences\/bajer-estate\/","og_site_name":"Lo\u0161ka dolina","article_publisher":"https:\/\/www.facebook.com\/p\/Javni-zavod-Snenik-100064559271460\/","article_modified_time":"2026-04-30T10:51:50+00:00","og_image":[{"width":2560,"height":1707,"url":"https:\/\/www.loskadolina.info\/wp-content\/uploads\/2026\/01\/Posestvo-Bajer-1-scaled.jpg","type":"image\/jpeg"}],"twitter_card":"summary_large_image","twitter_misc":{"Est. reading time":"4 minutes"},"schema":{"@context":"https:\/\/schema.org","@graph":[{"@type":"WebPage","@id":"https:\/\/www.loskadolina.info\/en\/experiences\/bajer-estate\/","url":"https:\/\/www.loskadolina.info\/en\/experiences\/bajer-estate\/","name":"Bajer Estate - Lo\u0161ka dolina","isPartOf":{"@id":"https:\/\/www.loskadolina.info\/en\/#website"},"primaryImageOfPage":{"@id":"https:\/\/www.loskadolina.info\/en\/experiences\/bajer-estate\/#primaryimage"},"image":{"@id":"https:\/\/www.loskadolina.info\/en\/experiences\/bajer-estate\/#primaryimage"},"thumbnailUrl":"https:\/\/www.loskadolina.info\/wp-content\/uploads\/2026\/01\/Posestvo-Bajer-1-scaled.jpg","datePublished":"2025-11-13T08:53:04+00:00","dateModified":"2026-04-30T10:51:50+00:00","breadcrumb":{"@id":"https:\/\/www.loskadolina.info\/en\/experiences\/bajer-estate\/#breadcrumb"},"inLanguage":"en-US","potentialAction":[{"@type":"ReadAction","target":["https:\/\/www.loskadolina.info\/en\/experiences\/bajer-estate\/"]}]},{"@type":"ImageObject","inLanguage":"en-US","@id":"https:\/\/www.loskadolina.info\/en\/experiences\/bajer-estate\/#primaryimage","url":"https:\/\/www.loskadolina.info\/wp-content\/uploads\/2026\/01\/Posestvo-Bajer-1-scaled.jpg","contentUrl":"https:\/\/www.loskadolina.info\/wp-content\/uploads\/2026\/01\/Posestvo-Bajer-1-scaled.jpg","width":2560,"height":1707,"caption":"Bajer Estate"},{"@type":"BreadcrumbList","@id":"https:\/\/www.loskadolina.info\/en\/experiences\/bajer-estate\/#breadcrumb","itemListElement":[{"@type":"ListItem","position":1,"name":"Domov","item":"https:\/\/www.loskadolina.info\/en\/"},{"@type":"ListItem","position":2,"name":"Experiences","item":"https:\/\/www.loskadolina.info\/en\/experiences\/"},{"@type":"ListItem","position":3,"name":"Bajer Estate"}]},{"@type":"WebSite","@id":"https:\/\/www.loskadolina.info\/en\/#website","url":"https:\/\/www.loskadolina.info\/en\/","name":"Lo\u0161ka dolina","description":"","publisher":{"@id":"https:\/\/www.loskadolina.info\/en\/#organization"},"alternateName":"Javni zavod za kulturo, turizem in medgeneracijsko sodelovanje Sne\u017enik","potentialAction":[{"@type":"SearchAction","target":{"@type":"EntryPoint","urlTemplate":"https:\/\/www.loskadolina.info\/en\/?s={search_term_string}"},"query-input":{"@type":"PropertyValueSpecification","valueRequired":true,"valueName":"search_term_string"}}],"inLanguage":"en-US"},{"@type":"Organization","@id":"https:\/\/www.loskadolina.info\/en\/#organization","name":"Javni zavod Sne\u017enik","alternateName":"Javni zavod za kulturo, turizem in medgeneracijsko sodelovanje Sne\u017enik","url":"https:\/\/www.loskadolina.info\/en\/","logo":{"@type":"ImageObject","inLanguage":"en-US","@id":"https:\/\/www.loskadolina.info\/en\/#\/schema\/logo\/image\/","url":"https:\/\/www.loskadolina.info\/wp-content\/uploads\/2025\/05\/logo.svg","contentUrl":"https:\/\/www.loskadolina.info\/wp-content\/uploads\/2025\/05\/logo.svg","width":371,"height":115,"caption":"Javni zavod Sne\u017enik"},"image":{"@id":"https:\/\/www.loskadolina.info\/en\/#\/schema\/logo\/image\/"},"sameAs":["https:\/\/www.facebook.com\/p\/Javni-zavod-Snenik-100064559271460\/","https:\/\/www.instagram.com\/loskadolina\/"]}]}},"_links":{"self":[{"href":"https:\/\/www.loskadolina.info\/en\/wp-json\/wp\/v2\/pages\/21141","targetHints":{"allow":["GET"]}}],"collection":[{"href":"https:\/\/www.loskadolina.info\/en\/wp-json\/wp\/v2\/pages"}],"about":[{"href":"https:\/\/www.loskadolina.info\/en\/wp-json\/wp\/v2\/types\/page"}],"author":[{"embeddable":true,"href":"https:\/\/www.loskadolina.info\/en\/wp-json\/wp\/v2\/users\/1"}],"replies":[{"embeddable":true,"href":"https:\/\/www.loskadolina.info\/en\/wp-json\/wp\/v2\/comments?post=21141"}],"version-history":[{"count":7,"href":"https:\/\/www.loskadolina.info\/en\/wp-json\/wp\/v2\/pages\/21141\/revisions"}],"predecessor-version":[{"id":22156,"href":"https:\/\/www.loskadolina.info\/en\/wp-json\/wp\/v2\/pages\/21141\/revisions\/22156"}],"up":[{"embeddable":true,"href":"https:\/\/www.loskadolina.info\/en\/wp-json\/wp\/v2\/pages\/21421"}],"wp:featuredmedia":[{"embeddable":true,"href":"https:\/\/www.loskadolina.info\/en\/wp-json\/wp\/v2\/media\/21142"}],"wp:attachment":[{"href":"https:\/\/www.loskadolina.info\/en\/wp-json\/wp\/v2\/media?parent=21141"}],"curies":[{"name":"wp","href":"https:\/\/api.w.org\/{rel}","templated":true}]}}