{"id":21121,"date":"2025-11-13T09:53:40","date_gmt":"2025-11-13T08:53:40","guid":{"rendered":"https:\/\/www.loskadolina.info\/bicycle-rental\/"},"modified":"2026-05-05T10:13:44","modified_gmt":"2026-05-05T08:13:44","slug":"bicycle-rental","status":"publish","type":"page","link":"https:\/\/www.loskadolina.info\/en\/experiences\/bicycle-rental\/","title":{"rendered":"Rent a Bike"},"content":{"rendered":"\t\t<div data-elementor-type=\"wp-page\" data-elementor-id=\"21121\" class=\"elementor elementor-21121 elementor-1833\" data-elementor-post-type=\"page\">\n\t\t\t\t<div class=\"aux-parallax-section elementor-element elementor-element-7979e2a e-flex e-con-boxed e-con e-parent\" data-id=\"7979e2a\" data-element_type=\"container\" data-e-type=\"container\">\n\t\t\t\t\t<div class=\"e-con-inner\">\n\t\t<div class=\"elementor-element elementor-element-f39c9b8 e-con-full e-flex e-con e-child\" data-id=\"f39c9b8\" data-element_type=\"container\" data-e-type=\"container\">\n\t\t\t\t<div class=\"elementor-element elementor-element-40b4bfe elementor-widget elementor-widget-aux_featured_image\" data-id=\"40b4bfe\" data-element_type=\"widget\" data-e-type=\"widget\" data-widget_type=\"aux_featured_image.default\">\n\t\t\t\t<div class=\"elementor-widget-container\">\n\t\t\t\t\t<div class=\"aux-media-frame aux-media-image\"><img fetchpriority=\"high\" decoding=\"async\" width=\"1024\" height=\"1024\" src=\"https:\/\/www.loskadolina.info\/wp-content\/uploads\/2026\/01\/Izposoja-koles-8-1024x1024.jpg\" class=\"aux-attachment aux-featured-image attachment-1024x1024 aux-attachment-id-21122 \" alt=\"Kolesarja ob pa\u0161niku krav\" srcset=\"https:\/\/www.loskadolina.info\/wp-content\/uploads\/2026\/01\/Izposoja-koles-8-150x150.jpg 150w,https:\/\/www.loskadolina.info\/wp-content\/uploads\/2026\/01\/Izposoja-koles-8-300x300.jpg 300w,https:\/\/www.loskadolina.info\/wp-content\/uploads\/2026\/01\/Izposoja-koles-8-768x768.jpg 768w,https:\/\/www.loskadolina.info\/wp-content\/uploads\/2026\/01\/Izposoja-koles-8-1024x1024.jpg 1024w,https:\/\/www.loskadolina.info\/wp-content\/uploads\/2026\/01\/Izposoja-koles-8-1024x1024.jpg 1024w,https:\/\/www.loskadolina.info\/wp-content\/uploads\/2026\/01\/Izposoja-koles-8-scaled-2550x2550.jpg 2550w\" data-ratio=\"1\" data-original-w=\"2560\" sizes=\"(max-width:479px) 480px,(max-width:767px) 768px,(max-width:1023px) 1024px,1024px\" \/><\/div>\t\t\t\t<\/div>\n\t\t\t\t<\/div>\n\t\t\t\t<\/div>\n\t\t<div class=\"elementor-element elementor-element-138a6f3 e-con-full e-flex e-con e-child\" data-id=\"138a6f3\" data-element_type=\"container\" data-e-type=\"container\">\n\t\t<div class=\"elementor-element elementor-element-c67aa81 e-con-full e-flex e-con e-child\" data-id=\"c67aa81\" data-element_type=\"container\" data-e-type=\"container\">\n\t\t\t\t<div class=\"elementor-element elementor-element-9b4cd82 elementor-widget elementor-widget-theme-post-title elementor-page-title elementor-widget-heading\" data-id=\"9b4cd82\" data-element_type=\"widget\" data-e-type=\"widget\" data-widget_type=\"theme-post-title.default\">\n\t\t\t\t<div class=\"elementor-widget-container\">\n\t\t\t\t\t<h1 class=\"elementor-heading-title elementor-size-default\">Rent a Bike<\/h1>\t\t\t\t<\/div>\n\t\t\t\t<\/div>\n\t\t\t\t<div class=\"elementor-element elementor-element-85863e1 elementor-widget elementor-widget-text-editor\" data-id=\"85863e1\" data-element_type=\"widget\" data-e-type=\"widget\" data-widget_type=\"text-editor.default\">\n\t\t\t\t<div class=\"elementor-widget-container\">\n\t\t\t\t\t\t\t\t\t<p>Cycling through the diverse Notranjska landscape of Lo\u0161ka dolina offers enjoyment for both recreational and experienced cyclists. The flat paths across Lo\u0161ko polje are also suitable for family recreation, while more demanding cyclists can head towards the higher-lying villages and across natural passes to Lake Cerknica, Bloke, Lo\u0161ki Potok, or further towards the Ko\u010devje region, the Kolpa Valley, and Gorski Kotar. The forested and hilly areas of Lo\u0161ka dolina are a true challenge for touring and mountain bikers, as they require good orientation skills; the <a href=\"https:\/\/stkp.pzs.si\/)\" target=\"_blank\" rel=\"noopener\">Slovenian Mountain Bike Route (STKP)<\/a> also leads through the area, connecting Ma\u0161un with Sne\u017enik Castle and ascending through Lo\u0161ka dolina towards the Municipality of Lo\u0161ki Potok.  <\/p><p>At TIC Lo\u0161ka dolina, four SCOTT Aspect eRide 930 e-bikes are available for rent in sizes from S to L, along with four cycling helmets.<\/p><p>&#8212; <\/p><p>In Stari trg pri Lo\u017eu, a service and charging station for e-bikes is available at the MGC Gaber location, Cesta Notranjskega odreda 45 b. It is also possible to borrow a charger, which must be arranged in advance by calling +386 (0)41 634 224.   041 634 224.<\/p><p>Electric bikes can also be rented at the<a href=\"https:\/\/www.arsviva.si\/\" target=\"_blank\" rel=\"noopener\"> Ars Viva Institute<\/a> and at <a href=\"https:\/\/rihtarjeva-domacija.si\/\" target=\"_blank\" rel=\"noopener\">the Rihtar Homestead<\/a>.<\/p>\t\t\t\t\t\t\t\t<\/div>\n\t\t\t\t<\/div>\n\t\t\t\t<\/div>\n\t\t\t\t<\/div>\n\t\t\t\t\t<\/div>\n\t\t\t\t<\/div>\n\t\t<div class=\"aux-parallax-section elementor-element elementor-element-20fda16 e-con-full e-flex e-con e-parent\" data-id=\"20fda16\" data-element_type=\"container\" data-e-type=\"container\" data-settings=\"{&quot;background_background&quot;:&quot;classic&quot;}\">\n\t\t\t\t<div class=\"elementor-element elementor-element-730430c elementor-arrows-position-inside elementor-widget elementor-widget-image-carousel\" data-id=\"730430c\" data-element_type=\"widget\" data-e-type=\"widget\" data-settings=\"{&quot;slides_to_show&quot;:&quot;6&quot;,&quot;navigation&quot;:&quot;arrows&quot;,&quot;image_spacing_custom&quot;:{&quot;unit&quot;:&quot;px&quot;,&quot;size&quot;:15,&quot;sizes&quot;:[]},&quot;slides_to_show_mobile&quot;:&quot;2&quot;,&quot;autoplay&quot;:&quot;yes&quot;,&quot;pause_on_hover&quot;:&quot;yes&quot;,&quot;pause_on_interaction&quot;:&quot;yes&quot;,&quot;autoplay_speed&quot;:5000,&quot;infinite&quot;:&quot;yes&quot;,&quot;speed&quot;:500,&quot;image_spacing_custom_tablet&quot;:{&quot;unit&quot;:&quot;px&quot;,&quot;size&quot;:&quot;&quot;,&quot;sizes&quot;:[]},&quot;image_spacing_custom_mobile&quot;:{&quot;unit&quot;:&quot;px&quot;,&quot;size&quot;:&quot;&quot;,&quot;sizes&quot;:[]}}\" data-widget_type=\"image-carousel.default\">\n\t\t\t\t<div class=\"elementor-widget-container\">\n\t\t\t\t\t\t\t<div class=\"elementor-image-carousel-wrapper swiper\" role=\"region\" aria-roledescription=\"carousel\" aria-label=\"Image Carousel\" dir=\"ltr\">\n\t\t\t<div class=\"elementor-image-carousel swiper-wrapper\" aria-live=\"off\">\n\t\t\t\t\t\t\t\t<div class=\"swiper-slide\" role=\"group\" aria-roledescription=\"slide\" aria-label=\"1 of 9\"><a data-elementor-open-lightbox=\"yes\" data-elementor-lightbox-slideshow=\"730430c\" data-elementor-lightbox-title=\"Foto: Marjan Kapele\" data-e-action-hash=\"#elementor-action%3Aaction%3Dlightbox%26settings%3DeyJpZCI6MjExMjMsInVybCI6Imh0dHBzOlwvXC93d3cubG9za2Fkb2xpbmEuaW5mb1wvd3AtY29udGVudFwvdXBsb2Fkc1wvMjAyNlwvMDFcL0l6cG9zb2phLWtvbGVzLTEtc2NhbGVkLmpwZyIsInNsaWRlc2hvdyI6IjczMDQzMGMifQ%3D%3D\" href=\"https:\/\/www.loskadolina.info\/wp-content\/uploads\/2026\/01\/Izposoja-koles-1-scaled.jpg\"><figure class=\"swiper-slide-inner\"><img decoding=\"async\" class=\"swiper-slide-image\" src=\"https:\/\/www.loskadolina.info\/wp-content\/uploads\/2026\/01\/Izposoja-koles-1-300x300.jpg\" alt=\"Cyclists on Lo\u0161ko polje\" \/><\/figure><\/a><\/div><div class=\"swiper-slide\" role=\"group\" aria-roledescription=\"slide\" aria-label=\"2 of 9\"><a data-elementor-open-lightbox=\"yes\" data-elementor-lightbox-slideshow=\"730430c\" data-elementor-lightbox-title=\"Foto: Marjan Kapele\" data-e-action-hash=\"#elementor-action%3Aaction%3Dlightbox%26settings%3DeyJpZCI6MjExMjQsInVybCI6Imh0dHBzOlwvXC93d3cubG9za2Fkb2xpbmEuaW5mb1wvd3AtY29udGVudFwvdXBsb2Fkc1wvMjAyNlwvMDFcL0l6cG9zb2phLWtvbGVzLTktc2NhbGVkLmpwZyIsInNsaWRlc2hvdyI6IjczMDQzMGMifQ%3D%3D\" href=\"https:\/\/www.loskadolina.info\/wp-content\/uploads\/2026\/01\/Izposoja-koles-9-scaled.jpg\"><figure class=\"swiper-slide-inner\"><img decoding=\"async\" class=\"swiper-slide-image\" src=\"https:\/\/www.loskadolina.info\/wp-content\/uploads\/2026\/01\/Izposoja-koles-9-300x300.jpg\" alt=\"Cyclists on a cart track\" \/><\/figure><\/a><\/div><div class=\"swiper-slide\" role=\"group\" aria-roledescription=\"slide\" aria-label=\"3 of 9\"><a data-elementor-open-lightbox=\"yes\" data-elementor-lightbox-slideshow=\"730430c\" data-elementor-lightbox-title=\"Foto: Marjan Kapele\" data-e-action-hash=\"#elementor-action%3Aaction%3Dlightbox%26settings%3DeyJpZCI6MjExMjIsInVybCI6Imh0dHBzOlwvXC93d3cubG9za2Fkb2xpbmEuaW5mb1wvd3AtY29udGVudFwvdXBsb2Fkc1wvMjAyNlwvMDFcL0l6cG9zb2phLWtvbGVzLTgtc2NhbGVkLmpwZyIsInNsaWRlc2hvdyI6IjczMDQzMGMifQ%3D%3D\" href=\"https:\/\/www.loskadolina.info\/wp-content\/uploads\/2026\/01\/Izposoja-koles-8-scaled.jpg\"><figure class=\"swiper-slide-inner\"><img decoding=\"async\" class=\"swiper-slide-image\" src=\"https:\/\/www.loskadolina.info\/wp-content\/uploads\/2026\/01\/Izposoja-koles-8-300x300.jpg\" alt=\"Kolesarja ob pa\u0161niku krav\" \/><\/figure><\/a><\/div><div class=\"swiper-slide\" role=\"group\" aria-roledescription=\"slide\" aria-label=\"4 of 9\"><a data-elementor-open-lightbox=\"yes\" data-elementor-lightbox-slideshow=\"730430c\" data-elementor-lightbox-title=\"Foto: Marjan Kapele\" data-e-action-hash=\"#elementor-action%3Aaction%3Dlightbox%26settings%3DeyJpZCI6MjExMjUsInVybCI6Imh0dHBzOlwvXC93d3cubG9za2Fkb2xpbmEuaW5mb1wvd3AtY29udGVudFwvdXBsb2Fkc1wvMjAyNlwvMDFcL0l6cG9zb2phLWtvbGVzLTctc2NhbGVkLmpwZyIsInNsaWRlc2hvdyI6IjczMDQzMGMifQ%3D%3D\" href=\"https:\/\/www.loskadolina.info\/wp-content\/uploads\/2026\/01\/Izposoja-koles-7-scaled.jpg\"><figure class=\"swiper-slide-inner\"><img decoding=\"async\" class=\"swiper-slide-image\" src=\"https:\/\/www.loskadolina.info\/wp-content\/uploads\/2026\/01\/Izposoja-koles-7-300x300.jpg\" alt=\"Cyclists on a cart track\" \/><\/figure><\/a><\/div><div class=\"swiper-slide\" role=\"group\" aria-roledescription=\"slide\" aria-label=\"5 of 9\"><a data-elementor-open-lightbox=\"yes\" data-elementor-lightbox-slideshow=\"730430c\" data-elementor-lightbox-title=\"Foto: Marjan Kapele\" data-e-action-hash=\"#elementor-action%3Aaction%3Dlightbox%26settings%3DeyJpZCI6MjExMjYsInVybCI6Imh0dHBzOlwvXC93d3cubG9za2Fkb2xpbmEuaW5mb1wvd3AtY29udGVudFwvdXBsb2Fkc1wvMjAyNlwvMDFcL0l6cG9zb2phLWtvbGVzLTYtc2NhbGVkLmpwZyIsInNsaWRlc2hvdyI6IjczMDQzMGMifQ%3D%3D\" href=\"https:\/\/www.loskadolina.info\/wp-content\/uploads\/2026\/01\/Izposoja-koles-6-scaled.jpg\"><figure class=\"swiper-slide-inner\"><img decoding=\"async\" class=\"swiper-slide-image\" src=\"https:\/\/www.loskadolina.info\/wp-content\/uploads\/2026\/01\/Izposoja-koles-6-300x300.jpg\" alt=\"Aerial view of two cyclists\" \/><\/figure><\/a><\/div><div class=\"swiper-slide\" role=\"group\" aria-roledescription=\"slide\" aria-label=\"6 of 9\"><a data-elementor-open-lightbox=\"yes\" data-elementor-lightbox-slideshow=\"730430c\" data-elementor-lightbox-title=\"Foto: Marjan Kapele\" data-e-action-hash=\"#elementor-action%3Aaction%3Dlightbox%26settings%3DeyJpZCI6MjExMjcsInVybCI6Imh0dHBzOlwvXC93d3cubG9za2Fkb2xpbmEuaW5mb1wvd3AtY29udGVudFwvdXBsb2Fkc1wvMjAyNlwvMDFcL0l6cG9zb2phLWtvbGVzLTUtc2NhbGVkLmpwZyIsInNsaWRlc2hvdyI6IjczMDQzMGMifQ%3D%3D\" href=\"https:\/\/www.loskadolina.info\/wp-content\/uploads\/2026\/01\/Izposoja-koles-5-scaled.jpg\"><figure class=\"swiper-slide-inner\"><img decoding=\"async\" class=\"swiper-slide-image\" src=\"https:\/\/www.loskadolina.info\/wp-content\/uploads\/2026\/01\/Izposoja-koles-5-300x300.jpg\" alt=\"Two cyclists by a horse pasture\" \/><\/figure><\/a><\/div><div class=\"swiper-slide\" role=\"group\" aria-roledescription=\"slide\" aria-label=\"7 of 9\"><a data-elementor-open-lightbox=\"yes\" data-elementor-lightbox-slideshow=\"730430c\" data-elementor-lightbox-title=\"Foto: Marjan Kapele\" data-e-action-hash=\"#elementor-action%3Aaction%3Dlightbox%26settings%3DeyJpZCI6MjExMjgsInVybCI6Imh0dHBzOlwvXC93d3cubG9za2Fkb2xpbmEuaW5mb1wvd3AtY29udGVudFwvdXBsb2Fkc1wvMjAyNlwvMDFcL0l6cG9zb2phLWtvbGVzLTQtc2NhbGVkLmpwZyIsInNsaWRlc2hvdyI6IjczMDQzMGMifQ%3D%3D\" href=\"https:\/\/www.loskadolina.info\/wp-content\/uploads\/2026\/01\/Izposoja-koles-4-scaled.jpg\"><figure class=\"swiper-slide-inner\"><img decoding=\"async\" class=\"swiper-slide-image\" src=\"https:\/\/www.loskadolina.info\/wp-content\/uploads\/2026\/01\/Izposoja-koles-4-300x300.jpg\" alt=\"Two cyclists in front of Sne\u017enik Castle\" \/><\/figure><\/a><\/div><div class=\"swiper-slide\" role=\"group\" aria-roledescription=\"slide\" aria-label=\"8 of 9\"><a data-elementor-open-lightbox=\"yes\" data-elementor-lightbox-slideshow=\"730430c\" data-elementor-lightbox-title=\"Foto: Marjan Kapele\" data-e-action-hash=\"#elementor-action%3Aaction%3Dlightbox%26settings%3DeyJpZCI6MjExMjksInVybCI6Imh0dHBzOlwvXC93d3cubG9za2Fkb2xpbmEuaW5mb1wvd3AtY29udGVudFwvdXBsb2Fkc1wvMjAyNlwvMDFcL0l6cG9zb2phLWtvbGVzLTMtc2NhbGVkLmpwZyIsInNsaWRlc2hvdyI6IjczMDQzMGMifQ%3D%3D\" href=\"https:\/\/www.loskadolina.info\/wp-content\/uploads\/2026\/01\/Izposoja-koles-3-scaled.jpg\"><figure class=\"swiper-slide-inner\"><img decoding=\"async\" class=\"swiper-slide-image\" src=\"https:\/\/www.loskadolina.info\/wp-content\/uploads\/2026\/01\/Izposoja-koles-3-300x300.jpg\" alt=\"Two cyclists at Sne\u017enik Castle\" \/><\/figure><\/a><\/div><div class=\"swiper-slide\" role=\"group\" aria-roledescription=\"slide\" aria-label=\"9 of 9\"><a data-elementor-open-lightbox=\"yes\" data-elementor-lightbox-slideshow=\"730430c\" data-e-action-hash=\"#elementor-action%3Aaction%3Dlightbox%26settings%3DeyJpZCI6MjExMzAsInVybCI6Imh0dHBzOlwvXC93d3cubG9za2Fkb2xpbmEuaW5mb1wvd3AtY29udGVudFwvdXBsb2Fkc1wvMjAyNlwvMDFcL0NlbmlrLWl6cG9zb2plLWtvbGVzLTItc2NhbGVkLnBuZyIsInNsaWRlc2hvdyI6IjczMDQzMGMifQ%3D%3D\" href=\"https:\/\/www.loskadolina.info\/wp-content\/uploads\/2026\/01\/Cenik-izposoje-koles-2-scaled.png\"><figure class=\"swiper-slide-inner\"><img decoding=\"async\" class=\"swiper-slide-image\" src=\"https:\/\/www.loskadolina.info\/wp-content\/uploads\/2026\/01\/Cenik-izposoje-koles-2-300x300.png\" alt=\"Bicycle rental price list\" \/><\/figure><\/a><\/div>\t\t\t<\/div>\n\t\t\t\t\t\t\t\t\t\t\t\t<div class=\"elementor-swiper-button elementor-swiper-button-prev\" role=\"button\" tabindex=\"0\">\n\t\t\t\t\t\t<i aria-hidden=\"true\" class=\"eicon-chevron-left\"><\/i>\t\t\t\t\t<\/div>\n\t\t\t\t\t<div class=\"elementor-swiper-button elementor-swiper-button-next\" role=\"button\" tabindex=\"0\">\n\t\t\t\t\t\t<i aria-hidden=\"true\" class=\"eicon-chevron-right\"><\/i>\t\t\t\t\t<\/div>\n\t\t\t\t\n\t\t\t\t\t\t\t\t\t<\/div>\n\t\t\t\t\t\t<\/div>\n\t\t\t\t<\/div>\n\t\t\t\t<\/div>\n\t\t\t\t<\/div>\n\t\t","protected":false},"excerpt":{"rendered":"<p>Cycling through the diverse Notranjska landscape of Lo\u0161ka dolina offers enjoyment for both recreational and experienced cyclists. The flat paths across Lo\u0161ko polje are also suitable for family recreation, while more demanding cyclists can head towards the higher-lying villages and across natural passes to Lake Cerknica, Bloke, Lo\u0161ki Potok, or further towards the Ko\u010devje region, [&hellip;]<\/p>\n","protected":false},"author":1,"featured_media":21122,"parent":21421,"menu_order":56,"comment_status":"closed","ping_status":"closed","template":"","meta":{"footnotes":""},"class_list":["post-21121","page","type-page","status-publish","has-post-thumbnail","hentry"],"yoast_head":"<!-- This site is optimized with the Yoast SEO plugin v27.5 - https:\/\/yoast.com\/product\/yoast-seo-wordpress\/ -->\n<title>Rent a Bike - Lo\u0161ka dolina<\/title>\n<meta name=\"robots\" content=\"index, follow, max-snippet:-1, max-image-preview:large, max-video-preview:-1\" \/>\n<link rel=\"canonical\" href=\"https:\/\/www.loskadolina.info\/en\/experiences\/bicycle-rental\/\" \/>\n<meta property=\"og:locale\" content=\"en_US\" \/>\n<meta property=\"og:type\" content=\"article\" \/>\n<meta property=\"og:title\" content=\"Rent a Bike - Lo\u0161ka dolina\" \/>\n<meta property=\"og:description\" content=\"Cycling through the diverse Notranjska landscape of Lo\u0161ka dolina offers enjoyment for both recreational and experienced cyclists. The flat paths across Lo\u0161ko polje are also suitable for family recreation, while more demanding cyclists can head towards the higher-lying villages and across natural passes to Lake Cerknica, Bloke, Lo\u0161ki Potok, or further towards the Ko\u010devje region, [&hellip;]\" \/>\n<meta property=\"og:url\" content=\"https:\/\/www.loskadolina.info\/en\/experiences\/bicycle-rental\/\" \/>\n<meta property=\"og:site_name\" content=\"Lo\u0161ka dolina\" \/>\n<meta property=\"article:publisher\" content=\"https:\/\/www.facebook.com\/p\/Javni-zavod-Snenik-100064559271460\/\" \/>\n<meta property=\"article:modified_time\" content=\"2026-05-05T08:13:44+00:00\" \/>\n<meta property=\"og:image\" content=\"https:\/\/www.loskadolina.info\/wp-content\/uploads\/2026\/01\/Izposoja-koles-8-scaled.jpg\" \/>\n\t<meta property=\"og:image:width\" content=\"2560\" \/>\n\t<meta property=\"og:image:height\" content=\"1706\" \/>\n\t<meta property=\"og:image:type\" content=\"image\/jpeg\" \/>\n<meta name=\"twitter:card\" content=\"summary_large_image\" \/>\n<meta name=\"twitter:label1\" content=\"Est. reading time\" \/>\n\t<meta name=\"twitter:data1\" content=\"4 minutes\" \/>\n<script type=\"application\/ld+json\" class=\"yoast-schema-graph\">{\"@context\":\"https:\\\/\\\/schema.org\",\"@graph\":[{\"@type\":\"WebPage\",\"@id\":\"https:\\\/\\\/www.loskadolina.info\\\/en\\\/experiences\\\/bicycle-rental\\\/\",\"url\":\"https:\\\/\\\/www.loskadolina.info\\\/en\\\/experiences\\\/bicycle-rental\\\/\",\"name\":\"Rent a Bike - Lo\u0161ka dolina\",\"isPartOf\":{\"@id\":\"https:\\\/\\\/www.loskadolina.info\\\/en\\\/#website\"},\"primaryImageOfPage\":{\"@id\":\"https:\\\/\\\/www.loskadolina.info\\\/en\\\/experiences\\\/bicycle-rental\\\/#primaryimage\"},\"image\":{\"@id\":\"https:\\\/\\\/www.loskadolina.info\\\/en\\\/experiences\\\/bicycle-rental\\\/#primaryimage\"},\"thumbnailUrl\":\"https:\\\/\\\/www.loskadolina.info\\\/wp-content\\\/uploads\\\/2026\\\/01\\\/Izposoja-koles-8-scaled.jpg\",\"datePublished\":\"2025-11-13T08:53:40+00:00\",\"dateModified\":\"2026-05-05T08:13:44+00:00\",\"breadcrumb\":{\"@id\":\"https:\\\/\\\/www.loskadolina.info\\\/en\\\/experiences\\\/bicycle-rental\\\/#breadcrumb\"},\"inLanguage\":\"en-US\",\"potentialAction\":[{\"@type\":\"ReadAction\",\"target\":[\"https:\\\/\\\/www.loskadolina.info\\\/en\\\/experiences\\\/bicycle-rental\\\/\"]}]},{\"@type\":\"ImageObject\",\"inLanguage\":\"en-US\",\"@id\":\"https:\\\/\\\/www.loskadolina.info\\\/en\\\/experiences\\\/bicycle-rental\\\/#primaryimage\",\"url\":\"https:\\\/\\\/www.loskadolina.info\\\/wp-content\\\/uploads\\\/2026\\\/01\\\/Izposoja-koles-8-scaled.jpg\",\"contentUrl\":\"https:\\\/\\\/www.loskadolina.info\\\/wp-content\\\/uploads\\\/2026\\\/01\\\/Izposoja-koles-8-scaled.jpg\",\"width\":2560,\"height\":1706,\"caption\":\"Kolesarja ob pa\u0161niku krav\"},{\"@type\":\"BreadcrumbList\",\"@id\":\"https:\\\/\\\/www.loskadolina.info\\\/en\\\/experiences\\\/bicycle-rental\\\/#breadcrumb\",\"itemListElement\":[{\"@type\":\"ListItem\",\"position\":1,\"name\":\"Domov\",\"item\":\"https:\\\/\\\/www.loskadolina.info\\\/en\\\/\"},{\"@type\":\"ListItem\",\"position\":2,\"name\":\"Experiences\",\"item\":\"https:\\\/\\\/www.loskadolina.info\\\/en\\\/experiences\\\/\"},{\"@type\":\"ListItem\",\"position\":3,\"name\":\"Rent a Bike\"}]},{\"@type\":\"WebSite\",\"@id\":\"https:\\\/\\\/www.loskadolina.info\\\/en\\\/#website\",\"url\":\"https:\\\/\\\/www.loskadolina.info\\\/en\\\/\",\"name\":\"Lo\u0161ka dolina\",\"description\":\"\",\"publisher\":{\"@id\":\"https:\\\/\\\/www.loskadolina.info\\\/en\\\/#organization\"},\"alternateName\":\"Javni zavod za kulturo, turizem in medgeneracijsko sodelovanje Sne\u017enik\",\"potentialAction\":[{\"@type\":\"SearchAction\",\"target\":{\"@type\":\"EntryPoint\",\"urlTemplate\":\"https:\\\/\\\/www.loskadolina.info\\\/en\\\/?s={search_term_string}\"},\"query-input\":{\"@type\":\"PropertyValueSpecification\",\"valueRequired\":true,\"valueName\":\"search_term_string\"}}],\"inLanguage\":\"en-US\"},{\"@type\":\"Organization\",\"@id\":\"https:\\\/\\\/www.loskadolina.info\\\/en\\\/#organization\",\"name\":\"Javni zavod Sne\u017enik\",\"alternateName\":\"Javni zavod za kulturo, turizem in medgeneracijsko sodelovanje Sne\u017enik\",\"url\":\"https:\\\/\\\/www.loskadolina.info\\\/en\\\/\",\"logo\":{\"@type\":\"ImageObject\",\"inLanguage\":\"en-US\",\"@id\":\"https:\\\/\\\/www.loskadolina.info\\\/en\\\/#\\\/schema\\\/logo\\\/image\\\/\",\"url\":\"https:\\\/\\\/www.loskadolina.info\\\/wp-content\\\/uploads\\\/2025\\\/05\\\/logo.svg\",\"contentUrl\":\"https:\\\/\\\/www.loskadolina.info\\\/wp-content\\\/uploads\\\/2025\\\/05\\\/logo.svg\",\"width\":371,\"height\":115,\"caption\":\"Javni zavod Sne\u017enik\"},\"image\":{\"@id\":\"https:\\\/\\\/www.loskadolina.info\\\/en\\\/#\\\/schema\\\/logo\\\/image\\\/\"},\"sameAs\":[\"https:\\\/\\\/www.facebook.com\\\/p\\\/Javni-zavod-Snenik-100064559271460\\\/\",\"https:\\\/\\\/www.instagram.com\\\/loskadolina\\\/\"]}]}<\/script>\n<!-- \/ Yoast SEO plugin. -->","yoast_head_json":{"title":"Rent a Bike - Lo\u0161ka dolina","robots":{"index":"index","follow":"follow","max-snippet":"max-snippet:-1","max-image-preview":"max-image-preview:large","max-video-preview":"max-video-preview:-1"},"canonical":"https:\/\/www.loskadolina.info\/en\/experiences\/bicycle-rental\/","og_locale":"en_US","og_type":"article","og_title":"Rent a Bike - Lo\u0161ka dolina","og_description":"Cycling through the diverse Notranjska landscape of Lo\u0161ka dolina offers enjoyment for both recreational and experienced cyclists. The flat paths across Lo\u0161ko polje are also suitable for family recreation, while more demanding cyclists can head towards the higher-lying villages and across natural passes to Lake Cerknica, Bloke, Lo\u0161ki Potok, or further towards the Ko\u010devje region, [&hellip;]","og_url":"https:\/\/www.loskadolina.info\/en\/experiences\/bicycle-rental\/","og_site_name":"Lo\u0161ka dolina","article_publisher":"https:\/\/www.facebook.com\/p\/Javni-zavod-Snenik-100064559271460\/","article_modified_time":"2026-05-05T08:13:44+00:00","og_image":[{"width":2560,"height":1706,"url":"https:\/\/www.loskadolina.info\/wp-content\/uploads\/2026\/01\/Izposoja-koles-8-scaled.jpg","type":"image\/jpeg"}],"twitter_card":"summary_large_image","twitter_misc":{"Est. reading time":"4 minutes"},"schema":{"@context":"https:\/\/schema.org","@graph":[{"@type":"WebPage","@id":"https:\/\/www.loskadolina.info\/en\/experiences\/bicycle-rental\/","url":"https:\/\/www.loskadolina.info\/en\/experiences\/bicycle-rental\/","name":"Rent a Bike - Lo\u0161ka dolina","isPartOf":{"@id":"https:\/\/www.loskadolina.info\/en\/#website"},"primaryImageOfPage":{"@id":"https:\/\/www.loskadolina.info\/en\/experiences\/bicycle-rental\/#primaryimage"},"image":{"@id":"https:\/\/www.loskadolina.info\/en\/experiences\/bicycle-rental\/#primaryimage"},"thumbnailUrl":"https:\/\/www.loskadolina.info\/wp-content\/uploads\/2026\/01\/Izposoja-koles-8-scaled.jpg","datePublished":"2025-11-13T08:53:40+00:00","dateModified":"2026-05-05T08:13:44+00:00","breadcrumb":{"@id":"https:\/\/www.loskadolina.info\/en\/experiences\/bicycle-rental\/#breadcrumb"},"inLanguage":"en-US","potentialAction":[{"@type":"ReadAction","target":["https:\/\/www.loskadolina.info\/en\/experiences\/bicycle-rental\/"]}]},{"@type":"ImageObject","inLanguage":"en-US","@id":"https:\/\/www.loskadolina.info\/en\/experiences\/bicycle-rental\/#primaryimage","url":"https:\/\/www.loskadolina.info\/wp-content\/uploads\/2026\/01\/Izposoja-koles-8-scaled.jpg","contentUrl":"https:\/\/www.loskadolina.info\/wp-content\/uploads\/2026\/01\/Izposoja-koles-8-scaled.jpg","width":2560,"height":1706,"caption":"Kolesarja ob pa\u0161niku krav"},{"@type":"BreadcrumbList","@id":"https:\/\/www.loskadolina.info\/en\/experiences\/bicycle-rental\/#breadcrumb","itemListElement":[{"@type":"ListItem","position":1,"name":"Domov","item":"https:\/\/www.loskadolina.info\/en\/"},{"@type":"ListItem","position":2,"name":"Experiences","item":"https:\/\/www.loskadolina.info\/en\/experiences\/"},{"@type":"ListItem","position":3,"name":"Rent a Bike"}]},{"@type":"WebSite","@id":"https:\/\/www.loskadolina.info\/en\/#website","url":"https:\/\/www.loskadolina.info\/en\/","name":"Lo\u0161ka dolina","description":"","publisher":{"@id":"https:\/\/www.loskadolina.info\/en\/#organization"},"alternateName":"Javni zavod za kulturo, turizem in medgeneracijsko sodelovanje Sne\u017enik","potentialAction":[{"@type":"SearchAction","target":{"@type":"EntryPoint","urlTemplate":"https:\/\/www.loskadolina.info\/en\/?s={search_term_string}"},"query-input":{"@type":"PropertyValueSpecification","valueRequired":true,"valueName":"search_term_string"}}],"inLanguage":"en-US"},{"@type":"Organization","@id":"https:\/\/www.loskadolina.info\/en\/#organization","name":"Javni zavod Sne\u017enik","alternateName":"Javni zavod za kulturo, turizem in medgeneracijsko sodelovanje Sne\u017enik","url":"https:\/\/www.loskadolina.info\/en\/","logo":{"@type":"ImageObject","inLanguage":"en-US","@id":"https:\/\/www.loskadolina.info\/en\/#\/schema\/logo\/image\/","url":"https:\/\/www.loskadolina.info\/wp-content\/uploads\/2025\/05\/logo.svg","contentUrl":"https:\/\/www.loskadolina.info\/wp-content\/uploads\/2025\/05\/logo.svg","width":371,"height":115,"caption":"Javni zavod Sne\u017enik"},"image":{"@id":"https:\/\/www.loskadolina.info\/en\/#\/schema\/logo\/image\/"},"sameAs":["https:\/\/www.facebook.com\/p\/Javni-zavod-Snenik-100064559271460\/","https:\/\/www.instagram.com\/loskadolina\/"]}]}},"_links":{"self":[{"href":"https:\/\/www.loskadolina.info\/en\/wp-json\/wp\/v2\/pages\/21121","targetHints":{"allow":["GET"]}}],"collection":[{"href":"https:\/\/www.loskadolina.info\/en\/wp-json\/wp\/v2\/pages"}],"about":[{"href":"https:\/\/www.loskadolina.info\/en\/wp-json\/wp\/v2\/types\/page"}],"author":[{"embeddable":true,"href":"https:\/\/www.loskadolina.info\/en\/wp-json\/wp\/v2\/users\/1"}],"replies":[{"embeddable":true,"href":"https:\/\/www.loskadolina.info\/en\/wp-json\/wp\/v2\/comments?post=21121"}],"version-history":[{"count":14,"href":"https:\/\/www.loskadolina.info\/en\/wp-json\/wp\/v2\/pages\/21121\/revisions"}],"predecessor-version":[{"id":22238,"href":"https:\/\/www.loskadolina.info\/en\/wp-json\/wp\/v2\/pages\/21121\/revisions\/22238"}],"up":[{"embeddable":true,"href":"https:\/\/www.loskadolina.info\/en\/wp-json\/wp\/v2\/pages\/21421"}],"wp:featuredmedia":[{"embeddable":true,"href":"https:\/\/www.loskadolina.info\/en\/wp-json\/wp\/v2\/media\/21122"}],"wp:attachment":[{"href":"https:\/\/www.loskadolina.info\/en\/wp-json\/wp\/v2\/media?parent=21121"}],"curies":[{"name":"wp","href":"https:\/\/api.w.org\/{rel}","templated":true}]}}