{"id":21076,"date":"2025-11-13T12:52:38","date_gmt":"2025-11-13T11:52:38","guid":{"rendered":"https:\/\/www.loskadolina.info\/hike-through-loska-dolina\/"},"modified":"2026-04-17T07:56:37","modified_gmt":"2026-04-17T05:56:37","slug":"hike-through-loska-dolina","status":"publish","type":"page","link":"https:\/\/www.loskadolina.info\/en\/experiences\/hike-through-loska-dolina\/","title":{"rendered":"Hike through Lo\u0161ka dolina"},"content":{"rendered":"\t\t<div data-elementor-type=\"wp-page\" data-elementor-id=\"21076\" class=\"elementor elementor-21076 elementor-2049\" data-elementor-post-type=\"page\">\n\t\t\t\t<div class=\"aux-parallax-section elementor-element elementor-element-4b80cad e-flex e-con-boxed e-con e-parent\" data-id=\"4b80cad\" data-element_type=\"container\" data-e-type=\"container\">\n\t\t\t\t\t<div class=\"e-con-inner\">\n\t\t<div class=\"elementor-element elementor-element-1d17930 e-con-full e-flex e-con e-child\" data-id=\"1d17930\" data-element_type=\"container\" data-e-type=\"container\">\n\t\t\t\t<div class=\"elementor-element elementor-element-2b478d4 elementor-widget elementor-widget-aux_featured_image\" data-id=\"2b478d4\" data-element_type=\"widget\" data-e-type=\"widget\" data-widget_type=\"aux_featured_image.default\">\n\t\t\t\t<div class=\"elementor-widget-container\">\n\t\t\t\t\t<div class=\"aux-media-frame aux-media-image\"><img fetchpriority=\"high\" decoding=\"async\" width=\"1024\" height=\"1024\" src=\"https:\/\/www.loskadolina.info\/wp-content\/uploads\/2026\/02\/Pohod-po-Loski-dolini-1-1024x1024.jpg\" class=\"aux-attachment aux-featured-image attachment-1024x1024 aux-attachment-id-21077 \" alt=\"Hike through Lo\u0161ka dolina\" srcset=\"https:\/\/www.loskadolina.info\/wp-content\/uploads\/2026\/02\/Pohod-po-Loski-dolini-1-150x150.jpg 150w,https:\/\/www.loskadolina.info\/wp-content\/uploads\/2026\/02\/Pohod-po-Loski-dolini-1-300x300.jpg 300w,https:\/\/www.loskadolina.info\/wp-content\/uploads\/2026\/02\/Pohod-po-Loski-dolini-1-768x768.jpg 768w,https:\/\/www.loskadolina.info\/wp-content\/uploads\/2026\/02\/Pohod-po-Loski-dolini-1-1024x1024.jpg 1024w,https:\/\/www.loskadolina.info\/wp-content\/uploads\/2026\/02\/Pohod-po-Loski-dolini-1-1024x1024.jpg 1024w,https:\/\/www.loskadolina.info\/wp-content\/uploads\/2026\/02\/Pohod-po-Loski-dolini-1-scaled-2550x2550.jpg 2550w\" data-ratio=\"1\" data-original-w=\"2560\" sizes=\"(max-width:479px) 480px,(max-width:767px) 768px,(max-width:1023px) 1024px,1024px\" \/><\/div>\t\t\t\t<\/div>\n\t\t\t\t<\/div>\n\t\t\t\t<\/div>\n\t\t<div class=\"elementor-element elementor-element-a3bde31 e-con-full e-flex e-con e-child\" data-id=\"a3bde31\" data-element_type=\"container\" data-e-type=\"container\">\n\t\t<div class=\"elementor-element elementor-element-fa90b26 e-con-full e-flex e-con e-child\" data-id=\"fa90b26\" data-element_type=\"container\" data-e-type=\"container\">\n\t\t\t\t<div class=\"elementor-element elementor-element-c20eeb7 elementor-widget elementor-widget-theme-post-title elementor-page-title elementor-widget-heading\" data-id=\"c20eeb7\" data-element_type=\"widget\" data-e-type=\"widget\" data-widget_type=\"theme-post-title.default\">\n\t\t\t\t<div class=\"elementor-widget-container\">\n\t\t\t\t\t<h1 class=\"elementor-heading-title elementor-size-default\">Hike through Lo\u0161ka dolina<\/h1>\t\t\t\t<\/div>\n\t\t\t\t<\/div>\n\t\t\t\t<div class=\"elementor-element elementor-element-fb1ed89 elementor-widget elementor-widget-text-editor\" data-id=\"fb1ed89\" data-element_type=\"widget\" data-e-type=\"widget\" data-widget_type=\"text-editor.default\">\n\t\t\t\t<div class=\"elementor-widget-container\">\n\t\t\t\t\t\t\t\t\t<p>A hike along the <b>Lo\u0161ka dolina Heritage Trail<\/b> combines hiking with learning about the unique natural and cultural heritage that has been shaped over centuries in the valley amidst the Notranjska forests. The circular route connects the <b>most important sights<\/b>, constantly opening up new views of the landscape and surprising visitors with the<b> hospitality of the locals<\/b>.<\/p><p>Two routes are available: a longer, 21\u00a0km trail, which requires approximately 6 hours of walking, and a shorter, 11\u00a0km trail, which can be completed in just over three hours. Both trails are <b>easy<\/b> and mostly flat, suitable for hikers of all ages. The hike leads us along the edge of the Lo\u0161ko polje karst field and along<b> field and forest <\/b>paths (partly also along roads), offering an insight into the picturesque villages, nature, and cultural heritage of Lo\u0161ka dolina. Hikers can set off on the journey independently along the marked <b>Lo\u0161ka dolina Heritage Trail<\/b>, or join a local tourist guide.<\/p><p>Light hiking footwear and weather-appropriate sportswear are recommended. The hike takes place in <b>all weather conditions<\/b>, and participation is at one\u2019s own risk. <b>Registration is possible on the day of the hike<\/b> at the starting point.<\/p><p>The hike is traditionally organised every year on the Sunday <b>before the Lo\u0161ka dolina Municipality holiday<\/b>, which is 19 October, and is an opportunity for active time in nature, learning about cultural heritage, and socialising.<\/p>\t\t\t\t\t\t\t\t<\/div>\n\t\t\t\t<\/div>\n\t\t\t\t<\/div>\n\t\t\t\t<\/div>\n\t\t\t\t\t<\/div>\n\t\t\t\t<\/div>\n\t\t<div class=\"aux-parallax-section elementor-element elementor-element-01d86e6 e-con-full e-flex e-con e-parent\" data-id=\"01d86e6\" data-element_type=\"container\" data-e-type=\"container\" data-settings=\"{&quot;background_background&quot;:&quot;classic&quot;}\">\n\t\t\t\t<div class=\"elementor-element elementor-element-0220243 elementor-arrows-position-inside elementor-widget elementor-widget-image-carousel\" data-id=\"0220243\" data-element_type=\"widget\" data-e-type=\"widget\" data-settings=\"{&quot;slides_to_show&quot;:&quot;6&quot;,&quot;navigation&quot;:&quot;arrows&quot;,&quot;image_spacing_custom&quot;:{&quot;unit&quot;:&quot;px&quot;,&quot;size&quot;:15,&quot;sizes&quot;:[]},&quot;slides_to_show_mobile&quot;:&quot;2&quot;,&quot;autoplay&quot;:&quot;yes&quot;,&quot;pause_on_hover&quot;:&quot;yes&quot;,&quot;pause_on_interaction&quot;:&quot;yes&quot;,&quot;autoplay_speed&quot;:5000,&quot;infinite&quot;:&quot;yes&quot;,&quot;speed&quot;:500,&quot;image_spacing_custom_tablet&quot;:{&quot;unit&quot;:&quot;px&quot;,&quot;size&quot;:&quot;&quot;,&quot;sizes&quot;:[]},&quot;image_spacing_custom_mobile&quot;:{&quot;unit&quot;:&quot;px&quot;,&quot;size&quot;:&quot;&quot;,&quot;sizes&quot;:[]}}\" data-widget_type=\"image-carousel.default\">\n\t\t\t\t<div class=\"elementor-widget-container\">\n\t\t\t\t\t\t\t<div class=\"elementor-image-carousel-wrapper swiper\" role=\"region\" aria-roledescription=\"carousel\" aria-label=\"Image Carousel\" dir=\"ltr\">\n\t\t\t<div class=\"elementor-image-carousel swiper-wrapper\" aria-live=\"off\">\n\t\t\t\t\t\t\t\t<div class=\"swiper-slide\" role=\"group\" aria-roledescription=\"slide\" aria-label=\"1 of 6\"><a data-elementor-open-lightbox=\"yes\" data-elementor-lightbox-slideshow=\"0220243\" data-elementor-lightbox-title=\"Foto: Edvard \u0160ega\" data-e-action-hash=\"#elementor-action%3Aaction%3Dlightbox%26settings%3DeyJpZCI6MjEwNzcsInVybCI6Imh0dHBzOlwvXC93d3cubG9za2Fkb2xpbmEuaW5mb1wvd3AtY29udGVudFwvdXBsb2Fkc1wvMjAyNlwvMDJcL1BvaG9kLXBvLUxvc2tpLWRvbGluaS0xLXNjYWxlZC5qcGciLCJzbGlkZXNob3ciOiIwMjIwMjQzIn0%3D\" href=\"https:\/\/www.loskadolina.info\/wp-content\/uploads\/2026\/02\/Pohod-po-Loski-dolini-1-scaled.jpg\"><figure class=\"swiper-slide-inner\"><img decoding=\"async\" class=\"swiper-slide-image\" src=\"https:\/\/www.loskadolina.info\/wp-content\/uploads\/2026\/02\/Pohod-po-Loski-dolini-1-300x300.jpg\" alt=\"Hike through Lo\u0161ka dolina\" \/><\/figure><\/a><\/div><div class=\"swiper-slide\" role=\"group\" aria-roledescription=\"slide\" aria-label=\"2 of 6\"><a data-elementor-open-lightbox=\"yes\" data-elementor-lightbox-slideshow=\"0220243\" data-elementor-lightbox-title=\"Photo: Edvard \u0160ega\" data-e-action-hash=\"#elementor-action%3Aaction%3Dlightbox%26settings%3DeyJpZCI6MjEwNzgsInVybCI6Imh0dHBzOlwvXC93d3cubG9za2Fkb2xpbmEuaW5mb1wvd3AtY29udGVudFwvdXBsb2Fkc1wvMjAyNlwvMDJcL1BvaG9kLXBvLUxvc2tpLWRvbGluaS02LmpwZyIsInNsaWRlc2hvdyI6IjAyMjAyNDMifQ%3D%3D\" href=\"https:\/\/www.loskadolina.info\/wp-content\/uploads\/2026\/02\/Pohod-po-Loski-dolini-6.jpg\"><figure class=\"swiper-slide-inner\"><img decoding=\"async\" class=\"swiper-slide-image\" src=\"https:\/\/www.loskadolina.info\/wp-content\/uploads\/2026\/02\/Pohod-po-Loski-dolini-6-300x300.jpg\" alt=\"Hike through Lo\u0161ka dolina\" \/><\/figure><\/a><\/div><div class=\"swiper-slide\" role=\"group\" aria-roledescription=\"slide\" aria-label=\"3 of 6\"><a data-elementor-open-lightbox=\"yes\" data-elementor-lightbox-slideshow=\"0220243\" data-elementor-lightbox-title=\"Photo: Edvard \u0160ega\" data-e-action-hash=\"#elementor-action%3Aaction%3Dlightbox%26settings%3DeyJpZCI6MjEwNzksInVybCI6Imh0dHBzOlwvXC93d3cubG9za2Fkb2xpbmEuaW5mb1wvd3AtY29udGVudFwvdXBsb2Fkc1wvMjAyNlwvMDJcL1BvaG9kLXBvLUxvc2tpLWRvbGluaS01LmpwZyIsInNsaWRlc2hvdyI6IjAyMjAyNDMifQ%3D%3D\" href=\"https:\/\/www.loskadolina.info\/wp-content\/uploads\/2026\/02\/Pohod-po-Loski-dolini-5.jpg\"><figure class=\"swiper-slide-inner\"><img decoding=\"async\" class=\"swiper-slide-image\" src=\"https:\/\/www.loskadolina.info\/wp-content\/uploads\/2026\/02\/Pohod-po-Loski-dolini-5-300x300.jpg\" alt=\"Hike through Lo\u0161ka dolina\" \/><\/figure><\/a><\/div><div class=\"swiper-slide\" role=\"group\" aria-roledescription=\"slide\" aria-label=\"4 of 6\"><a data-elementor-open-lightbox=\"yes\" data-elementor-lightbox-slideshow=\"0220243\" data-elementor-lightbox-title=\"Photo: Edvard \u0160ega\" data-e-action-hash=\"#elementor-action%3Aaction%3Dlightbox%26settings%3DeyJpZCI6MjEwODAsInVybCI6Imh0dHBzOlwvXC93d3cubG9za2Fkb2xpbmEuaW5mb1wvd3AtY29udGVudFwvdXBsb2Fkc1wvMjAyNlwvMDJcL1BvaG9kLXBvLUxvc2tpLWRvbGluaS00LmpwZyIsInNsaWRlc2hvdyI6IjAyMjAyNDMifQ%3D%3D\" href=\"https:\/\/www.loskadolina.info\/wp-content\/uploads\/2026\/02\/Pohod-po-Loski-dolini-4.jpg\"><figure class=\"swiper-slide-inner\"><img decoding=\"async\" class=\"swiper-slide-image\" src=\"https:\/\/www.loskadolina.info\/wp-content\/uploads\/2026\/02\/Pohod-po-Loski-dolini-4-300x300.jpg\" alt=\"Hike through Lo\u0161ka dolina\" \/><\/figure><\/a><\/div><div class=\"swiper-slide\" role=\"group\" aria-roledescription=\"slide\" aria-label=\"5 of 6\"><a data-elementor-open-lightbox=\"yes\" data-elementor-lightbox-slideshow=\"0220243\" data-elementor-lightbox-title=\"Photo: Edvard \u0160ega\" data-e-action-hash=\"#elementor-action%3Aaction%3Dlightbox%26settings%3DeyJpZCI6MjEwODEsInVybCI6Imh0dHBzOlwvXC93d3cubG9za2Fkb2xpbmEuaW5mb1wvd3AtY29udGVudFwvdXBsb2Fkc1wvMjAyNlwvMDJcL1BvaG9kLXBvLUxvc2tpLWRvbGluaS0zLXNjYWxlZC5qcGciLCJzbGlkZXNob3ciOiIwMjIwMjQzIn0%3D\" href=\"https:\/\/www.loskadolina.info\/wp-content\/uploads\/2026\/02\/Pohod-po-Loski-dolini-3-scaled.jpg\"><figure class=\"swiper-slide-inner\"><img decoding=\"async\" class=\"swiper-slide-image\" src=\"https:\/\/www.loskadolina.info\/wp-content\/uploads\/2026\/02\/Pohod-po-Loski-dolini-3-300x300.jpg\" alt=\"Hike through Lo\u0161ka dolina\" \/><\/figure><\/a><\/div><div class=\"swiper-slide\" role=\"group\" aria-roledescription=\"slide\" aria-label=\"6 of 6\"><a data-elementor-open-lightbox=\"yes\" data-elementor-lightbox-slideshow=\"0220243\" data-elementor-lightbox-title=\"Photo: Edvard \u0160ega\" data-e-action-hash=\"#elementor-action%3Aaction%3Dlightbox%26settings%3DeyJpZCI6MjEwODIsInVybCI6Imh0dHBzOlwvXC93d3cubG9za2Fkb2xpbmEuaW5mb1wvd3AtY29udGVudFwvdXBsb2Fkc1wvMjAyNlwvMDJcL1BvaG9kLXBvLUxvc2tpLWRvbGluaS0zMS1zY2FsZWQuanBnIiwic2xpZGVzaG93IjoiMDIyMDI0MyJ9\" href=\"https:\/\/www.loskadolina.info\/wp-content\/uploads\/2026\/02\/Pohod-po-Loski-dolini-31-scaled.jpg\"><figure class=\"swiper-slide-inner\"><img decoding=\"async\" class=\"swiper-slide-image\" src=\"https:\/\/www.loskadolina.info\/wp-content\/uploads\/2026\/02\/Pohod-po-Loski-dolini-31-300x300.jpg\" alt=\"Hike through Lo\u0161ka dolina\" \/><\/figure><\/a><\/div>\t\t\t<\/div>\n\t\t\t\t\t\t\t\t\t\t\t\t<div class=\"elementor-swiper-button elementor-swiper-button-prev\" role=\"button\" tabindex=\"0\">\n\t\t\t\t\t\t<i aria-hidden=\"true\" class=\"eicon-chevron-left\"><\/i>\t\t\t\t\t<\/div>\n\t\t\t\t\t<div class=\"elementor-swiper-button elementor-swiper-button-next\" role=\"button\" tabindex=\"0\">\n\t\t\t\t\t\t<i aria-hidden=\"true\" class=\"eicon-chevron-right\"><\/i>\t\t\t\t\t<\/div>\n\t\t\t\t\n\t\t\t\t\t\t\t\t\t<\/div>\n\t\t\t\t\t\t<\/div>\n\t\t\t\t<\/div>\n\t\t\t\t<\/div>\n\t\t\t\t<\/div>\n\t\t","protected":false},"excerpt":{"rendered":"<p>A hike along the Lo\u0161ka dolina Heritage Trail combines hiking with learning about the unique natural and cultural heritage that has been shaped over centuries in the valley amidst the Notranjska forests. The circular route connects the most important sights, constantly opening up new views of the landscape and surprising visitors with the hospitality of [&hellip;]<\/p>\n","protected":false},"author":1,"featured_media":21077,"parent":21421,"menu_order":1,"comment_status":"closed","ping_status":"closed","template":"","meta":{"footnotes":""},"class_list":["post-21076","page","type-page","status-publish","has-post-thumbnail","hentry"],"yoast_head":"<!-- This site is optimized with the Yoast SEO plugin v27.5 - https:\/\/yoast.com\/product\/yoast-seo-wordpress\/ -->\n<title>Hike through Lo\u0161ka dolina - Lo\u0161ka dolina<\/title>\n<meta name=\"robots\" content=\"index, follow, max-snippet:-1, max-image-preview:large, max-video-preview:-1\" \/>\n<link rel=\"canonical\" href=\"https:\/\/www.loskadolina.info\/en\/experiences\/hike-through-loska-dolina\/\" \/>\n<meta property=\"og:locale\" content=\"en_US\" \/>\n<meta property=\"og:type\" content=\"article\" \/>\n<meta property=\"og:title\" content=\"Hike through Lo\u0161ka dolina - Lo\u0161ka dolina\" \/>\n<meta property=\"og:description\" content=\"A hike along the Lo\u0161ka dolina Heritage Trail combines hiking with learning about the unique natural and cultural heritage that has been shaped over centuries in the valley amidst the Notranjska forests. The circular route connects the most important sights, constantly opening up new views of the landscape and surprising visitors with the hospitality of [&hellip;]\" \/>\n<meta property=\"og:url\" content=\"https:\/\/www.loskadolina.info\/en\/experiences\/hike-through-loska-dolina\/\" \/>\n<meta property=\"og:site_name\" content=\"Lo\u0161ka dolina\" \/>\n<meta property=\"article:publisher\" content=\"https:\/\/www.facebook.com\/p\/Javni-zavod-Snenik-100064559271460\/\" \/>\n<meta property=\"article:modified_time\" content=\"2026-04-17T05:56:37+00:00\" \/>\n<meta property=\"og:image\" content=\"https:\/\/www.loskadolina.info\/wp-content\/uploads\/2026\/02\/Pohod-po-Loski-dolini-1-scaled.jpg\" \/>\n\t<meta property=\"og:image:width\" content=\"2560\" \/>\n\t<meta property=\"og:image:height\" content=\"1705\" \/>\n\t<meta property=\"og:image:type\" content=\"image\/jpeg\" \/>\n<meta name=\"twitter:card\" content=\"summary_large_image\" \/>\n<meta name=\"twitter:label1\" content=\"Est. reading time\" \/>\n\t<meta name=\"twitter:data1\" content=\"3 minutes\" \/>\n<script type=\"application\/ld+json\" class=\"yoast-schema-graph\">{\"@context\":\"https:\\\/\\\/schema.org\",\"@graph\":[{\"@type\":\"WebPage\",\"@id\":\"https:\\\/\\\/www.loskadolina.info\\\/en\\\/experiences\\\/hike-through-loska-dolina\\\/\",\"url\":\"https:\\\/\\\/www.loskadolina.info\\\/en\\\/experiences\\\/hike-through-loska-dolina\\\/\",\"name\":\"Hike through Lo\u0161ka dolina - Lo\u0161ka dolina\",\"isPartOf\":{\"@id\":\"https:\\\/\\\/www.loskadolina.info\\\/en\\\/#website\"},\"primaryImageOfPage\":{\"@id\":\"https:\\\/\\\/www.loskadolina.info\\\/en\\\/experiences\\\/hike-through-loska-dolina\\\/#primaryimage\"},\"image\":{\"@id\":\"https:\\\/\\\/www.loskadolina.info\\\/en\\\/experiences\\\/hike-through-loska-dolina\\\/#primaryimage\"},\"thumbnailUrl\":\"https:\\\/\\\/www.loskadolina.info\\\/wp-content\\\/uploads\\\/2026\\\/02\\\/Pohod-po-Loski-dolini-1-scaled.jpg\",\"datePublished\":\"2025-11-13T11:52:38+00:00\",\"dateModified\":\"2026-04-17T05:56:37+00:00\",\"breadcrumb\":{\"@id\":\"https:\\\/\\\/www.loskadolina.info\\\/en\\\/experiences\\\/hike-through-loska-dolina\\\/#breadcrumb\"},\"inLanguage\":\"en-US\",\"potentialAction\":[{\"@type\":\"ReadAction\",\"target\":[\"https:\\\/\\\/www.loskadolina.info\\\/en\\\/experiences\\\/hike-through-loska-dolina\\\/\"]}]},{\"@type\":\"ImageObject\",\"inLanguage\":\"en-US\",\"@id\":\"https:\\\/\\\/www.loskadolina.info\\\/en\\\/experiences\\\/hike-through-loska-dolina\\\/#primaryimage\",\"url\":\"https:\\\/\\\/www.loskadolina.info\\\/wp-content\\\/uploads\\\/2026\\\/02\\\/Pohod-po-Loski-dolini-1-scaled.jpg\",\"contentUrl\":\"https:\\\/\\\/www.loskadolina.info\\\/wp-content\\\/uploads\\\/2026\\\/02\\\/Pohod-po-Loski-dolini-1-scaled.jpg\",\"width\":2560,\"height\":1705,\"caption\":\"Hike through Lo\u0161ka dolina\"},{\"@type\":\"BreadcrumbList\",\"@id\":\"https:\\\/\\\/www.loskadolina.info\\\/en\\\/experiences\\\/hike-through-loska-dolina\\\/#breadcrumb\",\"itemListElement\":[{\"@type\":\"ListItem\",\"position\":1,\"name\":\"Domov\",\"item\":\"https:\\\/\\\/www.loskadolina.info\\\/en\\\/\"},{\"@type\":\"ListItem\",\"position\":2,\"name\":\"Experiences\",\"item\":\"https:\\\/\\\/www.loskadolina.info\\\/en\\\/experiences\\\/\"},{\"@type\":\"ListItem\",\"position\":3,\"name\":\"Hike through Lo\u0161ka dolina\"}]},{\"@type\":\"WebSite\",\"@id\":\"https:\\\/\\\/www.loskadolina.info\\\/en\\\/#website\",\"url\":\"https:\\\/\\\/www.loskadolina.info\\\/en\\\/\",\"name\":\"Lo\u0161ka dolina\",\"description\":\"\",\"publisher\":{\"@id\":\"https:\\\/\\\/www.loskadolina.info\\\/en\\\/#organization\"},\"alternateName\":\"Javni zavod za kulturo, turizem in medgeneracijsko sodelovanje Sne\u017enik\",\"potentialAction\":[{\"@type\":\"SearchAction\",\"target\":{\"@type\":\"EntryPoint\",\"urlTemplate\":\"https:\\\/\\\/www.loskadolina.info\\\/en\\\/?s={search_term_string}\"},\"query-input\":{\"@type\":\"PropertyValueSpecification\",\"valueRequired\":true,\"valueName\":\"search_term_string\"}}],\"inLanguage\":\"en-US\"},{\"@type\":\"Organization\",\"@id\":\"https:\\\/\\\/www.loskadolina.info\\\/en\\\/#organization\",\"name\":\"Javni zavod Sne\u017enik\",\"alternateName\":\"Javni zavod za kulturo, turizem in medgeneracijsko sodelovanje Sne\u017enik\",\"url\":\"https:\\\/\\\/www.loskadolina.info\\\/en\\\/\",\"logo\":{\"@type\":\"ImageObject\",\"inLanguage\":\"en-US\",\"@id\":\"https:\\\/\\\/www.loskadolina.info\\\/en\\\/#\\\/schema\\\/logo\\\/image\\\/\",\"url\":\"https:\\\/\\\/www.loskadolina.info\\\/wp-content\\\/uploads\\\/2025\\\/05\\\/logo.svg\",\"contentUrl\":\"https:\\\/\\\/www.loskadolina.info\\\/wp-content\\\/uploads\\\/2025\\\/05\\\/logo.svg\",\"width\":371,\"height\":115,\"caption\":\"Javni zavod Sne\u017enik\"},\"image\":{\"@id\":\"https:\\\/\\\/www.loskadolina.info\\\/en\\\/#\\\/schema\\\/logo\\\/image\\\/\"},\"sameAs\":[\"https:\\\/\\\/www.facebook.com\\\/p\\\/Javni-zavod-Snenik-100064559271460\\\/\",\"https:\\\/\\\/www.instagram.com\\\/loskadolina\\\/\"]}]}<\/script>\n<!-- \/ Yoast SEO plugin. -->","yoast_head_json":{"title":"Hike through Lo\u0161ka dolina - Lo\u0161ka dolina","robots":{"index":"index","follow":"follow","max-snippet":"max-snippet:-1","max-image-preview":"max-image-preview:large","max-video-preview":"max-video-preview:-1"},"canonical":"https:\/\/www.loskadolina.info\/en\/experiences\/hike-through-loska-dolina\/","og_locale":"en_US","og_type":"article","og_title":"Hike through Lo\u0161ka dolina - Lo\u0161ka dolina","og_description":"A hike along the Lo\u0161ka dolina Heritage Trail combines hiking with learning about the unique natural and cultural heritage that has been shaped over centuries in the valley amidst the Notranjska forests. The circular route connects the most important sights, constantly opening up new views of the landscape and surprising visitors with the hospitality of [&hellip;]","og_url":"https:\/\/www.loskadolina.info\/en\/experiences\/hike-through-loska-dolina\/","og_site_name":"Lo\u0161ka dolina","article_publisher":"https:\/\/www.facebook.com\/p\/Javni-zavod-Snenik-100064559271460\/","article_modified_time":"2026-04-17T05:56:37+00:00","og_image":[{"width":2560,"height":1705,"url":"https:\/\/www.loskadolina.info\/wp-content\/uploads\/2026\/02\/Pohod-po-Loski-dolini-1-scaled.jpg","type":"image\/jpeg"}],"twitter_card":"summary_large_image","twitter_misc":{"Est. reading time":"3 minutes"},"schema":{"@context":"https:\/\/schema.org","@graph":[{"@type":"WebPage","@id":"https:\/\/www.loskadolina.info\/en\/experiences\/hike-through-loska-dolina\/","url":"https:\/\/www.loskadolina.info\/en\/experiences\/hike-through-loska-dolina\/","name":"Hike through Lo\u0161ka dolina - Lo\u0161ka dolina","isPartOf":{"@id":"https:\/\/www.loskadolina.info\/en\/#website"},"primaryImageOfPage":{"@id":"https:\/\/www.loskadolina.info\/en\/experiences\/hike-through-loska-dolina\/#primaryimage"},"image":{"@id":"https:\/\/www.loskadolina.info\/en\/experiences\/hike-through-loska-dolina\/#primaryimage"},"thumbnailUrl":"https:\/\/www.loskadolina.info\/wp-content\/uploads\/2026\/02\/Pohod-po-Loski-dolini-1-scaled.jpg","datePublished":"2025-11-13T11:52:38+00:00","dateModified":"2026-04-17T05:56:37+00:00","breadcrumb":{"@id":"https:\/\/www.loskadolina.info\/en\/experiences\/hike-through-loska-dolina\/#breadcrumb"},"inLanguage":"en-US","potentialAction":[{"@type":"ReadAction","target":["https:\/\/www.loskadolina.info\/en\/experiences\/hike-through-loska-dolina\/"]}]},{"@type":"ImageObject","inLanguage":"en-US","@id":"https:\/\/www.loskadolina.info\/en\/experiences\/hike-through-loska-dolina\/#primaryimage","url":"https:\/\/www.loskadolina.info\/wp-content\/uploads\/2026\/02\/Pohod-po-Loski-dolini-1-scaled.jpg","contentUrl":"https:\/\/www.loskadolina.info\/wp-content\/uploads\/2026\/02\/Pohod-po-Loski-dolini-1-scaled.jpg","width":2560,"height":1705,"caption":"Hike through Lo\u0161ka dolina"},{"@type":"BreadcrumbList","@id":"https:\/\/www.loskadolina.info\/en\/experiences\/hike-through-loska-dolina\/#breadcrumb","itemListElement":[{"@type":"ListItem","position":1,"name":"Domov","item":"https:\/\/www.loskadolina.info\/en\/"},{"@type":"ListItem","position":2,"name":"Experiences","item":"https:\/\/www.loskadolina.info\/en\/experiences\/"},{"@type":"ListItem","position":3,"name":"Hike through Lo\u0161ka dolina"}]},{"@type":"WebSite","@id":"https:\/\/www.loskadolina.info\/en\/#website","url":"https:\/\/www.loskadolina.info\/en\/","name":"Lo\u0161ka dolina","description":"","publisher":{"@id":"https:\/\/www.loskadolina.info\/en\/#organization"},"alternateName":"Javni zavod za kulturo, turizem in medgeneracijsko sodelovanje Sne\u017enik","potentialAction":[{"@type":"SearchAction","target":{"@type":"EntryPoint","urlTemplate":"https:\/\/www.loskadolina.info\/en\/?s={search_term_string}"},"query-input":{"@type":"PropertyValueSpecification","valueRequired":true,"valueName":"search_term_string"}}],"inLanguage":"en-US"},{"@type":"Organization","@id":"https:\/\/www.loskadolina.info\/en\/#organization","name":"Javni zavod Sne\u017enik","alternateName":"Javni zavod za kulturo, turizem in medgeneracijsko sodelovanje Sne\u017enik","url":"https:\/\/www.loskadolina.info\/en\/","logo":{"@type":"ImageObject","inLanguage":"en-US","@id":"https:\/\/www.loskadolina.info\/en\/#\/schema\/logo\/image\/","url":"https:\/\/www.loskadolina.info\/wp-content\/uploads\/2025\/05\/logo.svg","contentUrl":"https:\/\/www.loskadolina.info\/wp-content\/uploads\/2025\/05\/logo.svg","width":371,"height":115,"caption":"Javni zavod Sne\u017enik"},"image":{"@id":"https:\/\/www.loskadolina.info\/en\/#\/schema\/logo\/image\/"},"sameAs":["https:\/\/www.facebook.com\/p\/Javni-zavod-Snenik-100064559271460\/","https:\/\/www.instagram.com\/loskadolina\/"]}]}},"_links":{"self":[{"href":"https:\/\/www.loskadolina.info\/en\/wp-json\/wp\/v2\/pages\/21076","targetHints":{"allow":["GET"]}}],"collection":[{"href":"https:\/\/www.loskadolina.info\/en\/wp-json\/wp\/v2\/pages"}],"about":[{"href":"https:\/\/www.loskadolina.info\/en\/wp-json\/wp\/v2\/types\/page"}],"author":[{"embeddable":true,"href":"https:\/\/www.loskadolina.info\/en\/wp-json\/wp\/v2\/users\/1"}],"replies":[{"embeddable":true,"href":"https:\/\/www.loskadolina.info\/en\/wp-json\/wp\/v2\/comments?post=21076"}],"version-history":[{"count":2,"href":"https:\/\/www.loskadolina.info\/en\/wp-json\/wp\/v2\/pages\/21076\/revisions"}],"predecessor-version":[{"id":21746,"href":"https:\/\/www.loskadolina.info\/en\/wp-json\/wp\/v2\/pages\/21076\/revisions\/21746"}],"up":[{"embeddable":true,"href":"https:\/\/www.loskadolina.info\/en\/wp-json\/wp\/v2\/pages\/21421"}],"wp:featuredmedia":[{"embeddable":true,"href":"https:\/\/www.loskadolina.info\/en\/wp-json\/wp\/v2\/media\/21077"}],"wp:attachment":[{"href":"https:\/\/www.loskadolina.info\/en\/wp-json\/wp\/v2\/media?parent=21076"}],"curies":[{"name":"wp","href":"https:\/\/api.w.org\/{rel}","templated":true}]}}